{"id":3160,"date":"2025-06-26T14:22:24","date_gmt":"2025-06-26T14:22:24","guid":{"rendered":"https:\/\/www.strzelnica-magnum.pl\/?post_type=product&#038;p=3160"},"modified":"2025-06-26T14:25:08","modified_gmt":"2025-06-26T14:25:08","slug":"cz-scorpion-evo-3-s1-carbine","status":"publish","type":"product","link":"https:\/\/www.strzelnica-magnum.pl\/en\/uzbrojenie\/bron-dluga\/cz-scorpion-evo-3-s1-carbine\/","title":{"rendered":"CZ Scorpion EVO 3 S1 Carbine"},"content":{"rendered":"<p><strong>CZ Scorpion EVO 3 S1 Carbine<\/strong> <\/p>\n<p>Wysoce celny i niezawodny karabinek samopowtarzalny kalibru 9&#215;19 z 16-calow\u0105 luf\u0105, na kt\u00f3rej zamontowano atrakcyjny wizualnie, pozorny t\u0142umik d\u017awi\u0119ku. Jego d\u0142ugie cz\u00f3\u0142enko (\u0142o\u017ce), wzmocnione w\u0142\u00f3knem szklanym, jest wyposa\u017cone w nowoczesny system monta\u017cowy M-LOK, co zapewnia komfortow\u0105 obs\u0142ug\u0119.<\/p>\n<p>Cena <strong>5 250 z\u0142<\/strong><\/p>\n<p><em>Bro\u0144 palna, amunicja i istotne elementy broni nie s\u0105 sprzedawane on-line. Mo\u017cna je naby\u0107 osobi\u015bcie w naszym sklepie. Warunkiem nabycia broni jest przed\u0142o\u017cenie aktualnego za\u015bwiadczenia (promesy) uprawniaj\u0105cej do zakupu broni oraz dowodu osobistego. Niniejsz\u0105 ofert\u0119 zamieszczamy w celu pogl\u0105dowym. Przed zakupem broni prosimy o kontakt telefoniczny.<\/em><\/p>\n","protected":false},"excerpt":{"rendered":"<p>CZ Scorpion EVO 3 S1 Carbine Wysoce celny i niezawodny karabinek samopowtarzalny kalibru 9&#215;19 z 16-calow\u0105 luf\u0105, na kt\u00f3rej zamontowano atrakcyjny wizualnie, pozorny t\u0142umik d\u017awi\u0119ku. Jego<span class=\"excerpt-hellip\"> [\u2026]<\/span><\/p>\n","protected":false},"featured_media":3161,"comment_status":"closed","ping_status":"closed","template":"","meta":[],"product_cat":[43,50],"product_tag":[],"class_list":{"0":"post-3160","1":"product","2":"type-product","3":"status-publish","4":"has-post-thumbnail","6":"product_cat-bron-dluga","7":"product_cat-cz-2","9":"first","10":"instock","11":"shipping-taxable","12":"product-type-simple"},"_links":{"self":[{"href":"https:\/\/www.strzelnica-magnum.pl\/en\/wp-json\/wp\/v2\/product\/3160","targetHints":{"allow":["GET"]}}],"collection":[{"href":"https:\/\/www.strzelnica-magnum.pl\/en\/wp-json\/wp\/v2\/product"}],"about":[{"href":"https:\/\/www.strzelnica-magnum.pl\/en\/wp-json\/wp\/v2\/types\/product"}],"replies":[{"embeddable":true,"href":"https:\/\/www.strzelnica-magnum.pl\/en\/wp-json\/wp\/v2\/comments?post=3160"}],"wp:featuredmedia":[{"embeddable":true,"href":"https:\/\/www.strzelnica-magnum.pl\/en\/wp-json\/wp\/v2\/media\/3161"}],"wp:attachment":[{"href":"https:\/\/www.strzelnica-magnum.pl\/en\/wp-json\/wp\/v2\/media?parent=3160"}],"wp:term":[{"taxonomy":"product_cat","embeddable":true,"href":"https:\/\/www.strzelnica-magnum.pl\/en\/wp-json\/wp\/v2\/product_cat?post=3160"},{"taxonomy":"product_tag","embeddable":true,"href":"https:\/\/www.strzelnica-magnum.pl\/en\/wp-json\/wp\/v2\/product_tag?post=3160"}],"curies":[{"name":"wp","href":"https:\/\/api.w.org\/{rel}","templated":true}]}}