{"id":3157,"date":"2025-06-26T14:19:39","date_gmt":"2025-06-26T14:19:39","guid":{"rendered":"https:\/\/www.strzelnica-magnum.pl\/?post_type=product&#038;p=3157"},"modified":"2025-06-26T14:19:39","modified_gmt":"2025-06-26T14:19:39","slug":"cz-scorpion-evo-3-s1-carbine-comp","status":"publish","type":"product","link":"https:\/\/www.strzelnica-magnum.pl\/en\/uzbrojenie\/bron-dluga\/cz-scorpion-evo-3-s1-carbine-comp\/","title":{"rendered":"CZ Scorpion EVO 3 S1 Carbine Comp"},"content":{"rendered":"<p><strong>CZ Scorpion EVO 3 S1 Carbine Comp<\/strong> <\/p>\n<p>Zwi\u0119kszony komfort strzelania w tym modelu wynika z zastosowania skutecznego, dwukomorowego hamulca wylotowego zamontowanego na 16-calowej lufie oraz d\u0142ugiego cz\u00f3\u0142enka (\u0142o\u017ca) wyposa\u017conego w system monta\u017cowy M-LOK. Jest to najwy\u017cszej klasy bro\u0144 do nowoczesnego strzelectwa sportowego i hobbystycznego.<\/p>\n<p>Cena <strong>5 000 z\u0142<\/strong><\/p>\n<p><em>Bro\u0144 palna, amunicja i istotne elementy broni nie s\u0105 sprzedawane on-line. Mo\u017cna je naby\u0107 osobi\u015bcie w naszym sklepie. Warunkiem nabycia broni jest przed\u0142o\u017cenie aktualnego za\u015bwiadczenia (promesy) uprawniaj\u0105cej do zakupu broni oraz dowodu osobistego. Niniejsz\u0105 ofert\u0119 zamieszczamy w celu pogl\u0105dowym. Przed zakupem broni prosimy o kontakt telefoniczny.<\/em><\/p>\n","protected":false},"excerpt":{"rendered":"<p>CZ Scorpion EVO 3 S1 Carbine Comp Zwi\u0119kszony komfort strzelania w tym modelu wynika z zastosowania skutecznego, dwukomorowego hamulca wylotowego zamontowanego na 16-calowej lufie oraz d\u0142ugiego<span class=\"excerpt-hellip\"> [\u2026]<\/span><\/p>\n","protected":false},"featured_media":3158,"comment_status":"closed","ping_status":"closed","template":"","meta":[],"product_cat":[43,50],"product_tag":[],"class_list":{"0":"post-3157","1":"product","2":"type-product","3":"status-publish","4":"has-post-thumbnail","6":"product_cat-bron-dluga","7":"product_cat-cz-2","9":"first","10":"instock","11":"shipping-taxable","12":"product-type-simple"},"_links":{"self":[{"href":"https:\/\/www.strzelnica-magnum.pl\/en\/wp-json\/wp\/v2\/product\/3157","targetHints":{"allow":["GET"]}}],"collection":[{"href":"https:\/\/www.strzelnica-magnum.pl\/en\/wp-json\/wp\/v2\/product"}],"about":[{"href":"https:\/\/www.strzelnica-magnum.pl\/en\/wp-json\/wp\/v2\/types\/product"}],"replies":[{"embeddable":true,"href":"https:\/\/www.strzelnica-magnum.pl\/en\/wp-json\/wp\/v2\/comments?post=3157"}],"wp:featuredmedia":[{"embeddable":true,"href":"https:\/\/www.strzelnica-magnum.pl\/en\/wp-json\/wp\/v2\/media\/3158"}],"wp:attachment":[{"href":"https:\/\/www.strzelnica-magnum.pl\/en\/wp-json\/wp\/v2\/media?parent=3157"}],"wp:term":[{"taxonomy":"product_cat","embeddable":true,"href":"https:\/\/www.strzelnica-magnum.pl\/en\/wp-json\/wp\/v2\/product_cat?post=3157"},{"taxonomy":"product_tag","embeddable":true,"href":"https:\/\/www.strzelnica-magnum.pl\/en\/wp-json\/wp\/v2\/product_tag?post=3157"}],"curies":[{"name":"wp","href":"https:\/\/api.w.org\/{rel}","templated":true}]}}