{"id":3154,"date":"2025-06-26T14:16:18","date_gmt":"2025-06-26T14:16:18","guid":{"rendered":"https:\/\/www.strzelnica-magnum.pl\/?post_type=product&#038;p=3154"},"modified":"2025-06-26T14:16:18","modified_gmt":"2025-06-26T14:16:18","slug":"cz-scorpion-evo-3-s1","status":"publish","type":"product","link":"https:\/\/www.strzelnica-magnum.pl\/en\/uzbrojenie\/bron-dluga\/cz-scorpion-evo-3-s1\/","title":{"rendered":"CZ Scorpion EVO 3 S1"},"content":{"rendered":"<p><strong>CZ Scorpion EVO 3 S1<\/strong> <\/p>\n<p>Karabinek samopowtarzalny na amunicj\u0119 pistoletow\u0105. Jego prosta konstrukcja, ekstremalna niezawodno\u015b\u0107, niska waga, \u0142atwo\u015b\u0107 obs\u0142ugi i celno\u015b\u0107 sprawiaj\u0105, \u017ce idealnie nadaje si\u0119 do nowoczesnych dyscyplin strzelectwa sportowego oraz strzelania hobbystycznego.<\/p>\n<p>Cena <strong>4 900 z\u0142<\/strong><\/p>\n<p><em>Bro\u0144 palna, amunicja i istotne elementy broni nie s\u0105 sprzedawane on-line. Mo\u017cna je naby\u0107 osobi\u015bcie w naszym sklepie. Warunkiem nabycia broni jest przed\u0142o\u017cenie aktualnego za\u015bwiadczenia (promesy) uprawniaj\u0105cej do zakupu broni oraz dowodu osobistego. Niniejsz\u0105 ofert\u0119 zamieszczamy w celu pogl\u0105dowym. Przed zakupem broni prosimy o kontakt telefoniczny.<\/em><\/p>\n","protected":false},"excerpt":{"rendered":"<p>CZ Scorpion EVO 3 S1 Karabinek samopowtarzalny na amunicj\u0119 pistoletow\u0105. Jego prosta konstrukcja, ekstremalna niezawodno\u015b\u0107, niska waga, \u0142atwo\u015b\u0107 obs\u0142ugi i celno\u015b\u0107 sprawiaj\u0105, \u017ce idealnie nadaje si\u0119<span class=\"excerpt-hellip\"> [\u2026]<\/span><\/p>\n","protected":false},"featured_media":3155,"comment_status":"closed","ping_status":"closed","template":"","meta":[],"product_cat":[43,50],"product_tag":[],"class_list":{"0":"post-3154","1":"product","2":"type-product","3":"status-publish","4":"has-post-thumbnail","6":"product_cat-bron-dluga","7":"product_cat-cz-2","9":"first","10":"instock","11":"shipping-taxable","12":"product-type-simple"},"_links":{"self":[{"href":"https:\/\/www.strzelnica-magnum.pl\/en\/wp-json\/wp\/v2\/product\/3154","targetHints":{"allow":["GET"]}}],"collection":[{"href":"https:\/\/www.strzelnica-magnum.pl\/en\/wp-json\/wp\/v2\/product"}],"about":[{"href":"https:\/\/www.strzelnica-magnum.pl\/en\/wp-json\/wp\/v2\/types\/product"}],"replies":[{"embeddable":true,"href":"https:\/\/www.strzelnica-magnum.pl\/en\/wp-json\/wp\/v2\/comments?post=3154"}],"wp:featuredmedia":[{"embeddable":true,"href":"https:\/\/www.strzelnica-magnum.pl\/en\/wp-json\/wp\/v2\/media\/3155"}],"wp:attachment":[{"href":"https:\/\/www.strzelnica-magnum.pl\/en\/wp-json\/wp\/v2\/media?parent=3154"}],"wp:term":[{"taxonomy":"product_cat","embeddable":true,"href":"https:\/\/www.strzelnica-magnum.pl\/en\/wp-json\/wp\/v2\/product_cat?post=3154"},{"taxonomy":"product_tag","embeddable":true,"href":"https:\/\/www.strzelnica-magnum.pl\/en\/wp-json\/wp\/v2\/product_tag?post=3154"}],"curies":[{"name":"wp","href":"https:\/\/api.w.org\/{rel}","templated":true}]}}