{"id":3151,"date":"2025-06-26T14:09:50","date_gmt":"2025-06-26T14:09:50","guid":{"rendered":"https:\/\/www.strzelnica-magnum.pl\/?post_type=product&#038;p=3151"},"modified":"2025-06-26T14:09:50","modified_gmt":"2025-06-26T14:09:50","slug":"cz-612-field","status":"publish","type":"product","link":"https:\/\/www.strzelnica-magnum.pl\/en\/uzbrojenie\/bron-dluga\/cz-612-field\/","title":{"rendered":"CZ 612 Field"},"content":{"rendered":"<p><strong>CZ 612 Field<\/strong> <\/p>\n<p>Niezawodna i przyst\u0119pna cenowo strzelba typu &#8220;pump action&#8221; (pompka) w kalibrze 12, przeznaczona do sportu i polowa\u0144. Prosty i wytrzyma\u0142y system prze\u0142adowania ma bardzo niskie wymagania konserwacyjne, a podw\u00f3jne szyny (prowadnice) mechanizmu zapewniaj\u0105 p\u0142ynne i niezawodne dzia\u0142anie. Osada wykonana jest z orzecha tureckiego, a trzy wymienne czoki znajduj\u0105 si\u0119 w standardowym wyposa\u017ceniu.<\/p>\n<p>Cena <strong>2 000 z\u0142<\/strong><\/p>\n<p><em>Bro\u0144 palna, amunicja i istotne elementy broni nie s\u0105 sprzedawane on-line. Mo\u017cna je naby\u0107 osobi\u015bcie w naszym sklepie. Warunkiem nabycia broni jest przed\u0142o\u017cenie aktualnego za\u015bwiadczenia (promesy) uprawniaj\u0105cej do zakupu broni oraz dowodu osobistego. Niniejsz\u0105 ofert\u0119 zamieszczamy w celu pogl\u0105dowym. Przed zakupem broni prosimy o kontakt telefoniczny.<\/em><\/p>\n","protected":false},"excerpt":{"rendered":"<p>CZ 612 Field Niezawodna i przyst\u0119pna cenowo strzelba typu &#8220;pump action&#8221; (pompka) w kalibrze 12, przeznaczona do sportu i polowa\u0144. Prosty i wytrzyma\u0142y system prze\u0142adowania ma<span class=\"excerpt-hellip\"> [\u2026]<\/span><\/p>\n","protected":false},"featured_media":3152,"comment_status":"closed","ping_status":"closed","template":"","meta":[],"product_cat":[43,50],"product_tag":[],"class_list":{"0":"post-3151","1":"product","2":"type-product","3":"status-publish","4":"has-post-thumbnail","6":"product_cat-bron-dluga","7":"product_cat-cz-2","9":"first","10":"instock","11":"shipping-taxable","12":"product-type-simple"},"_links":{"self":[{"href":"https:\/\/www.strzelnica-magnum.pl\/en\/wp-json\/wp\/v2\/product\/3151","targetHints":{"allow":["GET"]}}],"collection":[{"href":"https:\/\/www.strzelnica-magnum.pl\/en\/wp-json\/wp\/v2\/product"}],"about":[{"href":"https:\/\/www.strzelnica-magnum.pl\/en\/wp-json\/wp\/v2\/types\/product"}],"replies":[{"embeddable":true,"href":"https:\/\/www.strzelnica-magnum.pl\/en\/wp-json\/wp\/v2\/comments?post=3151"}],"wp:featuredmedia":[{"embeddable":true,"href":"https:\/\/www.strzelnica-magnum.pl\/en\/wp-json\/wp\/v2\/media\/3152"}],"wp:attachment":[{"href":"https:\/\/www.strzelnica-magnum.pl\/en\/wp-json\/wp\/v2\/media?parent=3151"}],"wp:term":[{"taxonomy":"product_cat","embeddable":true,"href":"https:\/\/www.strzelnica-magnum.pl\/en\/wp-json\/wp\/v2\/product_cat?post=3151"},{"taxonomy":"product_tag","embeddable":true,"href":"https:\/\/www.strzelnica-magnum.pl\/en\/wp-json\/wp\/v2\/product_tag?post=3151"}],"curies":[{"name":"wp","href":"https:\/\/api.w.org\/{rel}","templated":true}]}}