{"id":3148,"date":"2025-06-26T14:07:49","date_gmt":"2025-06-26T14:07:49","guid":{"rendered":"https:\/\/www.strzelnica-magnum.pl\/?post_type=product&#038;p=3148"},"modified":"2025-06-26T14:07:50","modified_gmt":"2025-06-26T14:07:50","slug":"cz-612-home-defense","status":"publish","type":"product","link":"https:\/\/www.strzelnica-magnum.pl\/en\/uzbrojenie\/bron-dluga\/cz-612-home-defense\/","title":{"rendered":"CZ 612 Home Defense"},"content":{"rendered":"<p><strong>CZ 612 Home Defense<\/strong> <\/p>\n<p>Prosta strzelba typu &#8220;pump action&#8221; (pompka) w kalibrze 12, z wytrzyma\u0142\u0105 polimerow\u0105 osad\u0105 i skr\u00f3con\u0105 do 47 cm luf\u0105 ze sta\u0142ym czokiem typu cylinder. Rezultatem jest kompaktowa, niezawodna i pot\u0119\u017cna bro\u0144 palna, szczeg\u00f3lnie odpowiednia do obrony domu, b\u0119d\u0105ca jednocze\u015bnie \u015bwietnym wyborem do rywalizacji w dyscyplinach IPSC.<\/p>\n<p>Cena <strong>1 700 z\u0142<\/strong><\/p>\n<p><em>Bro\u0144 palna, amunicja i istotne elementy broni nie s\u0105 sprzedawane on-line. Mo\u017cna je naby\u0107 osobi\u015bcie w naszym sklepie. Warunkiem nabycia broni jest przed\u0142o\u017cenie aktualnego za\u015bwiadczenia (promesy) uprawniaj\u0105cej do zakupu broni oraz dowodu osobistego. Niniejsz\u0105 ofert\u0119 zamieszczamy w celu pogl\u0105dowym. Przed zakupem broni prosimy o kontakt telefoniczny.<\/em><\/p>\n","protected":false},"excerpt":{"rendered":"<p>CZ 612 Home Defense Prosta strzelba typu &#8220;pump action&#8221; (pompka) w kalibrze 12, z wytrzyma\u0142\u0105 polimerow\u0105 osad\u0105 i skr\u00f3con\u0105 do 47 cm luf\u0105 ze sta\u0142ym czokiem<span class=\"excerpt-hellip\"> [\u2026]<\/span><\/p>\n","protected":false},"featured_media":3149,"comment_status":"closed","ping_status":"closed","template":"","meta":[],"product_cat":[43,50],"product_tag":[],"class_list":{"0":"post-3148","1":"product","2":"type-product","3":"status-publish","4":"has-post-thumbnail","6":"product_cat-bron-dluga","7":"product_cat-cz-2","9":"first","10":"instock","11":"shipping-taxable","12":"product-type-simple"},"_links":{"self":[{"href":"https:\/\/www.strzelnica-magnum.pl\/en\/wp-json\/wp\/v2\/product\/3148","targetHints":{"allow":["GET"]}}],"collection":[{"href":"https:\/\/www.strzelnica-magnum.pl\/en\/wp-json\/wp\/v2\/product"}],"about":[{"href":"https:\/\/www.strzelnica-magnum.pl\/en\/wp-json\/wp\/v2\/types\/product"}],"replies":[{"embeddable":true,"href":"https:\/\/www.strzelnica-magnum.pl\/en\/wp-json\/wp\/v2\/comments?post=3148"}],"wp:featuredmedia":[{"embeddable":true,"href":"https:\/\/www.strzelnica-magnum.pl\/en\/wp-json\/wp\/v2\/media\/3149"}],"wp:attachment":[{"href":"https:\/\/www.strzelnica-magnum.pl\/en\/wp-json\/wp\/v2\/media?parent=3148"}],"wp:term":[{"taxonomy":"product_cat","embeddable":true,"href":"https:\/\/www.strzelnica-magnum.pl\/en\/wp-json\/wp\/v2\/product_cat?post=3148"},{"taxonomy":"product_tag","embeddable":true,"href":"https:\/\/www.strzelnica-magnum.pl\/en\/wp-json\/wp\/v2\/product_tag?post=3148"}],"curies":[{"name":"wp","href":"https:\/\/api.w.org\/{rel}","templated":true}]}}