{"id":3145,"date":"2025-06-26T14:05:55","date_gmt":"2025-06-26T14:05:55","guid":{"rendered":"https:\/\/www.strzelnica-magnum.pl\/?post_type=product&#038;p=3145"},"modified":"2025-06-26T14:05:55","modified_gmt":"2025-06-26T14:05:55","slug":"cz-1012","status":"publish","type":"product","link":"https:\/\/www.strzelnica-magnum.pl\/en\/uzbrojenie\/bron-dluga\/cz-1012\/","title":{"rendered":"CZ 1012"},"content":{"rendered":"<p><strong>CZ 1012<\/strong> <\/p>\n<p>P\u00f3\u0142automatyczna strzelba g\u0142adkolufowa w kalibrze 12 z bezgazowym, inercyjnym systemem prze\u0142adowania dla maksymalnej niezawodno\u015bci. Jej przyjazno\u015b\u0107 dla u\u017cytkownika zosta\u0142a potwierdzona testem 5000 strza\u0142\u00f3w bez kropli oleju ani \u017cadnego czyszczenia, podczas kt\u00f3rego nie dosz\u0142o do uszkodzenia cz\u0119\u015bci ani \u017cadnych zaci\u0119\u0107. Model ten wyposa\u017cony jest w osad\u0119 i cz\u00f3\u0142enko (\u0142o\u017ce) wykonane z orzecha tureckiego.<\/p>\n<p>Cena <strong>2 760 z\u0142<\/strong><\/p>\n<p><em>Bro\u0144 palna, amunicja i istotne elementy broni nie s\u0105 sprzedawane on-line. Mo\u017cna je naby\u0107 osobi\u015bcie w naszym sklepie. Warunkiem nabycia broni jest przed\u0142o\u017cenie aktualnego za\u015bwiadczenia (promesy) uprawniaj\u0105cej do zakupu broni oraz dowodu osobistego. Niniejsz\u0105 ofert\u0119 zamieszczamy w celu pogl\u0105dowym. Przed zakupem broni prosimy o kontakt telefoniczny.<\/em><\/p>\n","protected":false},"excerpt":{"rendered":"<p>CZ 1012 P\u00f3\u0142automatyczna strzelba g\u0142adkolufowa w kalibrze 12 z bezgazowym, inercyjnym systemem prze\u0142adowania dla maksymalnej niezawodno\u015bci. Jej przyjazno\u015b\u0107 dla u\u017cytkownika zosta\u0142a potwierdzona testem 5000 strza\u0142\u00f3w bez<span class=\"excerpt-hellip\"> [\u2026]<\/span><\/p>\n","protected":false},"featured_media":3146,"comment_status":"closed","ping_status":"closed","template":"","meta":[],"product_cat":[43,50],"product_tag":[],"class_list":{"0":"post-3145","1":"product","2":"type-product","3":"status-publish","4":"has-post-thumbnail","6":"product_cat-bron-dluga","7":"product_cat-cz-2","9":"first","10":"instock","11":"shipping-taxable","12":"product-type-simple"},"_links":{"self":[{"href":"https:\/\/www.strzelnica-magnum.pl\/en\/wp-json\/wp\/v2\/product\/3145","targetHints":{"allow":["GET"]}}],"collection":[{"href":"https:\/\/www.strzelnica-magnum.pl\/en\/wp-json\/wp\/v2\/product"}],"about":[{"href":"https:\/\/www.strzelnica-magnum.pl\/en\/wp-json\/wp\/v2\/types\/product"}],"replies":[{"embeddable":true,"href":"https:\/\/www.strzelnica-magnum.pl\/en\/wp-json\/wp\/v2\/comments?post=3145"}],"wp:featuredmedia":[{"embeddable":true,"href":"https:\/\/www.strzelnica-magnum.pl\/en\/wp-json\/wp\/v2\/media\/3146"}],"wp:attachment":[{"href":"https:\/\/www.strzelnica-magnum.pl\/en\/wp-json\/wp\/v2\/media?parent=3145"}],"wp:term":[{"taxonomy":"product_cat","embeddable":true,"href":"https:\/\/www.strzelnica-magnum.pl\/en\/wp-json\/wp\/v2\/product_cat?post=3145"},{"taxonomy":"product_tag","embeddable":true,"href":"https:\/\/www.strzelnica-magnum.pl\/en\/wp-json\/wp\/v2\/product_tag?post=3145"}],"curies":[{"name":"wp","href":"https:\/\/api.w.org\/{rel}","templated":true}]}}