{"id":3142,"date":"2025-06-26T14:04:13","date_gmt":"2025-06-26T14:04:13","guid":{"rendered":"https:\/\/www.strzelnica-magnum.pl\/?post_type=product&#038;p=3142"},"modified":"2025-06-26T14:04:13","modified_gmt":"2025-06-26T14:04:13","slug":"cz-1012-synthetic","status":"publish","type":"product","link":"https:\/\/www.strzelnica-magnum.pl\/en\/uzbrojenie\/bron-dluga\/cz-1012-synthetic\/","title":{"rendered":"CZ 1012 Synthetic"},"content":{"rendered":"<p><strong>CZ 1012 Synthetic<\/strong> <\/p>\n<p>P\u00f3\u0142automatyczna strzelba g\u0142adkolufowa w kalibrze 12 z bezgazowym, inercyjnym systemem prze\u0142adowania, kt\u00f3ry zapewnia maksymaln\u0105 niezawodno\u015b\u0107 przy r\u00f3\u017cnych rodzajach amunicji \u2013 od lekkiej amunicji sportowej po mocne naboje magnum 3\u2033 \u2013 i pozwala na rzadsz\u0105 konserwacj\u0119. Wytrzyma\u0142a polimerowa osada czyni j\u0105 idealn\u0105 broni\u0105 do u\u017cytku w ekstremalnie niesprzyjaj\u0105cych warunkach. Dla tego modelu dost\u0119pna jest r\u00f3wnie\u017c szeroka gama czok\u00f3w.<\/p>\n<p>Cena <strong>2 760 z\u0142<\/strong><\/p>\n<p><em>Bro\u0144 palna, amunicja i istotne elementy broni nie s\u0105 sprzedawane on-line. Mo\u017cna je naby\u0107 osobi\u015bcie w naszym sklepie. Warunkiem nabycia broni jest przed\u0142o\u017cenie aktualnego za\u015bwiadczenia (promesy) uprawniaj\u0105cej do zakupu broni oraz dowodu osobistego. Niniejsz\u0105 ofert\u0119 zamieszczamy w celu pogl\u0105dowym. Przed zakupem broni prosimy o kontakt telefoniczny.<\/em><\/p>\n","protected":false},"excerpt":{"rendered":"<p>CZ 1012 Synthetic P\u00f3\u0142automatyczna strzelba g\u0142adkolufowa w kalibrze 12 z bezgazowym, inercyjnym systemem prze\u0142adowania, kt\u00f3ry zapewnia maksymaln\u0105 niezawodno\u015b\u0107 przy r\u00f3\u017cnych rodzajach amunicji \u2013 od lekkiej amunicji<span class=\"excerpt-hellip\"> [\u2026]<\/span><\/p>\n","protected":false},"featured_media":3143,"comment_status":"closed","ping_status":"closed","template":"","meta":[],"product_cat":[43,50],"product_tag":[],"class_list":{"0":"post-3142","1":"product","2":"type-product","3":"status-publish","4":"has-post-thumbnail","6":"product_cat-bron-dluga","7":"product_cat-cz-2","9":"first","10":"instock","11":"shipping-taxable","12":"product-type-simple"},"_links":{"self":[{"href":"https:\/\/www.strzelnica-magnum.pl\/en\/wp-json\/wp\/v2\/product\/3142","targetHints":{"allow":["GET"]}}],"collection":[{"href":"https:\/\/www.strzelnica-magnum.pl\/en\/wp-json\/wp\/v2\/product"}],"about":[{"href":"https:\/\/www.strzelnica-magnum.pl\/en\/wp-json\/wp\/v2\/types\/product"}],"replies":[{"embeddable":true,"href":"https:\/\/www.strzelnica-magnum.pl\/en\/wp-json\/wp\/v2\/comments?post=3142"}],"wp:featuredmedia":[{"embeddable":true,"href":"https:\/\/www.strzelnica-magnum.pl\/en\/wp-json\/wp\/v2\/media\/3143"}],"wp:attachment":[{"href":"https:\/\/www.strzelnica-magnum.pl\/en\/wp-json\/wp\/v2\/media?parent=3142"}],"wp:term":[{"taxonomy":"product_cat","embeddable":true,"href":"https:\/\/www.strzelnica-magnum.pl\/en\/wp-json\/wp\/v2\/product_cat?post=3142"},{"taxonomy":"product_tag","embeddable":true,"href":"https:\/\/www.strzelnica-magnum.pl\/en\/wp-json\/wp\/v2\/product_tag?post=3142"}],"curies":[{"name":"wp","href":"https:\/\/api.w.org\/{rel}","templated":true}]}}