{"id":3139,"date":"2025-06-26T14:01:59","date_gmt":"2025-06-26T14:01:59","guid":{"rendered":"https:\/\/www.strzelnica-magnum.pl\/?post_type=product&#038;p=3139"},"modified":"2025-06-26T14:01:59","modified_gmt":"2025-06-26T14:01:59","slug":"cz-redhead-premier-target","status":"publish","type":"product","link":"https:\/\/www.strzelnica-magnum.pl\/en\/uzbrojenie\/bron-dluga\/cz-redhead-premier-target\/","title":{"rendered":"CZ Redhead Premier Target"},"content":{"rendered":"<p><strong>CZ Redhead Premier Target<\/strong> <\/p>\n<p>Jest wyposa\u017cona w specjaln\u0105 osad\u0119 typu Monte Carlo, kt\u00f3ra utrzymuje bro\u0144 stabilnie w do\u0142ku strzeleckim, jednocze\u015bnie pozwalaj\u0105c na trzymanie g\u0142owy prosto i obserwowanie lec\u0105cych rzutk\u00f3w. Dodajmy do tego wyra\u017ane p\u0119cznienie chwytu dla prawej d\u0142oni (tzw. &#8220;palm swell&#8221;), dwie 30-calowe lufy i podwy\u017cszon\u0105 szyn\u0119 celownicz\u0105 zaprojektowan\u0105 pod wznosz\u0105ce si\u0119 rzutki trapa, a otrzymasz idealny wyb\u00f3r dla tych, kt\u00f3rzy chc\u0105 prawdziwej, a jednocze\u015bnie przyst\u0119pnej cenowo broni sportowej.<\/p>\n<p>Laserowo wycinane kratkowanie na osadzie z orzecha tureckiego, w po\u0142\u0105czeniu z pe\u0142n\u0105 szyn\u0105 \u015brodkow\u0105, nadaje jej klasycznego wygl\u0105du. Mechanizm spustowy pozwala na \u0142atwe i wygodne oddanie strza\u0142u z ka\u017cdej lufy, a manualny bezpiecznik na szyjce kolby dba o bezpiecze\u0144stwo Twoje i os\u00f3b w otoczeniu. W standardzie dostarczana jest z zestawem 5 przed\u0142u\u017canych czok\u00f3w.<\/p>\n<p>Cena <strong>6 400 z\u0142<\/strong><\/p>\n<p><em>Bro\u0144 palna, amunicja i istotne elementy broni nie s\u0105 sprzedawane on-line. Mo\u017cna je naby\u0107 osobi\u015bcie w naszym sklepie. Warunkiem nabycia broni jest przed\u0142o\u017cenie aktualnego za\u015bwiadczenia (promesy) uprawniaj\u0105cej do zakupu broni oraz dowodu osobistego. Niniejsz\u0105 ofert\u0119 zamieszczamy w celu pogl\u0105dowym. Przed zakupem broni prosimy o kontakt telefoniczny.<\/em><\/p>\n","protected":false},"excerpt":{"rendered":"<p>CZ Redhead Premier Target Jest wyposa\u017cona w specjaln\u0105 osad\u0119 typu Monte Carlo, kt\u00f3ra utrzymuje bro\u0144 stabilnie w do\u0142ku strzeleckim, jednocze\u015bnie pozwalaj\u0105c na trzymanie g\u0142owy prosto i<span class=\"excerpt-hellip\"> [\u2026]<\/span><\/p>\n","protected":false},"featured_media":3140,"comment_status":"closed","ping_status":"closed","template":"","meta":[],"product_cat":[43,50],"product_tag":[],"class_list":{"0":"post-3139","1":"product","2":"type-product","3":"status-publish","4":"has-post-thumbnail","6":"product_cat-bron-dluga","7":"product_cat-cz-2","9":"first","10":"instock","11":"shipping-taxable","12":"product-type-simple"},"_links":{"self":[{"href":"https:\/\/www.strzelnica-magnum.pl\/en\/wp-json\/wp\/v2\/product\/3139","targetHints":{"allow":["GET"]}}],"collection":[{"href":"https:\/\/www.strzelnica-magnum.pl\/en\/wp-json\/wp\/v2\/product"}],"about":[{"href":"https:\/\/www.strzelnica-magnum.pl\/en\/wp-json\/wp\/v2\/types\/product"}],"replies":[{"embeddable":true,"href":"https:\/\/www.strzelnica-magnum.pl\/en\/wp-json\/wp\/v2\/comments?post=3139"}],"wp:featuredmedia":[{"embeddable":true,"href":"https:\/\/www.strzelnica-magnum.pl\/en\/wp-json\/wp\/v2\/media\/3140"}],"wp:attachment":[{"href":"https:\/\/www.strzelnica-magnum.pl\/en\/wp-json\/wp\/v2\/media?parent=3139"}],"wp:term":[{"taxonomy":"product_cat","embeddable":true,"href":"https:\/\/www.strzelnica-magnum.pl\/en\/wp-json\/wp\/v2\/product_cat?post=3139"},{"taxonomy":"product_tag","embeddable":true,"href":"https:\/\/www.strzelnica-magnum.pl\/en\/wp-json\/wp\/v2\/product_tag?post=3139"}],"curies":[{"name":"wp","href":"https:\/\/api.w.org\/{rel}","templated":true}]}}