{"id":3136,"date":"2025-06-26T13:49:20","date_gmt":"2025-06-26T13:49:20","guid":{"rendered":"https:\/\/www.strzelnica-magnum.pl\/?post_type=product&#038;p=3136"},"modified":"2025-06-26T13:49:20","modified_gmt":"2025-06-26T13:49:20","slug":"cz-bobwhite-g2","status":"publish","type":"product","link":"https:\/\/www.strzelnica-magnum.pl\/en\/uzbrojenie\/bron-dluga\/cz-bobwhite-g2\/","title":{"rendered":"CZ Bobwhite G2"},"content":{"rendered":"<p><strong>CZ Bobwhite G2<\/strong> <\/p>\n<p>Zmodernizowana wersja tradycyjnie stylizowanej strzelby Bobwhite, model CZ BOBWHITE G2, charakteryzuje si\u0119 baskil\u0105 wykonan\u0105 w technologii CNC oraz nowoczesnym mechanizmem wewn\u0119trznym, kt\u00f3ry wysmukla jej profil, jednocze\u015bnie zwi\u0119kszaj\u0105c \u017cywotno\u015b\u0107 i niezawodno\u015b\u0107. Dzi\u0119ki podw\u00f3jnemu spustowi i prostemu chwytowi w stylu angielskim, szybkie decyzje dotycz\u0105ce u\u017cycia czok\u00f3w mo\u017cna podejmowa\u0107 w mgnieniu oka.<\/p>\n<p>Wyko\u0144czona wytrzyma\u0142ym czarnym chromem, strzelba CZ BOBWHITE G2 b\u0119dzie znacznie odporniejsza na rdz\u0119 ni\u017c bro\u0144 oksydowana. Jej 28-calowe lufy s\u0105 gwintowane pod wymienne czoki i jest ona dostarczana z pi\u0119cioma czokami wkr\u0119canymi na r\u00f3wno z luf\u0105 \u2013 od cylindra (Cylinder) do pe\u0142nego (Full).<\/p>\n<p>Cena <strong>3 450 z\u0142<\/strong><\/p>\n<p><em>Bro\u0144 palna, amunicja i istotne elementy broni nie s\u0105 sprzedawane on-line. Mo\u017cna je naby\u0107 osobi\u015bcie w naszym sklepie. Warunkiem nabycia broni jest przed\u0142o\u017cenie aktualnego za\u015bwiadczenia (promesy) uprawniaj\u0105cej do zakupu broni oraz dowodu osobistego. Niniejsz\u0105 ofert\u0119 zamieszczamy w celu pogl\u0105dowym. Przed zakupem broni prosimy o kontakt telefoniczny.<\/em><\/p>\n","protected":false},"excerpt":{"rendered":"<p>CZ Bobwhite G2 Zmodernizowana wersja tradycyjnie stylizowanej strzelby Bobwhite, model CZ BOBWHITE G2, charakteryzuje si\u0119 baskil\u0105 wykonan\u0105 w technologii CNC oraz nowoczesnym mechanizmem wewn\u0119trznym, kt\u00f3ry wysmukla<span class=\"excerpt-hellip\"> [\u2026]<\/span><\/p>\n","protected":false},"featured_media":3137,"comment_status":"closed","ping_status":"closed","template":"","meta":[],"product_cat":[43,50],"product_tag":[],"class_list":{"0":"post-3136","1":"product","2":"type-product","3":"status-publish","4":"has-post-thumbnail","6":"product_cat-bron-dluga","7":"product_cat-cz-2","9":"first","10":"instock","11":"shipping-taxable","12":"product-type-simple"},"_links":{"self":[{"href":"https:\/\/www.strzelnica-magnum.pl\/en\/wp-json\/wp\/v2\/product\/3136","targetHints":{"allow":["GET"]}}],"collection":[{"href":"https:\/\/www.strzelnica-magnum.pl\/en\/wp-json\/wp\/v2\/product"}],"about":[{"href":"https:\/\/www.strzelnica-magnum.pl\/en\/wp-json\/wp\/v2\/types\/product"}],"replies":[{"embeddable":true,"href":"https:\/\/www.strzelnica-magnum.pl\/en\/wp-json\/wp\/v2\/comments?post=3136"}],"wp:featuredmedia":[{"embeddable":true,"href":"https:\/\/www.strzelnica-magnum.pl\/en\/wp-json\/wp\/v2\/media\/3137"}],"wp:attachment":[{"href":"https:\/\/www.strzelnica-magnum.pl\/en\/wp-json\/wp\/v2\/media?parent=3136"}],"wp:term":[{"taxonomy":"product_cat","embeddable":true,"href":"https:\/\/www.strzelnica-magnum.pl\/en\/wp-json\/wp\/v2\/product_cat?post=3136"},{"taxonomy":"product_tag","embeddable":true,"href":"https:\/\/www.strzelnica-magnum.pl\/en\/wp-json\/wp\/v2\/product_tag?post=3136"}],"curies":[{"name":"wp","href":"https:\/\/api.w.org\/{rel}","templated":true}]}}