{"id":3131,"date":"2025-06-26T13:47:41","date_gmt":"2025-06-26T13:47:41","guid":{"rendered":"https:\/\/www.strzelnica-magnum.pl\/?post_type=product&#038;p=3131"},"modified":"2025-06-26T13:47:41","modified_gmt":"2025-06-26T13:47:41","slug":"cz-supreme-field","status":"publish","type":"product","link":"https:\/\/www.strzelnica-magnum.pl\/en\/uzbrojenie\/bron-dluga\/cz-supreme-field\/","title":{"rendered":"CZ Supreme Field"},"content":{"rendered":"<p><strong>CZ Supreme Field<\/strong> <\/p>\n<p>Elegancka strzelba typu bock (nadlufka) stworzona dla strzelc\u00f3w, kt\u00f3rzy od swojej broni wymagaj\u0105 czego\u015b wi\u0119cej ni\u017c tylko celno\u015bci i niezawodno\u015bci. Pi\u0119kna, obrabiana metod\u0105 CNC baskila jest chromowana, polerowana i r\u0119cznie grawerowana. Osada wykonana jest ze starannie wyselekcjonowanego orzecha tureckiego (klasa III) i posiada pi\u0119kny rysunek s\u0142oj\u00f3w. Dodatkowe cechy to e\u017cektory oraz pojedynczy mechanizm spustowy, kt\u00f3ry pozwala na wyb\u00f3r kolejno\u015bci strza\u0142u z luf.<\/p>\n<p>Cena <strong>7 500 z\u0142<\/strong><\/p>\n<p><em>Bro\u0144 palna, amunicja i istotne elementy broni nie s\u0105 sprzedawane on-line. Mo\u017cna je naby\u0107 osobi\u015bcie w naszym sklepie. Warunkiem nabycia broni jest przed\u0142o\u017cenie aktualnego za\u015bwiadczenia (promesy) uprawniaj\u0105cej do zakupu broni oraz dowodu osobistego. Niniejsz\u0105 ofert\u0119 zamieszczamy w celu pogl\u0105dowym. Przed zakupem broni prosimy o kontakt telefoniczny.<\/em><\/p>\n","protected":false},"excerpt":{"rendered":"<p>CZ Supreme Field Elegancka strzelba typu bock (nadlufka) stworzona dla strzelc\u00f3w, kt\u00f3rzy od swojej broni wymagaj\u0105 czego\u015b wi\u0119cej ni\u017c tylko celno\u015bci i niezawodno\u015bci. Pi\u0119kna, obrabiana metod\u0105<span class=\"excerpt-hellip\"> [\u2026]<\/span><\/p>\n","protected":false},"featured_media":3134,"comment_status":"closed","ping_status":"closed","template":"","meta":[],"product_cat":[43,50],"product_tag":[],"class_list":{"0":"post-3131","1":"product","2":"type-product","3":"status-publish","4":"has-post-thumbnail","6":"product_cat-bron-dluga","7":"product_cat-cz-2","9":"first","10":"instock","11":"shipping-taxable","12":"product-type-simple"},"_links":{"self":[{"href":"https:\/\/www.strzelnica-magnum.pl\/en\/wp-json\/wp\/v2\/product\/3131","targetHints":{"allow":["GET"]}}],"collection":[{"href":"https:\/\/www.strzelnica-magnum.pl\/en\/wp-json\/wp\/v2\/product"}],"about":[{"href":"https:\/\/www.strzelnica-magnum.pl\/en\/wp-json\/wp\/v2\/types\/product"}],"replies":[{"embeddable":true,"href":"https:\/\/www.strzelnica-magnum.pl\/en\/wp-json\/wp\/v2\/comments?post=3131"}],"wp:featuredmedia":[{"embeddable":true,"href":"https:\/\/www.strzelnica-magnum.pl\/en\/wp-json\/wp\/v2\/media\/3134"}],"wp:attachment":[{"href":"https:\/\/www.strzelnica-magnum.pl\/en\/wp-json\/wp\/v2\/media?parent=3131"}],"wp:term":[{"taxonomy":"product_cat","embeddable":true,"href":"https:\/\/www.strzelnica-magnum.pl\/en\/wp-json\/wp\/v2\/product_cat?post=3131"},{"taxonomy":"product_tag","embeddable":true,"href":"https:\/\/www.strzelnica-magnum.pl\/en\/wp-json\/wp\/v2\/product_tag?post=3131"}],"curies":[{"name":"wp","href":"https:\/\/api.w.org\/{rel}","templated":true}]}}