{"id":3128,"date":"2025-06-26T13:43:53","date_gmt":"2025-06-26T13:43:53","guid":{"rendered":"https:\/\/www.strzelnica-magnum.pl\/?post_type=product&#038;p=3128"},"modified":"2025-06-26T13:43:53","modified_gmt":"2025-06-26T13:43:53","slug":"cz-redhead-premier","status":"publish","type":"product","link":"https:\/\/www.strzelnica-magnum.pl\/en\/uzbrojenie\/bron-dluga\/cz-redhead-premier\/","title":{"rendered":"CZ Redhead Premier"},"content":{"rendered":"<p><strong>CZ Redhead Premier<\/strong> <\/p>\n<p>Wysokiej klasy uniwersalna strzelba typu bock (nadlufka) w kalibrze 12, przeznaczona do strzelectwa sportowego i my\u015blistwa. Precyzyjnie obrabiana metod\u0105 CNC baskila jest chromowana, co nadaje jej l\u015bni\u0105cy, srebrny wygl\u0105d. Model ten jest wyposa\u017cony w e\u017cektory zapewniaj\u0105ce najszybszy mo\u017cliwy czas prze\u0142adowania oraz pojedynczy mechanizm spustowy, kt\u00f3ry pozwala na wyb\u00f3r kolejno\u015bci strza\u0142u z luf.<\/p>\n<p>Cena <strong>4 250 z\u0142<\/strong><\/p>\n<p><em>Bro\u0144 palna, amunicja i istotne elementy broni nie s\u0105 sprzedawane on-line. Mo\u017cna je naby\u0107 osobi\u015bcie w naszym sklepie. Warunkiem nabycia broni jest przed\u0142o\u017cenie aktualnego za\u015bwiadczenia (promesy) uprawniaj\u0105cej do zakupu broni oraz dowodu osobistego. Niniejsz\u0105 ofert\u0119 zamieszczamy w celu pogl\u0105dowym. Przed zakupem broni prosimy o kontakt telefoniczny.<\/em><\/p>\n","protected":false},"excerpt":{"rendered":"<p>CZ Redhead Premier Wysokiej klasy uniwersalna strzelba typu bock (nadlufka) w kalibrze 12, przeznaczona do strzelectwa sportowego i my\u015blistwa. Precyzyjnie obrabiana metod\u0105 CNC baskila jest chromowana,<span class=\"excerpt-hellip\"> [\u2026]<\/span><\/p>\n","protected":false},"featured_media":3129,"comment_status":"closed","ping_status":"closed","template":"","meta":[],"product_cat":[43,50],"product_tag":[],"class_list":{"0":"post-3128","1":"product","2":"type-product","3":"status-publish","4":"has-post-thumbnail","6":"product_cat-bron-dluga","7":"product_cat-cz-2","9":"first","10":"instock","11":"shipping-taxable","12":"product-type-simple"},"_links":{"self":[{"href":"https:\/\/www.strzelnica-magnum.pl\/en\/wp-json\/wp\/v2\/product\/3128","targetHints":{"allow":["GET"]}}],"collection":[{"href":"https:\/\/www.strzelnica-magnum.pl\/en\/wp-json\/wp\/v2\/product"}],"about":[{"href":"https:\/\/www.strzelnica-magnum.pl\/en\/wp-json\/wp\/v2\/types\/product"}],"replies":[{"embeddable":true,"href":"https:\/\/www.strzelnica-magnum.pl\/en\/wp-json\/wp\/v2\/comments?post=3128"}],"wp:featuredmedia":[{"embeddable":true,"href":"https:\/\/www.strzelnica-magnum.pl\/en\/wp-json\/wp\/v2\/media\/3129"}],"wp:attachment":[{"href":"https:\/\/www.strzelnica-magnum.pl\/en\/wp-json\/wp\/v2\/media?parent=3128"}],"wp:term":[{"taxonomy":"product_cat","embeddable":true,"href":"https:\/\/www.strzelnica-magnum.pl\/en\/wp-json\/wp\/v2\/product_cat?post=3128"},{"taxonomy":"product_tag","embeddable":true,"href":"https:\/\/www.strzelnica-magnum.pl\/en\/wp-json\/wp\/v2\/product_tag?post=3128"}],"curies":[{"name":"wp","href":"https:\/\/api.w.org\/{rel}","templated":true}]}}