{"id":3125,"date":"2025-06-26T13:42:02","date_gmt":"2025-06-26T13:42:02","guid":{"rendered":"https:\/\/www.strzelnica-magnum.pl\/?post_type=product&#038;p=3125"},"modified":"2025-06-26T13:42:02","modified_gmt":"2025-06-26T13:42:02","slug":"cz-drake","status":"publish","type":"product","link":"https:\/\/www.strzelnica-magnum.pl\/en\/uzbrojenie\/bron-dluga\/cz-drake\/","title":{"rendered":"CZ Drake"},"content":{"rendered":"<p><strong>CZ Drake<\/strong> <\/p>\n<p>CZ Drake to strzelba typu bock (nadlufka) o niezwykle korzystnym stosunku ceny do jako\u015bci. W tym modelu r\u00f3wnie\u017c wykorzystuje si\u0119 obr\u00f3bk\u0119 CNC komponent\u00f3w. Cechy charakterystyczne to dzia\u0142anie e\u017cektor\u00f3w, pojedynczy selektywny mechanizm spustowy z mo\u017cliwo\u015bci\u0105 wyboru kolejno\u015bci strza\u0142u z luf, niska waga dzi\u0119ki usuni\u0119ciu \u015brodkowej szyny mi\u0119dzy lufami oraz laserowo wycinane kratkowanie zapewniaj\u0105ce antypo\u015blizgowy chwyt.<\/p>\n<p>Cena <strong>3 450 z\u0142<\/strong><\/p>\n<p><em>Bro\u0144 palna, amunicja i istotne elementy broni nie s\u0105 sprzedawane on-line. Mo\u017cna je naby\u0107 osobi\u015bcie w naszym sklepie. Warunkiem nabycia broni jest przed\u0142o\u017cenie aktualnego za\u015bwiadczenia (promesy) uprawniaj\u0105cej do zakupu broni oraz dowodu osobistego. Niniejsz\u0105 ofert\u0119 zamieszczamy w celu pogl\u0105dowym. Przed zakupem broni prosimy o kontakt telefoniczny.<\/em><\/p>\n","protected":false},"excerpt":{"rendered":"<p>CZ Drake CZ Drake to strzelba typu bock (nadlufka) o niezwykle korzystnym stosunku ceny do jako\u015bci. W tym modelu r\u00f3wnie\u017c wykorzystuje si\u0119 obr\u00f3bk\u0119 CNC komponent\u00f3w. Cechy<span class=\"excerpt-hellip\"> [\u2026]<\/span><\/p>\n","protected":false},"featured_media":3126,"comment_status":"closed","ping_status":"closed","template":"","meta":[],"product_cat":[43,50],"product_tag":[],"class_list":{"0":"post-3125","1":"product","2":"type-product","3":"status-publish","4":"has-post-thumbnail","6":"product_cat-bron-dluga","7":"product_cat-cz-2","9":"first","10":"instock","11":"shipping-taxable","12":"product-type-simple"},"_links":{"self":[{"href":"https:\/\/www.strzelnica-magnum.pl\/en\/wp-json\/wp\/v2\/product\/3125","targetHints":{"allow":["GET"]}}],"collection":[{"href":"https:\/\/www.strzelnica-magnum.pl\/en\/wp-json\/wp\/v2\/product"}],"about":[{"href":"https:\/\/www.strzelnica-magnum.pl\/en\/wp-json\/wp\/v2\/types\/product"}],"replies":[{"embeddable":true,"href":"https:\/\/www.strzelnica-magnum.pl\/en\/wp-json\/wp\/v2\/comments?post=3125"}],"wp:featuredmedia":[{"embeddable":true,"href":"https:\/\/www.strzelnica-magnum.pl\/en\/wp-json\/wp\/v2\/media\/3126"}],"wp:attachment":[{"href":"https:\/\/www.strzelnica-magnum.pl\/en\/wp-json\/wp\/v2\/media?parent=3125"}],"wp:term":[{"taxonomy":"product_cat","embeddable":true,"href":"https:\/\/www.strzelnica-magnum.pl\/en\/wp-json\/wp\/v2\/product_cat?post=3125"},{"taxonomy":"product_tag","embeddable":true,"href":"https:\/\/www.strzelnica-magnum.pl\/en\/wp-json\/wp\/v2\/product_tag?post=3125"}],"curies":[{"name":"wp","href":"https:\/\/api.w.org\/{rel}","templated":true}]}}