{"id":3122,"date":"2025-06-26T13:39:02","date_gmt":"2025-06-26T13:39:02","guid":{"rendered":"https:\/\/www.strzelnica-magnum.pl\/?post_type=product&#038;p=3122"},"modified":"2025-06-26T13:39:02","modified_gmt":"2025-06-26T13:39:02","slug":"cz-tsr","status":"publish","type":"product","link":"https:\/\/www.strzelnica-magnum.pl\/en\/uzbrojenie\/bron-dluga\/cz-tsr\/","title":{"rendered":"CZ TSR"},"content":{"rendered":"<p><strong>CZ TSR<\/strong> <\/p>\n<p>Karabin snajperski CZ TSR to wysoce wyspecjalizowana bro\u0144 precyzyjna, zaprojektowana od podstaw, aby sprosta\u0107 rygorystycznym wymaganiom si\u0142 zbrojnych, s\u0142u\u017cb mundurowych oraz najbardziej wymagaj\u0105cych cywilnych strzelc\u00f3w d\u0142ugodystansowych. Stworzony w oparciu o dekady do\u015bwiadcze\u0144 marki CZ w produkcji broni wojskowej i sportowej, model TSR jest uosobieniem niezawodno\u015bci, celno\u015bci i nowoczesnej my\u015bli konstrukcyjnej.<\/p>\n<p>Ka\u017cdy element tego karabinu zosta\u0142 zoptymalizowany pod k\u0105tem jednego celu: oddania precyzyjnego strza\u0142u w ka\u017cdych warunkach. To nie jest bro\u0144 my\u015bliwska \u2013 to profesjonalne narz\u0119dzie, kt\u00f3re daje operatorowi pewno\u015b\u0107 i przewag\u0119 taktyczn\u0105 na polu walki.<\/p>\n<p>Cena <strong>22 700 z\u0142<\/strong><\/p>\n<p><em>Bro\u0144 palna, amunicja i istotne elementy broni nie s\u0105 sprzedawane on-line. Mo\u017cna je naby\u0107 osobi\u015bcie w naszym sklepie. Warunkiem nabycia broni jest przed\u0142o\u017cenie aktualnego za\u015bwiadczenia (promesy) uprawniaj\u0105cej do zakupu broni oraz dowodu osobistego. Niniejsz\u0105 ofert\u0119 zamieszczamy w celu pogl\u0105dowym. Przed zakupem broni prosimy o kontakt telefoniczny.<\/em><\/p>\n","protected":false},"excerpt":{"rendered":"<p>CZ TSR Karabin snajperski CZ TSR to wysoce wyspecjalizowana bro\u0144 precyzyjna, zaprojektowana od podstaw, aby sprosta\u0107 rygorystycznym wymaganiom si\u0142 zbrojnych, s\u0142u\u017cb mundurowych oraz najbardziej wymagaj\u0105cych cywilnych<span class=\"excerpt-hellip\"> [\u2026]<\/span><\/p>\n","protected":false},"featured_media":3123,"comment_status":"closed","ping_status":"closed","template":"","meta":[],"product_cat":[43,50],"product_tag":[],"class_list":{"0":"post-3122","1":"product","2":"type-product","3":"status-publish","4":"has-post-thumbnail","6":"product_cat-bron-dluga","7":"product_cat-cz-2","9":"first","10":"instock","11":"shipping-taxable","12":"product-type-simple"},"_links":{"self":[{"href":"https:\/\/www.strzelnica-magnum.pl\/en\/wp-json\/wp\/v2\/product\/3122","targetHints":{"allow":["GET"]}}],"collection":[{"href":"https:\/\/www.strzelnica-magnum.pl\/en\/wp-json\/wp\/v2\/product"}],"about":[{"href":"https:\/\/www.strzelnica-magnum.pl\/en\/wp-json\/wp\/v2\/types\/product"}],"replies":[{"embeddable":true,"href":"https:\/\/www.strzelnica-magnum.pl\/en\/wp-json\/wp\/v2\/comments?post=3122"}],"wp:featuredmedia":[{"embeddable":true,"href":"https:\/\/www.strzelnica-magnum.pl\/en\/wp-json\/wp\/v2\/media\/3123"}],"wp:attachment":[{"href":"https:\/\/www.strzelnica-magnum.pl\/en\/wp-json\/wp\/v2\/media?parent=3122"}],"wp:term":[{"taxonomy":"product_cat","embeddable":true,"href":"https:\/\/www.strzelnica-magnum.pl\/en\/wp-json\/wp\/v2\/product_cat?post=3122"},{"taxonomy":"product_tag","embeddable":true,"href":"https:\/\/www.strzelnica-magnum.pl\/en\/wp-json\/wp\/v2\/product_tag?post=3122"}],"curies":[{"name":"wp","href":"https:\/\/api.w.org\/{rel}","templated":true}]}}