{"id":3119,"date":"2025-06-26T13:35:06","date_gmt":"2025-06-26T13:35:06","guid":{"rendered":"https:\/\/www.strzelnica-magnum.pl\/?post_type=product&#038;p=3119"},"modified":"2025-06-26T13:35:06","modified_gmt":"2025-06-26T13:35:06","slug":"cz-457-ergo","status":"publish","type":"product","link":"https:\/\/www.strzelnica-magnum.pl\/en\/uzbrojenie\/bron-dluga\/cz-457-ergo\/","title":{"rendered":"CZ 457 Ergo"},"content":{"rendered":"<p><strong>CZ 457 Ergo<\/strong> <\/p>\n<p>CZ 457 ERGO jest zbudowany na popularnej i sprawdzonej przez lata modu\u0142owej platformie CZ 457, wzbogaconej o now\u0105 osad\u0119 typu &#8220;thumbhole&#8221; (z otworem na kciuk), inspirowan\u0105 konstrukcj\u0105 modelu CZ 600 Ergo.<\/p>\n<p>Ta polimerowa osada, wzmocniona w\u0142\u00f3knem szklanym i wyposa\u017cona w wymienn\u0105 bak\u0119 policzkow\u0105, oferuje doskona\u0142y komfort i wysok\u0105 wytrzyma\u0142o\u015b\u0107 przy zachowaniu bardzo przyjemnej wagi.<\/p>\n<p>Model CZ 457 ERGO jest wyposa\u017cony w kut\u0105 na zimno luf\u0119 o d\u0142ugo\u015bci 525 mm, posiadaj\u0105c\u0105 znormalizowany gwint do monta\u017cu urz\u0105dze\u0144 wylotowych. Jest dost\u0119pny w wersji z mechanicznymi przyrz\u0105dami celowniczymi lub w wariancie bez przyrz\u0105d\u00f3w, idealnym do monta\u017cu lunety. W wersji z przyrz\u0105dami celowniczymi, po ich demonta\u017cu, otwory monta\u017cowe mo\u017cna za\u015blepi\u0107 do\u0142\u0105czonymi za\u015blepkami.<\/p>\n<p>Cena <strong>3 050 z\u0142<\/strong><\/p>\n<p><em>Bro\u0144 palna, amunicja i istotne elementy broni nie s\u0105 sprzedawane on-line. Mo\u017cna je naby\u0107 osobi\u015bcie w naszym sklepie. Warunkiem nabycia broni jest przed\u0142o\u017cenie aktualnego za\u015bwiadczenia (promesy) uprawniaj\u0105cej do zakupu broni oraz dowodu osobistego. Niniejsz\u0105 ofert\u0119 zamieszczamy w celu pogl\u0105dowym. Przed zakupem broni prosimy o kontakt telefoniczny.<\/em><\/p>\n","protected":false},"excerpt":{"rendered":"<p>CZ 457 Ergo CZ 457 ERGO jest zbudowany na popularnej i sprawdzonej przez lata modu\u0142owej platformie CZ 457, wzbogaconej o now\u0105 osad\u0119 typu &#8220;thumbhole&#8221; (z otworem<span class=\"excerpt-hellip\"> [\u2026]<\/span><\/p>\n","protected":false},"featured_media":3120,"comment_status":"closed","ping_status":"closed","template":"","meta":[],"product_cat":[43,50],"product_tag":[],"class_list":{"0":"post-3119","1":"product","2":"type-product","3":"status-publish","4":"has-post-thumbnail","6":"product_cat-bron-dluga","7":"product_cat-cz-2","9":"first","10":"instock","11":"shipping-taxable","12":"product-type-simple"},"_links":{"self":[{"href":"https:\/\/www.strzelnica-magnum.pl\/en\/wp-json\/wp\/v2\/product\/3119","targetHints":{"allow":["GET"]}}],"collection":[{"href":"https:\/\/www.strzelnica-magnum.pl\/en\/wp-json\/wp\/v2\/product"}],"about":[{"href":"https:\/\/www.strzelnica-magnum.pl\/en\/wp-json\/wp\/v2\/types\/product"}],"replies":[{"embeddable":true,"href":"https:\/\/www.strzelnica-magnum.pl\/en\/wp-json\/wp\/v2\/comments?post=3119"}],"wp:featuredmedia":[{"embeddable":true,"href":"https:\/\/www.strzelnica-magnum.pl\/en\/wp-json\/wp\/v2\/media\/3120"}],"wp:attachment":[{"href":"https:\/\/www.strzelnica-magnum.pl\/en\/wp-json\/wp\/v2\/media?parent=3119"}],"wp:term":[{"taxonomy":"product_cat","embeddable":true,"href":"https:\/\/www.strzelnica-magnum.pl\/en\/wp-json\/wp\/v2\/product_cat?post=3119"},{"taxonomy":"product_tag","embeddable":true,"href":"https:\/\/www.strzelnica-magnum.pl\/en\/wp-json\/wp\/v2\/product_tag?post=3119"}],"curies":[{"name":"wp","href":"https:\/\/api.w.org\/{rel}","templated":true}]}}