{"id":3116,"date":"2025-06-26T13:32:48","date_gmt":"2025-06-26T13:32:48","guid":{"rendered":"https:\/\/www.strzelnica-magnum.pl\/?post_type=product&#038;p=3116"},"modified":"2025-06-26T13:32:48","modified_gmt":"2025-06-26T13:32:48","slug":"cz-457-stainless","status":"publish","type":"product","link":"https:\/\/www.strzelnica-magnum.pl\/en\/uzbrojenie\/bron-dluga\/cz-2\/cz-457-stainless\/","title":{"rendered":"CZ 457 Stainless"},"content":{"rendered":"<p><strong>CZ 457 Stainless<\/strong> <\/p>\n<p>Model typu &#8220;trail&#8221; stworzony dla tych, kt\u00f3rzy ceni\u0105 u\u017cycie materia\u0142\u00f3w premium. Wraz z zaletami serii CZ 457, ten karabinek w kalibrze 22 LR charakteryzuje si\u0119 atrakcyjnym kamufla\u017cem cyfrowym na polimerowej osadzie z wyko\u0144czeniem typu &#8220;soft-touch&#8221; i jest wyposa\u017cony w lekk\u0105, odporn\u0105 na warunki atmosferyczne luf\u0119 ze stali nierdzewnej.<\/p>\n<p>Cena <strong>3 000 z\u0142<\/strong><\/p>\n<p><em>Bro\u0144 palna, amunicja i istotne elementy broni nie s\u0105 sprzedawane on-line. Mo\u017cna je naby\u0107 osobi\u015bcie w naszym sklepie. Warunkiem nabycia broni jest przed\u0142o\u017cenie aktualnego za\u015bwiadczenia (promesy) uprawniaj\u0105cej do zakupu broni oraz dowodu osobistego. Niniejsz\u0105 ofert\u0119 zamieszczamy w celu pogl\u0105dowym. Przed zakupem broni prosimy o kontakt telefoniczny.<\/em><\/p>\n","protected":false},"excerpt":{"rendered":"<p>CZ 457 Stainless Model typu &#8220;trail&#8221; stworzony dla tych, kt\u00f3rzy ceni\u0105 u\u017cycie materia\u0142\u00f3w premium. Wraz z zaletami serii CZ 457, ten karabinek w kalibrze 22 LR<span class=\"excerpt-hellip\"> [\u2026]<\/span><\/p>\n","protected":false},"featured_media":3117,"comment_status":"closed","ping_status":"closed","template":"","meta":[],"product_cat":[50,43],"product_tag":[],"class_list":{"0":"post-3116","1":"product","2":"type-product","3":"status-publish","4":"has-post-thumbnail","6":"product_cat-cz-2","7":"product_cat-bron-dluga","9":"first","10":"instock","11":"shipping-taxable","12":"product-type-simple"},"_links":{"self":[{"href":"https:\/\/www.strzelnica-magnum.pl\/en\/wp-json\/wp\/v2\/product\/3116","targetHints":{"allow":["GET"]}}],"collection":[{"href":"https:\/\/www.strzelnica-magnum.pl\/en\/wp-json\/wp\/v2\/product"}],"about":[{"href":"https:\/\/www.strzelnica-magnum.pl\/en\/wp-json\/wp\/v2\/types\/product"}],"replies":[{"embeddable":true,"href":"https:\/\/www.strzelnica-magnum.pl\/en\/wp-json\/wp\/v2\/comments?post=3116"}],"wp:featuredmedia":[{"embeddable":true,"href":"https:\/\/www.strzelnica-magnum.pl\/en\/wp-json\/wp\/v2\/media\/3117"}],"wp:attachment":[{"href":"https:\/\/www.strzelnica-magnum.pl\/en\/wp-json\/wp\/v2\/media?parent=3116"}],"wp:term":[{"taxonomy":"product_cat","embeddable":true,"href":"https:\/\/www.strzelnica-magnum.pl\/en\/wp-json\/wp\/v2\/product_cat?post=3116"},{"taxonomy":"product_tag","embeddable":true,"href":"https:\/\/www.strzelnica-magnum.pl\/en\/wp-json\/wp\/v2\/product_tag?post=3116"}],"curies":[{"name":"wp","href":"https:\/\/api.w.org\/{rel}","templated":true}]}}