{"id":3113,"date":"2025-06-26T13:29:40","date_gmt":"2025-06-26T13:29:40","guid":{"rendered":"https:\/\/www.strzelnica-magnum.pl\/?post_type=product&#038;p=3113"},"modified":"2025-06-26T13:30:27","modified_gmt":"2025-06-26T13:30:27","slug":"cz-457-at-one","status":"publish","type":"product","link":"https:\/\/www.strzelnica-magnum.pl\/en\/uzbrojenie\/bron-dluga\/cz-457-at-one\/","title":{"rendered":"CZ 457 AT-ONE"},"content":{"rendered":"<p><strong>CZ 457 AT-ONE<\/strong> <\/p>\n<p>Sportowy model CZ 457 AT-ONE z oferty CZ-USA, ciesz\u0105cy si\u0119 du\u017cym uznaniem klient\u00f3w CZ, jest teraz cz\u0119\u015bci\u0105 \u015bwiatowej oferty serii CZ 457. Ten specjalnie zaprojektowany karabinek jest wyposa\u017cony w luf\u0119 typu varmint z komor\u0105 nabojow\u0105 MATCH oraz osad\u0119 z laminatu znanej ameryka\u0144skiej marki Boyds, kt\u00f3ra posiada \u0142atwo regulowan\u0105 stopk\u0119 i bak\u0119 policzkow\u0105. Jego klasyczne piny (zaczepy) do pasa no\u015bnego s\u0105 uzupe\u0142nione przez p\u0119tl\u0119 do szybkiego wypinania oraz gniazdo QD po ka\u017cdej stronie osady.<\/p>\n<p>Cena <strong>4 750 z\u0142<\/strong><\/p>\n<p><em>Bro\u0144 palna, amunicja i istotne elementy broni nie s\u0105 sprzedawane on-line. Mo\u017cna je naby\u0107 osobi\u015bcie w naszym sklepie. Warunkiem nabycia broni jest przed\u0142o\u017cenie aktualnego za\u015bwiadczenia (promesy) uprawniaj\u0105cej do zakupu broni oraz dowodu osobistego. Niniejsz\u0105 ofert\u0119 zamieszczamy w celu pogl\u0105dowym. Przed zakupem broni prosimy o kontakt telefoniczny.<\/em><\/p>\n","protected":false},"excerpt":{"rendered":"<p>CZ 457 AT-ONE Sportowy model CZ 457 AT-ONE z oferty CZ-USA, ciesz\u0105cy si\u0119 du\u017cym uznaniem klient\u00f3w CZ, jest teraz cz\u0119\u015bci\u0105 \u015bwiatowej oferty serii CZ 457. Ten<span class=\"excerpt-hellip\"> [\u2026]<\/span><\/p>\n","protected":false},"featured_media":3114,"comment_status":"closed","ping_status":"closed","template":"","meta":[],"product_cat":[43,50],"product_tag":[],"class_list":{"0":"post-3113","1":"product","2":"type-product","3":"status-publish","4":"has-post-thumbnail","6":"product_cat-bron-dluga","7":"product_cat-cz-2","9":"first","10":"instock","11":"shipping-taxable","12":"product-type-simple"},"_links":{"self":[{"href":"https:\/\/www.strzelnica-magnum.pl\/en\/wp-json\/wp\/v2\/product\/3113","targetHints":{"allow":["GET"]}}],"collection":[{"href":"https:\/\/www.strzelnica-magnum.pl\/en\/wp-json\/wp\/v2\/product"}],"about":[{"href":"https:\/\/www.strzelnica-magnum.pl\/en\/wp-json\/wp\/v2\/types\/product"}],"replies":[{"embeddable":true,"href":"https:\/\/www.strzelnica-magnum.pl\/en\/wp-json\/wp\/v2\/comments?post=3113"}],"wp:featuredmedia":[{"embeddable":true,"href":"https:\/\/www.strzelnica-magnum.pl\/en\/wp-json\/wp\/v2\/media\/3114"}],"wp:attachment":[{"href":"https:\/\/www.strzelnica-magnum.pl\/en\/wp-json\/wp\/v2\/media?parent=3113"}],"wp:term":[{"taxonomy":"product_cat","embeddable":true,"href":"https:\/\/www.strzelnica-magnum.pl\/en\/wp-json\/wp\/v2\/product_cat?post=3113"},{"taxonomy":"product_tag","embeddable":true,"href":"https:\/\/www.strzelnica-magnum.pl\/en\/wp-json\/wp\/v2\/product_tag?post=3113"}],"curies":[{"name":"wp","href":"https:\/\/api.w.org\/{rel}","templated":true}]}}