{"id":3110,"date":"2025-06-26T13:27:10","date_gmt":"2025-06-26T13:27:10","guid":{"rendered":"https:\/\/www.strzelnica-magnum.pl\/?post_type=product&#038;p=3110"},"modified":"2025-06-26T13:27:43","modified_gmt":"2025-06-26T13:27:43","slug":"cz-457-synthetic-2","status":"publish","type":"product","link":"https:\/\/www.strzelnica-magnum.pl\/en\/uzbrojenie\/bron-dluga\/cz-457-synthetic-2\/","title":{"rendered":"CZ 457 Synthetic"},"content":{"rendered":"<p><strong>CZ 457 Synthetic<\/strong> <\/p>\n<p>G\u0142\u00f3wn\u0105 cech\u0105 tego modelu jest zwi\u0119kszona odporno\u015b\u0107 na niekorzystne warunki otoczenia. Wszystkie komponenty metalowe posiadaj\u0105 wysokiej jako\u015bci wyko\u0144czenie antykorozyjne. Jego ergonomiczna i niezwykle wytrzyma\u0142a polimerowa osada posiada pow\u0142ok\u0119 typu &#8220;soft-touch&#8221; i jest odporna na wilgo\u0107, zimno oraz wysok\u0105 temperatur\u0119.<\/p>\n<p>Dost\u0119pny w wersjach:<br \/>\n&#8211; 16&#8243;<br \/>\n&#8211; 20&#8243; 22 LR<br \/>\n&#8211; 20&#8243; 22 WMR<br \/>\n&#8211; 20&#8243; 17 HMR<br \/>\nCena <strong>2 400 z\u0142<\/strong><\/p>\n<p><em>Bro\u0144 palna, amunicja i istotne elementy broni nie s\u0105 sprzedawane on-line. Mo\u017cna je naby\u0107 osobi\u015bcie w naszym sklepie. Warunkiem nabycia broni jest przed\u0142o\u017cenie aktualnego za\u015bwiadczenia (promesy) uprawniaj\u0105cej do zakupu broni oraz dowodu osobistego. Niniejsz\u0105 ofert\u0119 zamieszczamy w celu pogl\u0105dowym. Przed zakupem broni prosimy o kontakt telefoniczny.<\/em><\/p>\n","protected":false},"excerpt":{"rendered":"<p>CZ 457 Synthetic G\u0142\u00f3wn\u0105 cech\u0105 tego modelu jest zwi\u0119kszona odporno\u015b\u0107 na niekorzystne warunki otoczenia. Wszystkie komponenty metalowe posiadaj\u0105 wysokiej jako\u015bci wyko\u0144czenie antykorozyjne. Jego ergonomiczna i niezwykle<span class=\"excerpt-hellip\"> [\u2026]<\/span><\/p>\n","protected":false},"featured_media":3111,"comment_status":"closed","ping_status":"closed","template":"","meta":[],"product_cat":[43,50],"product_tag":[],"class_list":{"0":"post-3110","1":"product","2":"type-product","3":"status-publish","4":"has-post-thumbnail","6":"product_cat-bron-dluga","7":"product_cat-cz-2","9":"first","10":"instock","11":"shipping-taxable","12":"product-type-simple"},"_links":{"self":[{"href":"https:\/\/www.strzelnica-magnum.pl\/en\/wp-json\/wp\/v2\/product\/3110","targetHints":{"allow":["GET"]}}],"collection":[{"href":"https:\/\/www.strzelnica-magnum.pl\/en\/wp-json\/wp\/v2\/product"}],"about":[{"href":"https:\/\/www.strzelnica-magnum.pl\/en\/wp-json\/wp\/v2\/types\/product"}],"replies":[{"embeddable":true,"href":"https:\/\/www.strzelnica-magnum.pl\/en\/wp-json\/wp\/v2\/comments?post=3110"}],"wp:featuredmedia":[{"embeddable":true,"href":"https:\/\/www.strzelnica-magnum.pl\/en\/wp-json\/wp\/v2\/media\/3111"}],"wp:attachment":[{"href":"https:\/\/www.strzelnica-magnum.pl\/en\/wp-json\/wp\/v2\/media?parent=3110"}],"wp:term":[{"taxonomy":"product_cat","embeddable":true,"href":"https:\/\/www.strzelnica-magnum.pl\/en\/wp-json\/wp\/v2\/product_cat?post=3110"},{"taxonomy":"product_tag","embeddable":true,"href":"https:\/\/www.strzelnica-magnum.pl\/en\/wp-json\/wp\/v2\/product_tag?post=3110"}],"curies":[{"name":"wp","href":"https:\/\/api.w.org\/{rel}","templated":true}]}}