{"id":3107,"date":"2025-06-26T13:22:39","date_gmt":"2025-06-26T13:22:39","guid":{"rendered":"https:\/\/www.strzelnica-magnum.pl\/?post_type=product&#038;p=3107"},"modified":"2025-06-26T13:22:39","modified_gmt":"2025-06-26T13:22:39","slug":"cz-457-range","status":"publish","type":"product","link":"https:\/\/www.strzelnica-magnum.pl\/en\/uzbrojenie\/bron-dluga\/cz-457-range\/","title":{"rendered":"CZ 457 Range"},"content":{"rendered":"<p><strong>CZ 457 Range<\/strong> to nowy sportowy i my\u015bliwski karabinek bocznego zap\u0142onu, oparty na konstrukcji modelu CZ 600 RANGE. Ten model w kalibrze 22 LR, podobnie jak jego &#8220;wi\u0119kszy brat&#8221;, jest wszechstronn\u0105 broni\u0105 do precyzyjnego strzelania na \u015brednich i d\u0142ugich dystansach. To idealny wyb\u00f3r do statycznego i dynamicznego strzelania tarczowego, a tak\u017ce do polowa\u0144 na drobn\u0105 zwierzyn\u0119 i szkodniki.<\/p>\n<p>Wysok\u0105 celno\u015b\u0107 osi\u0105gni\u0119to dzi\u0119ki ci\u0119\u017ckiej, kutej na zimno lufie o d\u0142ugo\u015bci 525 lub 610 mm (20\u201d lub 24\u201d) z komor\u0105 nabojow\u0105 typu MATCH. Wylot lufy z nakr\u0119tk\u0105 ochronn\u0105 posiada znormalizowany gwint, co u\u0142atwia monta\u017c akcesori\u00f3w.<\/p>\n<p>Laminowana i lakierowana osada drewniana ma znacz\u0105cy wk\u0142ad zar\u00f3wno w celno\u015b\u0107, jak i komfort. Kolba z gumow\u0105 stopk\u0105 pozwala na wygodne i pewne z\u0142o\u017cenie si\u0119 do strza\u0142u w ka\u017cdej pozycji oraz zapewnia solidn\u0105 stabilno\u015b\u0107 przy strzelaniu z podparcia. Wysoko\u015b\u0107 baki policzkowej mo\u017cna regulowa\u0107 bez u\u017cycia narz\u0119dzi. Szyna Picatinny pod stopk\u0105 kolby umo\u017cliwia monta\u017c monopodu. Chwyt pistoletowy z podparciem dla kciuka jest przeznaczony dla strzelc\u00f3w prawor\u0119cznych i posiada laserowo grawerowane kratkowanie. Gniazda w osadzie s\u0142u\u017c\u0105 do monta\u017cu b\u0105czk\u00f3w zawieszenia typu QD, a dwa piny Trigatti na spodzie wyd\u0142u\u017conego cz\u00f3\u0142enka (\u0142o\u017ca) pozwalaj\u0105 na zamocowanie p\u0119tli pasa no\u015bnego lub monta\u017c dw\u00f3jnogu.<\/p>\n<p>Na wierzchu stalowej komory zamkowej znajduje si\u0119 szyna monta\u017cowa 11 mm typu &#8220;jask\u00f3\u0142czy ogon&#8221;. Duraluminiowa ga\u0142ka d\u017awigni prze\u0142adowania jest identyczna jak ta w modelu CZ 600 RANGE. Karabin CZ 457 RANGE jest dostarczany z 5-nabojowym magazynkiem polimerowym.<\/p>\n<p>Dost\u0119pny w wersjach:<br \/>\n&#8211; 20&#8243;<br \/>\n&#8211; 24&#8243;<br \/>\nCena <strong>4 450 z\u0142<\/strong><\/p>\n<p><em>Bro\u0144 palna, amunicja i istotne elementy broni nie s\u0105 sprzedawane on-line. Mo\u017cna je naby\u0107 osobi\u015bcie w naszym sklepie. Warunkiem nabycia broni jest przed\u0142o\u017cenie aktualnego za\u015bwiadczenia (promesy) uprawniaj\u0105cej do zakupu broni oraz dowodu osobistego. Niniejsz\u0105 ofert\u0119 zamieszczamy w celu pogl\u0105dowym. Przed zakupem broni prosimy o kontakt telefoniczny.<\/em><\/p>\n","protected":false},"excerpt":{"rendered":"<p>CZ 457 Range to nowy sportowy i my\u015bliwski karabinek bocznego zap\u0142onu, oparty na konstrukcji modelu CZ 600 RANGE. Ten model w kalibrze 22 LR, podobnie jak<span class=\"excerpt-hellip\"> [\u2026]<\/span><\/p>\n","protected":false},"featured_media":3108,"comment_status":"closed","ping_status":"closed","template":"","meta":[],"product_cat":[43,50],"product_tag":[],"class_list":{"0":"post-3107","1":"product","2":"type-product","3":"status-publish","4":"has-post-thumbnail","6":"product_cat-bron-dluga","7":"product_cat-cz-2","9":"first","10":"instock","11":"shipping-taxable","12":"product-type-simple"},"_links":{"self":[{"href":"https:\/\/www.strzelnica-magnum.pl\/en\/wp-json\/wp\/v2\/product\/3107","targetHints":{"allow":["GET"]}}],"collection":[{"href":"https:\/\/www.strzelnica-magnum.pl\/en\/wp-json\/wp\/v2\/product"}],"about":[{"href":"https:\/\/www.strzelnica-magnum.pl\/en\/wp-json\/wp\/v2\/types\/product"}],"replies":[{"embeddable":true,"href":"https:\/\/www.strzelnica-magnum.pl\/en\/wp-json\/wp\/v2\/comments?post=3107"}],"wp:featuredmedia":[{"embeddable":true,"href":"https:\/\/www.strzelnica-magnum.pl\/en\/wp-json\/wp\/v2\/media\/3108"}],"wp:attachment":[{"href":"https:\/\/www.strzelnica-magnum.pl\/en\/wp-json\/wp\/v2\/media?parent=3107"}],"wp:term":[{"taxonomy":"product_cat","embeddable":true,"href":"https:\/\/www.strzelnica-magnum.pl\/en\/wp-json\/wp\/v2\/product_cat?post=3107"},{"taxonomy":"product_tag","embeddable":true,"href":"https:\/\/www.strzelnica-magnum.pl\/en\/wp-json\/wp\/v2\/product_tag?post=3107"}],"curies":[{"name":"wp","href":"https:\/\/api.w.org\/{rel}","templated":true}]}}