{"id":3103,"date":"2025-06-26T13:15:39","date_gmt":"2025-06-26T13:15:39","guid":{"rendered":"https:\/\/www.strzelnica-magnum.pl\/?post_type=product&#038;p=3103"},"modified":"2025-06-26T13:19:28","modified_gmt":"2025-06-26T13:19:28","slug":"cz-457-mdt","status":"publish","type":"product","link":"https:\/\/www.strzelnica-magnum.pl\/en\/uzbrojenie\/bron-dluga\/cz-457-mdt\/","title":{"rendered":"CZ 457 MDT"},"content":{"rendered":"<p><strong>CZ 457 MDT<\/strong> <\/p>\n<p>Sportowy model z atrakcyjnym, duraluminiowym chassis renomowanej marki MDT. Jego ryflowana lufa z komor\u0105 nabojow\u0105 typu MATCH jest wyposa\u017cona w kompensator, a kolba posiada regulowan\u0105 na wysoko\u015b\u0107 bak\u0119 policzkow\u0105. D\u0142ugo\u015b\u0107 kolby (LOP) mo\u017cna zmienia\u0107 za pomoc\u0105 czterech do\u0142\u0105czonych podk\u0142adek pod stopk\u0119. Szyna monta\u017cowa Picatinny z pochy\u0142em 25 MOA pozwala na \u0142atwe przystrzelanie lunety, nawet na d\u0142u\u017cszych dystansach.<\/p>\n<p>Cena <strong>10 600 z\u0142<\/strong><\/p>\n<p><em>Bro\u0144 palna, amunicja i istotne elementy broni nie s\u0105 sprzedawane on-line. Mo\u017cna je naby\u0107 osobi\u015bcie w naszym sklepie. Warunkiem nabycia broni jest przed\u0142o\u017cenie aktualnego za\u015bwiadczenia (promesy) uprawniaj\u0105cej do zakupu broni oraz dowodu osobistego. Niniejsz\u0105 ofert\u0119 zamieszczamy w celu pogl\u0105dowym. Przed zakupem broni prosimy o kontakt telefoniczny.<\/em><\/p>\n","protected":false},"excerpt":{"rendered":"<p>CZ 457 MDT Sportowy model z atrakcyjnym, duraluminiowym chassis renomowanej marki MDT. Jego ryflowana lufa z komor\u0105 nabojow\u0105 typu MATCH jest wyposa\u017cona w kompensator, a kolba<span class=\"excerpt-hellip\"> [\u2026]<\/span><\/p>\n","protected":false},"featured_media":3104,"comment_status":"closed","ping_status":"closed","template":"","meta":[],"product_cat":[43,50],"product_tag":[],"class_list":{"0":"post-3103","1":"product","2":"type-product","3":"status-publish","4":"has-post-thumbnail","6":"product_cat-bron-dluga","7":"product_cat-cz-2","9":"first","10":"instock","11":"shipping-taxable","12":"product-type-simple"},"_links":{"self":[{"href":"https:\/\/www.strzelnica-magnum.pl\/en\/wp-json\/wp\/v2\/product\/3103","targetHints":{"allow":["GET"]}}],"collection":[{"href":"https:\/\/www.strzelnica-magnum.pl\/en\/wp-json\/wp\/v2\/product"}],"about":[{"href":"https:\/\/www.strzelnica-magnum.pl\/en\/wp-json\/wp\/v2\/types\/product"}],"replies":[{"embeddable":true,"href":"https:\/\/www.strzelnica-magnum.pl\/en\/wp-json\/wp\/v2\/comments?post=3103"}],"wp:featuredmedia":[{"embeddable":true,"href":"https:\/\/www.strzelnica-magnum.pl\/en\/wp-json\/wp\/v2\/media\/3104"}],"wp:attachment":[{"href":"https:\/\/www.strzelnica-magnum.pl\/en\/wp-json\/wp\/v2\/media?parent=3103"}],"wp:term":[{"taxonomy":"product_cat","embeddable":true,"href":"https:\/\/www.strzelnica-magnum.pl\/en\/wp-json\/wp\/v2\/product_cat?post=3103"},{"taxonomy":"product_tag","embeddable":true,"href":"https:\/\/www.strzelnica-magnum.pl\/en\/wp-json\/wp\/v2\/product_tag?post=3103"}],"curies":[{"name":"wp","href":"https:\/\/api.w.org\/{rel}","templated":true}]}}