{"id":3100,"date":"2025-06-26T12:31:23","date_gmt":"2025-06-26T12:31:23","guid":{"rendered":"https:\/\/www.strzelnica-magnum.pl\/?post_type=product&#038;p=3100"},"modified":"2025-06-26T13:24:10","modified_gmt":"2025-06-26T13:24:10","slug":"cz-457-synthetic","status":"publish","type":"product","link":"https:\/\/www.strzelnica-magnum.pl\/en\/uzbrojenie\/bron-dluga\/cz-457-synthetic\/","title":{"rendered":"CZ 457 Synthetic SET"},"content":{"rendered":"<p><strong>CZ 457 Synthetic SET<\/strong> <\/p>\n<p>Dzi\u0119ki zwi\u0119kszonej odporno\u015bci na niekorzystne warunki atmosferyczne, model ten jest dost\u0119pny w wersji podstawowej lub w zestawie z lunet\u0105 3-9&#215;42, opracowan\u0105 specjalnie dla tej serii. Luneta jest przystrzelana na 50 metr\u00f3w i bezpiecznie zamocowana na wytrzyma\u0142ym, dwucz\u0119\u015bciowym monta\u017cu z duraluminium. Niezawodne i powtarzalne skupienie jest zapewnione dzi\u0119ki testom przeprowadzanym na wszystkich karabinach centralnego zap\u0142onu marki CZ.<\/p>\n<p>Cena <strong>4 500 z\u0142<\/strong><\/p>\n<p><em>Bro\u0144 palna, amunicja i istotne elementy broni nie s\u0105 sprzedawane on-line. Mo\u017cna je naby\u0107 osobi\u015bcie w naszym sklepie. Warunkiem nabycia broni jest przed\u0142o\u017cenie aktualnego za\u015bwiadczenia (promesy) uprawniaj\u0105cej do zakupu broni oraz dowodu osobistego. Niniejsz\u0105 ofert\u0119 zamieszczamy w celu pogl\u0105dowym. Przed zakupem broni prosimy o kontakt telefoniczny.<\/em><\/p>\n","protected":false},"excerpt":{"rendered":"<p>CZ 457 Synthetic SET Dzi\u0119ki zwi\u0119kszonej odporno\u015bci na niekorzystne warunki atmosferyczne, model ten jest dost\u0119pny w wersji podstawowej lub w zestawie z lunet\u0105 3-9&#215;42, opracowan\u0105 specjalnie<span class=\"excerpt-hellip\"> [\u2026]<\/span><\/p>\n","protected":false},"featured_media":3101,"comment_status":"closed","ping_status":"closed","template":"","meta":[],"product_cat":[43,50],"product_tag":[],"class_list":{"0":"post-3100","1":"product","2":"type-product","3":"status-publish","4":"has-post-thumbnail","6":"product_cat-bron-dluga","7":"product_cat-cz-2","9":"first","10":"instock","11":"shipping-taxable","12":"product-type-simple"},"_links":{"self":[{"href":"https:\/\/www.strzelnica-magnum.pl\/en\/wp-json\/wp\/v2\/product\/3100","targetHints":{"allow":["GET"]}}],"collection":[{"href":"https:\/\/www.strzelnica-magnum.pl\/en\/wp-json\/wp\/v2\/product"}],"about":[{"href":"https:\/\/www.strzelnica-magnum.pl\/en\/wp-json\/wp\/v2\/types\/product"}],"replies":[{"embeddable":true,"href":"https:\/\/www.strzelnica-magnum.pl\/en\/wp-json\/wp\/v2\/comments?post=3100"}],"wp:featuredmedia":[{"embeddable":true,"href":"https:\/\/www.strzelnica-magnum.pl\/en\/wp-json\/wp\/v2\/media\/3101"}],"wp:attachment":[{"href":"https:\/\/www.strzelnica-magnum.pl\/en\/wp-json\/wp\/v2\/media?parent=3100"}],"wp:term":[{"taxonomy":"product_cat","embeddable":true,"href":"https:\/\/www.strzelnica-magnum.pl\/en\/wp-json\/wp\/v2\/product_cat?post=3100"},{"taxonomy":"product_tag","embeddable":true,"href":"https:\/\/www.strzelnica-magnum.pl\/en\/wp-json\/wp\/v2\/product_tag?post=3100"}],"curies":[{"name":"wp","href":"https:\/\/api.w.org\/{rel}","templated":true}]}}