{"id":3094,"date":"2025-06-26T12:03:37","date_gmt":"2025-06-26T12:03:37","guid":{"rendered":"https:\/\/www.strzelnica-magnum.pl\/?post_type=product&#038;p=3094"},"modified":"2025-06-26T12:03:37","modified_gmt":"2025-06-26T12:03:37","slug":"cz-457-lrp-thumbhole","status":"publish","type":"product","link":"https:\/\/www.strzelnica-magnum.pl\/en\/uzbrojenie\/bron-dluga\/cz-457-lrp-thumbhole\/","title":{"rendered":"CZ 457 LRP Thumbhole"},"content":{"rendered":"<p><strong>CZ 457 LRP Thumbhole<\/strong> <\/p>\n<p>Nowa wersja tego popularnego modelu do precyzyjnego strzelania na d\u0142ugich dystansach. Wyposa\u017cona jest w 20-calow\u0105 (50,8 cm), grubo\u015bcienn\u0105 i ryflowan\u0105 luf\u0119 kut\u0105 na zimno, komor\u0119 nabojow\u0105 typu MATCH oraz skuteczny cylindryczny kompensator zamontowany na wylocie lufy. Wszystkie kluczowe elementy jej czarnej osady w sportowym stylu s\u0105 regulowane. Szyna monta\u017cowa Picatinny z pochy\u0142em 25 MOA pozwala na \u0142atwe przystrzelanie lunety.<\/p>\n<p>Dost\u0119pny w wersjach:<br \/>\n&#8211; 22 LR 16&#8243;<br \/>\n&#8211; 17 HMR 20&#8243;<br \/>\n&#8211; 22 LR 20&#8243;<br \/>\n&#8211; 22 WMR 20&#8243;<\/p>\n<p>Cena <strong>3 900 z\u0142<\/strong><\/p>\n<p><em>Bro\u0144 palna, amunicja i istotne elementy broni nie s\u0105 sprzedawane on-line. Mo\u017cna je naby\u0107 osobi\u015bcie w naszym sklepie. Warunkiem nabycia broni jest przed\u0142o\u017cenie aktualnego za\u015bwiadczenia (promesy) uprawniaj\u0105cej do zakupu broni oraz dowodu osobistego. Niniejsz\u0105 ofert\u0119 zamieszczamy w celu pogl\u0105dowym. Przed zakupem broni prosimy o kontakt telefoniczny.<\/em><\/p>\n","protected":false},"excerpt":{"rendered":"<p>CZ 457 LRP Thumbhole Nowa wersja tego popularnego modelu do precyzyjnego strzelania na d\u0142ugich dystansach. Wyposa\u017cona jest w 20-calow\u0105 (50,8 cm), grubo\u015bcienn\u0105 i ryflowan\u0105 luf\u0119 kut\u0105<span class=\"excerpt-hellip\"> [\u2026]<\/span><\/p>\n","protected":false},"featured_media":3095,"comment_status":"closed","ping_status":"closed","template":"","meta":[],"product_cat":[43,50],"product_tag":[],"class_list":{"0":"post-3094","1":"product","2":"type-product","3":"status-publish","4":"has-post-thumbnail","6":"product_cat-bron-dluga","7":"product_cat-cz-2","9":"first","10":"instock","11":"shipping-taxable","12":"product-type-simple"},"_links":{"self":[{"href":"https:\/\/www.strzelnica-magnum.pl\/en\/wp-json\/wp\/v2\/product\/3094","targetHints":{"allow":["GET"]}}],"collection":[{"href":"https:\/\/www.strzelnica-magnum.pl\/en\/wp-json\/wp\/v2\/product"}],"about":[{"href":"https:\/\/www.strzelnica-magnum.pl\/en\/wp-json\/wp\/v2\/types\/product"}],"replies":[{"embeddable":true,"href":"https:\/\/www.strzelnica-magnum.pl\/en\/wp-json\/wp\/v2\/comments?post=3094"}],"wp:featuredmedia":[{"embeddable":true,"href":"https:\/\/www.strzelnica-magnum.pl\/en\/wp-json\/wp\/v2\/media\/3095"}],"wp:attachment":[{"href":"https:\/\/www.strzelnica-magnum.pl\/en\/wp-json\/wp\/v2\/media?parent=3094"}],"wp:term":[{"taxonomy":"product_cat","embeddable":true,"href":"https:\/\/www.strzelnica-magnum.pl\/en\/wp-json\/wp\/v2\/product_cat?post=3094"},{"taxonomy":"product_tag","embeddable":true,"href":"https:\/\/www.strzelnica-magnum.pl\/en\/wp-json\/wp\/v2\/product_tag?post=3094"}],"curies":[{"name":"wp","href":"https:\/\/api.w.org\/{rel}","templated":true}]}}