{"id":3088,"date":"2025-06-26T11:56:53","date_gmt":"2025-06-26T11:56:53","guid":{"rendered":"https:\/\/www.strzelnica-magnum.pl\/?post_type=product&#038;p=3088"},"modified":"2025-06-26T11:56:53","modified_gmt":"2025-06-26T11:56:53","slug":"cz-457-jaguar-xii","status":"publish","type":"product","link":"https:\/\/www.strzelnica-magnum.pl\/en\/uzbrojenie\/bron-dluga\/cz-457-jaguar-xii\/","title":{"rendered":"CZ 457 Jaguar XII"},"content":{"rendered":"<p><strong>CZ 457 Jaguar XII<\/strong> to nowoczesny model w tej popularnej serii karabink\u00f3w bocznego zap\u0142onu od CZ. Charakteryzuje si\u0119 najd\u0142u\u017csz\u0105 luf\u0105 w ofercie (726 mm), szczerbink\u0105 typu tangens regulowan\u0105 w zakresie od 25 do 200 m, osad\u0105 z motywem jaguara oraz \u015bladami pazur\u00f3w w miejscu tradycyjnego kratkowania. Standardowe wyposa\u017cenie obejmuje 10-nabojowy metalowy magazynek.<\/p>\n<p>Cena <strong>3 650 z\u0142<\/strong><\/p>\n<p><em>Bro\u0144 palna, amunicja i istotne elementy broni nie s\u0105 sprzedawane on-line. Mo\u017cna je naby\u0107 osobi\u015bcie w naszym sklepie. Warunkiem nabycia broni jest przed\u0142o\u017cenie aktualnego za\u015bwiadczenia (promesy) uprawniaj\u0105cej do zakupu broni oraz dowodu osobistego. Niniejsz\u0105 ofert\u0119 zamieszczamy w celu pogl\u0105dowym. Przed zakupem broni prosimy o kontakt telefoniczny.<\/em><\/p>\n","protected":false},"excerpt":{"rendered":"<p>CZ 457 Jaguar XII to nowoczesny model w tej popularnej serii karabink\u00f3w bocznego zap\u0142onu od CZ. Charakteryzuje si\u0119 najd\u0142u\u017csz\u0105 luf\u0105 w ofercie (726 mm), szczerbink\u0105 typu<span class=\"excerpt-hellip\"> [\u2026]<\/span><\/p>\n","protected":false},"featured_media":3089,"comment_status":"closed","ping_status":"closed","template":"","meta":[],"product_cat":[43,50],"product_tag":[],"class_list":{"0":"post-3088","1":"product","2":"type-product","3":"status-publish","4":"has-post-thumbnail","6":"product_cat-bron-dluga","7":"product_cat-cz-2","9":"first","10":"instock","11":"shipping-taxable","12":"product-type-simple"},"_links":{"self":[{"href":"https:\/\/www.strzelnica-magnum.pl\/en\/wp-json\/wp\/v2\/product\/3088","targetHints":{"allow":["GET"]}}],"collection":[{"href":"https:\/\/www.strzelnica-magnum.pl\/en\/wp-json\/wp\/v2\/product"}],"about":[{"href":"https:\/\/www.strzelnica-magnum.pl\/en\/wp-json\/wp\/v2\/types\/product"}],"replies":[{"embeddable":true,"href":"https:\/\/www.strzelnica-magnum.pl\/en\/wp-json\/wp\/v2\/comments?post=3088"}],"wp:featuredmedia":[{"embeddable":true,"href":"https:\/\/www.strzelnica-magnum.pl\/en\/wp-json\/wp\/v2\/media\/3089"}],"wp:attachment":[{"href":"https:\/\/www.strzelnica-magnum.pl\/en\/wp-json\/wp\/v2\/media?parent=3088"}],"wp:term":[{"taxonomy":"product_cat","embeddable":true,"href":"https:\/\/www.strzelnica-magnum.pl\/en\/wp-json\/wp\/v2\/product_cat?post=3088"},{"taxonomy":"product_tag","embeddable":true,"href":"https:\/\/www.strzelnica-magnum.pl\/en\/wp-json\/wp\/v2\/product_tag?post=3088"}],"curies":[{"name":"wp","href":"https:\/\/api.w.org\/{rel}","templated":true}]}}