{"id":3085,"date":"2025-06-26T11:26:51","date_gmt":"2025-06-26T11:26:51","guid":{"rendered":"https:\/\/www.strzelnica-magnum.pl\/?post_type=product&#038;p=3085"},"modified":"2025-06-26T11:26:52","modified_gmt":"2025-06-26T11:26:52","slug":"cz-457-varmint-lh","status":"publish","type":"product","link":"https:\/\/www.strzelnica-magnum.pl\/en\/uzbrojenie\/bron-dluga\/cz-457-varmint-lh\/","title":{"rendered":"CZ 457 Varmint LH"},"content":{"rendered":"<p><strong>CZ 457 Varmint LH<\/strong> <\/p>\n<p>Wersja dla lewor\u0119cznych modelu CZ 457 Varmint. Jego popularna konstrukcja charakteryzuje si\u0119 lakierowan\u0105 osad\u0105 w stylu ameryka\u0144skim i grub\u0105 luf\u0105 o d\u0142ugo\u015bci 525 mm, co czyni go idealnym do precyzyynego strzelectwa sportowego i polowania na \u015brednich oraz d\u0142ugich dystansach. Sprawdzona szyna monta\u017cowa CZ 11 mm, tzw. &#8220;jask\u00f3\u0142czy ogon&#8221;, jest wyfrezowana na komorze zamkowej, umo\u017cliwiaj\u0105c monta\u017c pier\u015bcieni pod lunet\u0119 celownicz\u0105.<\/p>\n<p>Cena <strong>3 300 z\u0142<\/strong><\/p>\n<p><em>Bro\u0144 palna, amunicja i istotne elementy broni nie s\u0105 sprzedawane on-line. Mo\u017cna je naby\u0107 osobi\u015bcie w naszym sklepie. Warunkiem nabycia broni jest przed\u0142o\u017cenie aktualnego za\u015bwiadczenia (promesy) uprawniaj\u0105cej do zakupu broni oraz dowodu osobistego. Niniejsz\u0105 ofert\u0119 zamieszczamy w celu pogl\u0105dowym. Przed zakupem broni prosimy o kontakt telefoniczny.<\/em><\/p>\n","protected":false},"excerpt":{"rendered":"<p>CZ 457 Varmint LH Wersja dla lewor\u0119cznych modelu CZ 457 Varmint. Jego popularna konstrukcja charakteryzuje si\u0119 lakierowan\u0105 osad\u0105 w stylu ameryka\u0144skim i grub\u0105 luf\u0105 o d\u0142ugo\u015bci<span class=\"excerpt-hellip\"> [\u2026]<\/span><\/p>\n","protected":false},"featured_media":3086,"comment_status":"closed","ping_status":"closed","template":"","meta":[],"product_cat":[43,50],"product_tag":[],"class_list":{"0":"post-3085","1":"product","2":"type-product","3":"status-publish","4":"has-post-thumbnail","6":"product_cat-bron-dluga","7":"product_cat-cz-2","9":"first","10":"instock","11":"shipping-taxable","12":"product-type-simple"},"_links":{"self":[{"href":"https:\/\/www.strzelnica-magnum.pl\/en\/wp-json\/wp\/v2\/product\/3085","targetHints":{"allow":["GET"]}}],"collection":[{"href":"https:\/\/www.strzelnica-magnum.pl\/en\/wp-json\/wp\/v2\/product"}],"about":[{"href":"https:\/\/www.strzelnica-magnum.pl\/en\/wp-json\/wp\/v2\/types\/product"}],"replies":[{"embeddable":true,"href":"https:\/\/www.strzelnica-magnum.pl\/en\/wp-json\/wp\/v2\/comments?post=3085"}],"wp:featuredmedia":[{"embeddable":true,"href":"https:\/\/www.strzelnica-magnum.pl\/en\/wp-json\/wp\/v2\/media\/3086"}],"wp:attachment":[{"href":"https:\/\/www.strzelnica-magnum.pl\/en\/wp-json\/wp\/v2\/media?parent=3085"}],"wp:term":[{"taxonomy":"product_cat","embeddable":true,"href":"https:\/\/www.strzelnica-magnum.pl\/en\/wp-json\/wp\/v2\/product_cat?post=3085"},{"taxonomy":"product_tag","embeddable":true,"href":"https:\/\/www.strzelnica-magnum.pl\/en\/wp-json\/wp\/v2\/product_tag?post=3085"}],"curies":[{"name":"wp","href":"https:\/\/api.w.org\/{rel}","templated":true}]}}