{"id":3079,"date":"2025-06-26T11:20:26","date_gmt":"2025-06-26T11:20:26","guid":{"rendered":"https:\/\/www.strzelnica-magnum.pl\/?post_type=product&#038;p=3079"},"modified":"2025-06-26T11:21:04","modified_gmt":"2025-06-26T11:21:04","slug":"cz-457-mtr","status":"publish","type":"product","link":"https:\/\/www.strzelnica-magnum.pl\/en\/uzbrojenie\/bron-dluga\/cz-457-mtr\/","title":{"rendered":"CZ 457 MTR"},"content":{"rendered":"<p><strong>CZ 457 MTR<\/strong> <\/p>\n<p>Wysoce precyzyjny model ze specjaln\u0105 osad\u0105 wykonan\u0105 z orzecha premium. Gruba, kuta na zimno lufa klasy match w kalibrze 22 LR wyposa\u017cona jest w komor\u0119 nabojow\u0105 typu MATCH. Dzi\u0119ki tej cesze oraz wszystkim innym ulepszeniom nowej serii CZ 457, model ten gwarantuje uzyskanie grup o \u015brednicy 15 mm na dystansie 50 m.<\/p>\n<p>Dost\u0119pny w wersjach:<br \/>\n&#8211; 16&#8243;<br \/>\n&#8211; 20&#8243;<br \/>\nCena <strong>3 900 z\u0142<\/strong><\/p>\n<p><em>Bro\u0144 palna, amunicja i istotne elementy broni nie s\u0105 sprzedawane on-line. Mo\u017cna je naby\u0107 osobi\u015bcie w naszym sklepie. Warunkiem nabycia broni jest przed\u0142o\u017cenie aktualnego za\u015bwiadczenia (promesy) uprawniaj\u0105cej do zakupu broni oraz dowodu osobistego. Niniejsz\u0105 ofert\u0119 zamieszczamy w celu pogl\u0105dowym. Przed zakupem broni prosimy o kontakt telefoniczny.<\/em><\/p>\n","protected":false},"excerpt":{"rendered":"<p>CZ 457 MTR Wysoce precyzyjny model ze specjaln\u0105 osad\u0105 wykonan\u0105 z orzecha premium. Gruba, kuta na zimno lufa klasy match w kalibrze 22 LR wyposa\u017cona jest<span class=\"excerpt-hellip\"> [\u2026]<\/span><\/p>\n","protected":false},"featured_media":3080,"comment_status":"closed","ping_status":"closed","template":"","meta":[],"product_cat":[43,50],"product_tag":[],"class_list":{"0":"post-3079","1":"product","2":"type-product","3":"status-publish","4":"has-post-thumbnail","6":"product_cat-bron-dluga","7":"product_cat-cz-2","9":"first","10":"instock","11":"shipping-taxable","12":"product-type-simple"},"_links":{"self":[{"href":"https:\/\/www.strzelnica-magnum.pl\/en\/wp-json\/wp\/v2\/product\/3079","targetHints":{"allow":["GET"]}}],"collection":[{"href":"https:\/\/www.strzelnica-magnum.pl\/en\/wp-json\/wp\/v2\/product"}],"about":[{"href":"https:\/\/www.strzelnica-magnum.pl\/en\/wp-json\/wp\/v2\/types\/product"}],"replies":[{"embeddable":true,"href":"https:\/\/www.strzelnica-magnum.pl\/en\/wp-json\/wp\/v2\/comments?post=3079"}],"wp:featuredmedia":[{"embeddable":true,"href":"https:\/\/www.strzelnica-magnum.pl\/en\/wp-json\/wp\/v2\/media\/3080"}],"wp:attachment":[{"href":"https:\/\/www.strzelnica-magnum.pl\/en\/wp-json\/wp\/v2\/media?parent=3079"}],"wp:term":[{"taxonomy":"product_cat","embeddable":true,"href":"https:\/\/www.strzelnica-magnum.pl\/en\/wp-json\/wp\/v2\/product_cat?post=3079"},{"taxonomy":"product_tag","embeddable":true,"href":"https:\/\/www.strzelnica-magnum.pl\/en\/wp-json\/wp\/v2\/product_tag?post=3079"}],"curies":[{"name":"wp","href":"https:\/\/api.w.org\/{rel}","templated":true}]}}