{"id":3076,"date":"2025-06-26T11:17:44","date_gmt":"2025-06-26T11:17:44","guid":{"rendered":"https:\/\/www.strzelnica-magnum.pl\/?post_type=product&#038;p=3076"},"modified":"2025-06-26T11:17:44","modified_gmt":"2025-06-26T11:17:44","slug":"cz-457-carbon","status":"publish","type":"product","link":"https:\/\/www.strzelnica-magnum.pl\/en\/uzbrojenie\/bron-dluga\/cz-457-carbon\/","title":{"rendered":"CZ 457 Carbon"},"content":{"rendered":"<p><strong>CZ 457 Carbon<\/strong> <\/p>\n<p>Specjalny model wyposa\u017cony w stalow\u0105 luf\u0119 w oplocie z w\u0142\u00f3kna w\u0119glowego. G\u0142\u00f3wne korzy\u015bci tej zaawansowanej technologii to radykalna redukcja wagi bez po\u015bwi\u0119cania ekstremalnej celno\u015bci, wydajne odprowadzanie ciep\u0142a oraz zredukowane wibracje po ka\u017cdym strzale. W po\u0142\u0105czeniu z ergonomiczn\u0105, polimerow\u0105 osad\u0105 z wyko\u0144czeniem typu &#8220;soft-touch&#8221; i realistycznym kamufla\u017cem, a tak\u017ce wysoce trwa\u0142\u0105 pow\u0142ok\u0105 na cz\u0119\u015bciach metalowych, jest to idealny karabin na d\u0142ugie wyprawy my\u015bliwskie oraz do rekreacyjnego i sportowego strzelectwa wyczynowego.<\/p>\n<p>Cena <strong>8 500 z\u0142<\/strong><\/p>\n<p><em>Bro\u0144 palna, amunicja i istotne elementy broni nie s\u0105 sprzedawane on-line. Mo\u017cna je naby\u0107 osobi\u015bcie w naszym sklepie. Warunkiem nabycia broni jest przed\u0142o\u017cenie aktualnego za\u015bwiadczenia (promesy) uprawniaj\u0105cej do zakupu broni oraz dowodu osobistego. Niniejsz\u0105 ofert\u0119 zamieszczamy w celu pogl\u0105dowym. Przed zakupem broni prosimy o kontakt telefoniczny.<\/em><\/p>\n","protected":false},"excerpt":{"rendered":"<p>CZ 457 Carbon Specjalny model wyposa\u017cony w stalow\u0105 luf\u0119 w oplocie z w\u0142\u00f3kna w\u0119glowego. G\u0142\u00f3wne korzy\u015bci tej zaawansowanej technologii to radykalna redukcja wagi bez po\u015bwi\u0119cania ekstremalnej<span class=\"excerpt-hellip\"> [\u2026]<\/span><\/p>\n","protected":false},"featured_media":3077,"comment_status":"closed","ping_status":"closed","template":"","meta":[],"product_cat":[43,50],"product_tag":[],"class_list":{"0":"post-3076","1":"product","2":"type-product","3":"status-publish","4":"has-post-thumbnail","6":"product_cat-bron-dluga","7":"product_cat-cz-2","9":"first","10":"instock","11":"shipping-taxable","12":"product-type-simple"},"_links":{"self":[{"href":"https:\/\/www.strzelnica-magnum.pl\/en\/wp-json\/wp\/v2\/product\/3076","targetHints":{"allow":["GET"]}}],"collection":[{"href":"https:\/\/www.strzelnica-magnum.pl\/en\/wp-json\/wp\/v2\/product"}],"about":[{"href":"https:\/\/www.strzelnica-magnum.pl\/en\/wp-json\/wp\/v2\/types\/product"}],"replies":[{"embeddable":true,"href":"https:\/\/www.strzelnica-magnum.pl\/en\/wp-json\/wp\/v2\/comments?post=3076"}],"wp:featuredmedia":[{"embeddable":true,"href":"https:\/\/www.strzelnica-magnum.pl\/en\/wp-json\/wp\/v2\/media\/3077"}],"wp:attachment":[{"href":"https:\/\/www.strzelnica-magnum.pl\/en\/wp-json\/wp\/v2\/media?parent=3076"}],"wp:term":[{"taxonomy":"product_cat","embeddable":true,"href":"https:\/\/www.strzelnica-magnum.pl\/en\/wp-json\/wp\/v2\/product_cat?post=3076"},{"taxonomy":"product_tag","embeddable":true,"href":"https:\/\/www.strzelnica-magnum.pl\/en\/wp-json\/wp\/v2\/product_tag?post=3076"}],"curies":[{"name":"wp","href":"https:\/\/api.w.org\/{rel}","templated":true}]}}