{"id":3066,"date":"2025-06-26T11:09:18","date_gmt":"2025-06-26T11:09:18","guid":{"rendered":"https:\/\/www.strzelnica-magnum.pl\/?post_type=product&#038;p=3066"},"modified":"2025-06-26T11:09:18","modified_gmt":"2025-06-26T11:09:18","slug":"cz-457-premium","status":"publish","type":"product","link":"https:\/\/www.strzelnica-magnum.pl\/en\/uzbrojenie\/bron-dluga\/cz-457-premium\/","title":{"rendered":"CZ 457 Premium"},"content":{"rendered":"<p><strong>CZ 457 Premium<\/strong> to model, kt\u00f3ry zachwyci wszystkich mi\u0142o\u015bnik\u00f3w klasycznie ukszta\u0142towanych karabin\u00f3w my\u015bliwskich. Jego osada z orzecha premium posiada bak\u0119 policzkow\u0105 oraz ozdobne zako\u0144czenie cz\u00f3\u0142enka (\u0142o\u017ca) wykonane z wysokiej klasy materia\u0142u. Lekka lufa o d\u0142ugo\u015bci 630 mm posiada na wylocie gwint 1\/2&#215;20 do monta\u017cu t\u0142umika. Celowanie jest szybkie i intuicyjne dzi\u0119ki szczerbince typu tangens i muszce \u015bwiat\u0142owodowej. Model ten jest r\u00f3wnie\u017c dost\u0119pny w wersji dla os\u00f3b lewor\u0119cznych.<\/p>\n<p>Dost\u0119pny w wersjach:<br \/>\n&#8211; 17 HMR<br \/>\n&#8211; 22 LR<br \/>\n&#8211; 22 WMR<br \/>\nCena <strong>4 100 z\u0142<\/strong><\/p>\n<p><em>Bro\u0144 palna, amunicja i istotne elementy broni nie s\u0105 sprzedawane on-line. Mo\u017cna je naby\u0107 osobi\u015bcie w naszym sklepie. Warunkiem nabycia broni jest przed\u0142o\u017cenie aktualnego za\u015bwiadczenia (promesy) uprawniaj\u0105cej do zakupu broni oraz dowodu osobistego. Niniejsz\u0105 ofert\u0119 zamieszczamy w celu pogl\u0105dowym. Przed zakupem broni prosimy o kontakt telefoniczny.<\/em><\/p>\n","protected":false},"excerpt":{"rendered":"<p>CZ 457 Premium to model, kt\u00f3ry zachwyci wszystkich mi\u0142o\u015bnik\u00f3w klasycznie ukszta\u0142towanych karabin\u00f3w my\u015bliwskich. Jego osada z orzecha premium posiada bak\u0119 policzkow\u0105 oraz ozdobne zako\u0144czenie cz\u00f3\u0142enka (\u0142o\u017ca)<span class=\"excerpt-hellip\"> [\u2026]<\/span><\/p>\n","protected":false},"featured_media":3067,"comment_status":"closed","ping_status":"closed","template":"","meta":[],"product_cat":[43,50],"product_tag":[],"class_list":{"0":"post-3066","1":"product","2":"type-product","3":"status-publish","4":"has-post-thumbnail","6":"product_cat-bron-dluga","7":"product_cat-cz-2","9":"first","10":"instock","11":"shipping-taxable","12":"product-type-simple"},"_links":{"self":[{"href":"https:\/\/www.strzelnica-magnum.pl\/en\/wp-json\/wp\/v2\/product\/3066","targetHints":{"allow":["GET"]}}],"collection":[{"href":"https:\/\/www.strzelnica-magnum.pl\/en\/wp-json\/wp\/v2\/product"}],"about":[{"href":"https:\/\/www.strzelnica-magnum.pl\/en\/wp-json\/wp\/v2\/types\/product"}],"replies":[{"embeddable":true,"href":"https:\/\/www.strzelnica-magnum.pl\/en\/wp-json\/wp\/v2\/comments?post=3066"}],"wp:featuredmedia":[{"embeddable":true,"href":"https:\/\/www.strzelnica-magnum.pl\/en\/wp-json\/wp\/v2\/media\/3067"}],"wp:attachment":[{"href":"https:\/\/www.strzelnica-magnum.pl\/en\/wp-json\/wp\/v2\/media?parent=3066"}],"wp:term":[{"taxonomy":"product_cat","embeddable":true,"href":"https:\/\/www.strzelnica-magnum.pl\/en\/wp-json\/wp\/v2\/product_cat?post=3066"},{"taxonomy":"product_tag","embeddable":true,"href":"https:\/\/www.strzelnica-magnum.pl\/en\/wp-json\/wp\/v2\/product_tag?post=3066"}],"curies":[{"name":"wp","href":"https:\/\/api.w.org\/{rel}","templated":true}]}}