{"id":3063,"date":"2025-06-26T11:05:43","date_gmt":"2025-06-26T11:05:43","guid":{"rendered":"https:\/\/www.strzelnica-magnum.pl\/?post_type=product&#038;p=3063"},"modified":"2025-06-26T11:05:43","modified_gmt":"2025-06-26T11:05:43","slug":"cz-457-lux","status":"publish","type":"product","link":"https:\/\/www.strzelnica-magnum.pl\/en\/uzbrojenie\/bron-dluga\/cz-457-lux\/","title":{"rendered":"CZ 457 Lux"},"content":{"rendered":"<p><strong>CZ 457 Lux<\/strong> <\/p>\n<p>Karabinek bocznego zap\u0142onu o stylistyce klasycznego europejskiego sztucera my\u015bliwskiego. Lakierowana osada z bak\u0105 policzkow\u0105 wykonana jest z wysokiej jako\u015bci orzecha tureckiego i posiada laserowo grawerowane kratkowanie. W standardzie wyposa\u017cony jest w tradycyjne mechaniczne przyrz\u0105dy celownicze.<\/p>\n<p>Dost\u0119pny w wersjach:<br \/>\n&#8211; 17 HMR<br \/>\n&#8211; 22 LR<br \/>\n&#8211; 22 WMR<br \/>\nCena <strong>3 400 z\u0142<\/strong><\/p>\n<p><em>Bro\u0144 palna, amunicja i istotne elementy broni nie s\u0105 sprzedawane on-line. Mo\u017cna je naby\u0107 osobi\u015bcie w naszym sklepie. Warunkiem nabycia broni jest przed\u0142o\u017cenie aktualnego za\u015bwiadczenia (promesy) uprawniaj\u0105cej do zakupu broni oraz dowodu osobistego. Niniejsz\u0105 ofert\u0119 zamieszczamy w celu pogl\u0105dowym. Przed zakupem broni prosimy o kontakt telefoniczny.<\/em><\/p>\n","protected":false},"excerpt":{"rendered":"<p>CZ 457 Lux Karabinek bocznego zap\u0142onu o stylistyce klasycznego europejskiego sztucera my\u015bliwskiego. Lakierowana osada z bak\u0105 policzkow\u0105 wykonana jest z wysokiej jako\u015bci orzecha tureckiego i posiada<span class=\"excerpt-hellip\"> [\u2026]<\/span><\/p>\n","protected":false},"featured_media":3064,"comment_status":"closed","ping_status":"closed","template":"","meta":[],"product_cat":[43,50],"product_tag":[],"class_list":{"0":"post-3063","1":"product","2":"type-product","3":"status-publish","4":"has-post-thumbnail","6":"product_cat-bron-dluga","7":"product_cat-cz-2","9":"first","10":"instock","11":"shipping-taxable","12":"product-type-simple"},"_links":{"self":[{"href":"https:\/\/www.strzelnica-magnum.pl\/en\/wp-json\/wp\/v2\/product\/3063","targetHints":{"allow":["GET"]}}],"collection":[{"href":"https:\/\/www.strzelnica-magnum.pl\/en\/wp-json\/wp\/v2\/product"}],"about":[{"href":"https:\/\/www.strzelnica-magnum.pl\/en\/wp-json\/wp\/v2\/types\/product"}],"replies":[{"embeddable":true,"href":"https:\/\/www.strzelnica-magnum.pl\/en\/wp-json\/wp\/v2\/comments?post=3063"}],"wp:featuredmedia":[{"embeddable":true,"href":"https:\/\/www.strzelnica-magnum.pl\/en\/wp-json\/wp\/v2\/media\/3064"}],"wp:attachment":[{"href":"https:\/\/www.strzelnica-magnum.pl\/en\/wp-json\/wp\/v2\/media?parent=3063"}],"wp:term":[{"taxonomy":"product_cat","embeddable":true,"href":"https:\/\/www.strzelnica-magnum.pl\/en\/wp-json\/wp\/v2\/product_cat?post=3063"},{"taxonomy":"product_tag","embeddable":true,"href":"https:\/\/www.strzelnica-magnum.pl\/en\/wp-json\/wp\/v2\/product_tag?post=3063"}],"curies":[{"name":"wp","href":"https:\/\/api.w.org\/{rel}","templated":true}]}}