{"id":3059,"date":"2025-06-26T11:02:18","date_gmt":"2025-06-26T11:02:18","guid":{"rendered":"https:\/\/www.strzelnica-magnum.pl\/?post_type=product&#038;p=3059"},"modified":"2025-06-26T11:02:18","modified_gmt":"2025-06-26T11:02:18","slug":"cz-457-american-lh","status":"publish","type":"product","link":"https:\/\/www.strzelnica-magnum.pl\/en\/uzbrojenie\/bron-dluga\/cz-457-american-lh\/","title":{"rendered":"CZ 457 American LH"},"content":{"rendered":"<p><strong>CZ 457 American LH<\/strong> <\/p>\n<p>Wersja dla lewor\u0119cznych modelu CZ 457 American. To karabinek bocznego zap\u0142onu, kt\u00f3ry uciele\u015bnia ducha klasycznej ameryka\u0144skiej broni sportowej i my\u015bliwskiej. Lakierowana osada w stylu ameryka\u0144skim wykonana jest z wysokiej jako\u015bci orzecha w\u0142oskiego, a jej chwyt ozdobiono kratkowaniem z motywem fleur-de-lis (lilii burbo\u0144skiej). Lekka, kuta na zimno lufa ma 630 mm d\u0142ugo\u015bci i nie posiada mechanicznych przyrz\u0105d\u00f3w celowniczych.<\/p>\n<p>Cena <strong>3 400 z\u0142<\/strong><\/p>\n<p><em>Bro\u0144 palna, amunicja i istotne elementy broni nie s\u0105 sprzedawane on-line. Mo\u017cna je naby\u0107 osobi\u015bcie w naszym sklepie. Warunkiem nabycia broni jest przed\u0142o\u017cenie aktualnego za\u015bwiadczenia (promesy) uprawniaj\u0105cej do zakupu broni oraz dowodu osobistego. Niniejsz\u0105 ofert\u0119 zamieszczamy w celu pogl\u0105dowym. Przed zakupem broni prosimy o kontakt telefoniczny.<\/em><\/p>\n","protected":false},"excerpt":{"rendered":"<p>CZ 457 American LH Wersja dla lewor\u0119cznych modelu CZ 457 American. To karabinek bocznego zap\u0142onu, kt\u00f3ry uciele\u015bnia ducha klasycznej ameryka\u0144skiej broni sportowej i my\u015bliwskiej. Lakierowana osada<span class=\"excerpt-hellip\"> [\u2026]<\/span><\/p>\n","protected":false},"featured_media":3060,"comment_status":"closed","ping_status":"closed","template":"","meta":[],"product_cat":[43,50],"product_tag":[],"class_list":{"0":"post-3059","1":"product","2":"type-product","3":"status-publish","4":"has-post-thumbnail","6":"product_cat-bron-dluga","7":"product_cat-cz-2","9":"first","10":"instock","11":"shipping-taxable","12":"product-type-simple"},"_links":{"self":[{"href":"https:\/\/www.strzelnica-magnum.pl\/en\/wp-json\/wp\/v2\/product\/3059","targetHints":{"allow":["GET"]}}],"collection":[{"href":"https:\/\/www.strzelnica-magnum.pl\/en\/wp-json\/wp\/v2\/product"}],"about":[{"href":"https:\/\/www.strzelnica-magnum.pl\/en\/wp-json\/wp\/v2\/types\/product"}],"replies":[{"embeddable":true,"href":"https:\/\/www.strzelnica-magnum.pl\/en\/wp-json\/wp\/v2\/comments?post=3059"}],"wp:featuredmedia":[{"embeddable":true,"href":"https:\/\/www.strzelnica-magnum.pl\/en\/wp-json\/wp\/v2\/media\/3060"}],"wp:attachment":[{"href":"https:\/\/www.strzelnica-magnum.pl\/en\/wp-json\/wp\/v2\/media?parent=3059"}],"wp:term":[{"taxonomy":"product_cat","embeddable":true,"href":"https:\/\/www.strzelnica-magnum.pl\/en\/wp-json\/wp\/v2\/product_cat?post=3059"},{"taxonomy":"product_tag","embeddable":true,"href":"https:\/\/www.strzelnica-magnum.pl\/en\/wp-json\/wp\/v2\/product_tag?post=3059"}],"curies":[{"name":"wp","href":"https:\/\/api.w.org\/{rel}","templated":true}]}}