{"id":3053,"date":"2025-06-26T10:48:50","date_gmt":"2025-06-26T10:48:50","guid":{"rendered":"https:\/\/www.strzelnica-magnum.pl\/?post_type=product&#038;p=3053"},"modified":"2025-06-26T10:48:50","modified_gmt":"2025-06-26T10:48:50","slug":"cz-75-b-omega-2","status":"publish","type":"product","link":"https:\/\/www.strzelnica-magnum.pl\/en\/uzbrojenie\/bron-krotka\/cz-75-b-omega-2\/","title":{"rendered":"CZ 75 B Omega"},"content":{"rendered":"<p><strong>CZ 75 B Omega<\/strong> <\/p>\n<p>Sercem tego modelu jest mechanizm spustowy Omega. Zosta\u0142 on ca\u0142kowicie przeprojektowany, aby sk\u0142ada\u0107 si\u0119 z mniejszej liczby cz\u0119\u015bci, co przek\u0142ada si\u0119 na jego zwi\u0119kszon\u0105 wytrzyma\u0142o\u015b\u0107, d\u0142u\u017csz\u0105 \u017cywotno\u015b\u0107 i znacznie prostszy monta\u017c oraz demonta\u017c.<\/p>\n<p>Najwi\u0119ksz\u0105 zalet\u0105 systemu jest jego mo\u017cliwo\u015b\u0107 \u0142atwej konfiguracji przez u\u017cytkownika. W zaledwie kilka minut mo\u017cna samodzielnie zamieni\u0107 fabrycznie zamontowany bezpiecznik nastawny na zwalniacz napi\u0119tego kurka (decocker) \u2013 i odwrotnie. Dzi\u0119ki temu strzelec mo\u017ce w pe\u0142ni dostosowa\u0107 bro\u0144 do swoich preferencji i nawyk\u00f3w, bez konieczno\u015bci wizyty u rusznikarza.<\/p>\n<p>Cena <strong>3 900 z\u0142<\/strong><\/p>\n<p><em>Bro\u0144 palna, amunicja i istotne elementy broni nie s\u0105 sprzedawane on-line. Mo\u017cna je naby\u0107 osobi\u015bcie w naszym sklepie. Warunkiem nabycia broni jest przed\u0142o\u017cenie aktualnego za\u015bwiadczenia (promesy) uprawniaj\u0105cej do zakupu broni oraz dowodu osobistego. Niniejsz\u0105 ofert\u0119 zamieszczamy w celu pogl\u0105dowym. Przed zakupem broni prosimy o kontakt telefoniczny.<\/em><\/p>\n","protected":false},"excerpt":{"rendered":"<p>CZ 75 B Omega Sercem tego modelu jest mechanizm spustowy Omega. Zosta\u0142 on ca\u0142kowicie przeprojektowany, aby sk\u0142ada\u0107 si\u0119 z mniejszej liczby cz\u0119\u015bci, co przek\u0142ada si\u0119 na<span class=\"excerpt-hellip\"> [\u2026]<\/span><\/p>\n","protected":false},"featured_media":3054,"comment_status":"closed","ping_status":"closed","template":"","meta":[],"product_cat":[42,49],"product_tag":[],"class_list":{"0":"post-3053","1":"product","2":"type-product","3":"status-publish","4":"has-post-thumbnail","6":"product_cat-bron-krotka","7":"product_cat-cz","9":"first","10":"instock","11":"shipping-taxable","12":"product-type-simple"},"_links":{"self":[{"href":"https:\/\/www.strzelnica-magnum.pl\/en\/wp-json\/wp\/v2\/product\/3053","targetHints":{"allow":["GET"]}}],"collection":[{"href":"https:\/\/www.strzelnica-magnum.pl\/en\/wp-json\/wp\/v2\/product"}],"about":[{"href":"https:\/\/www.strzelnica-magnum.pl\/en\/wp-json\/wp\/v2\/types\/product"}],"replies":[{"embeddable":true,"href":"https:\/\/www.strzelnica-magnum.pl\/en\/wp-json\/wp\/v2\/comments?post=3053"}],"wp:featuredmedia":[{"embeddable":true,"href":"https:\/\/www.strzelnica-magnum.pl\/en\/wp-json\/wp\/v2\/media\/3054"}],"wp:attachment":[{"href":"https:\/\/www.strzelnica-magnum.pl\/en\/wp-json\/wp\/v2\/media?parent=3053"}],"wp:term":[{"taxonomy":"product_cat","embeddable":true,"href":"https:\/\/www.strzelnica-magnum.pl\/en\/wp-json\/wp\/v2\/product_cat?post=3053"},{"taxonomy":"product_tag","embeddable":true,"href":"https:\/\/www.strzelnica-magnum.pl\/en\/wp-json\/wp\/v2\/product_tag?post=3053"}],"curies":[{"name":"wp","href":"https:\/\/api.w.org\/{rel}","templated":true}]}}