{"id":3050,"date":"2025-06-26T10:42:25","date_gmt":"2025-06-26T10:42:25","guid":{"rendered":"https:\/\/www.strzelnica-magnum.pl\/?post_type=product&#038;p=3050"},"modified":"2025-06-26T10:42:25","modified_gmt":"2025-06-26T10:42:25","slug":"cz-75-b","status":"publish","type":"product","link":"https:\/\/www.strzelnica-magnum.pl\/en\/uzbrojenie\/bron-krotka\/cz-75-b\/","title":{"rendered":"CZ 75 B"},"content":{"rendered":"<p><strong>CZ 75 B<\/strong> \u017cywa legenda i jeden z najbardziej wp\u0142ywowych projekt\u00f3w w historii rusznikarstwa. Od swojej premiery w 1975 roku, model ten zdoby\u0142 uznanie na ca\u0142ym \u015bwiecie dzi\u0119ki niezr\u00f3wnanemu po\u0142\u0105czeniu niezawodno\u015bci, ergonomii i celno\u015bci. Stanowi on wzorzec dla wielu wsp\u00f3\u0142czesnych konstrukcji i do dzi\u015b pozostaje jednym z najch\u0119tniej wybieranych pistolet\u00f3w przez strzelc\u00f3w cywilnych, sportowych oraz s\u0142u\u017cby mundurowe.<\/p>\n<p>Model z oznaczeniem &#8220;B&#8221; jest unowocze\u015bnion\u0105 wersj\u0105 klasyka, wyposa\u017con\u0105 w wewn\u0119trzn\u0105 blokad\u0119 iglicy, kt\u00f3ra zwi\u0119ksza bezpiecze\u0144stwo u\u017cytkowania bez wp\u0142ywu na legendarn\u0105 jako\u015b\u0107 pracy mechanizmu spustowego.<\/p>\n<p>Cena <strong>4 000 z\u0142<\/strong><\/p>\n<p><em>Bro\u0144 palna, amunicja i istotne elementy broni nie s\u0105 sprzedawane on-line. Mo\u017cna je naby\u0107 osobi\u015bcie w naszym sklepie. Warunkiem nabycia broni jest przed\u0142o\u017cenie aktualnego za\u015bwiadczenia (promesy) uprawniaj\u0105cej do zakupu broni oraz dowodu osobistego. Niniejsz\u0105 ofert\u0119 zamieszczamy w celu pogl\u0105dowym. Przed zakupem broni prosimy o kontakt telefoniczny.<\/em><\/p>\n","protected":false},"excerpt":{"rendered":"<p>CZ 75 B \u017cywa legenda i jeden z najbardziej wp\u0142ywowych projekt\u00f3w w historii rusznikarstwa. Od swojej premiery w 1975 roku, model ten zdoby\u0142 uznanie na ca\u0142ym<span class=\"excerpt-hellip\"> [\u2026]<\/span><\/p>\n","protected":false},"featured_media":3051,"comment_status":"closed","ping_status":"closed","template":"","meta":[],"product_cat":[42,49],"product_tag":[],"class_list":{"0":"post-3050","1":"product","2":"type-product","3":"status-publish","4":"has-post-thumbnail","6":"product_cat-bron-krotka","7":"product_cat-cz","9":"first","10":"instock","11":"shipping-taxable","12":"product-type-simple"},"_links":{"self":[{"href":"https:\/\/www.strzelnica-magnum.pl\/en\/wp-json\/wp\/v2\/product\/3050","targetHints":{"allow":["GET"]}}],"collection":[{"href":"https:\/\/www.strzelnica-magnum.pl\/en\/wp-json\/wp\/v2\/product"}],"about":[{"href":"https:\/\/www.strzelnica-magnum.pl\/en\/wp-json\/wp\/v2\/types\/product"}],"replies":[{"embeddable":true,"href":"https:\/\/www.strzelnica-magnum.pl\/en\/wp-json\/wp\/v2\/comments?post=3050"}],"wp:featuredmedia":[{"embeddable":true,"href":"https:\/\/www.strzelnica-magnum.pl\/en\/wp-json\/wp\/v2\/media\/3051"}],"wp:attachment":[{"href":"https:\/\/www.strzelnica-magnum.pl\/en\/wp-json\/wp\/v2\/media?parent=3050"}],"wp:term":[{"taxonomy":"product_cat","embeddable":true,"href":"https:\/\/www.strzelnica-magnum.pl\/en\/wp-json\/wp\/v2\/product_cat?post=3050"},{"taxonomy":"product_tag","embeddable":true,"href":"https:\/\/www.strzelnica-magnum.pl\/en\/wp-json\/wp\/v2\/product_tag?post=3050"}],"curies":[{"name":"wp","href":"https:\/\/api.w.org\/{rel}","templated":true}]}}