{"id":3043,"date":"2025-06-26T10:34:52","date_gmt":"2025-06-26T10:34:52","guid":{"rendered":"https:\/\/www.strzelnica-magnum.pl\/?post_type=product&#038;p=3043"},"modified":"2025-06-26T10:34:52","modified_gmt":"2025-06-26T10:34:52","slug":"cz-ts-2-blue","status":"publish","type":"product","link":"https:\/\/www.strzelnica-magnum.pl\/en\/uzbrojenie\/bron-krotka\/cz-ts-2-blue\/","title":{"rendered":"CZ TS 2 Blue"},"content":{"rendered":"<p><strong>CZ TS 2 Blue<\/strong> <\/p>\n<p>Bardziej zaawansowana wersja sportowego modelu specjalnego do klasy IPSC Standard, z p\u0142askimi ok\u0142adzinami z zielonego, anodyzowanego duraluminium oraz magazynkami z denkami w tym samym kolorze. Zaawansowane komponenty obejmuj\u0105 metalow\u0105 szczerbink\u0119 z regulacj\u0105 wysoko\u015bci, oparcie dla kciuka (thumb rest), p\u0142aski zwalniacz zamka oraz regulowany zwalniacz magazynka z zielonego, anodyzowanego duraluminium.<\/p>\n<p>Dost\u0119pny w wersji 9&#215;19 w cenie <strong>6 700 z\u0142<\/strong> lub w wersji 40S&#038;W w cenie <strong>7 300 z\u0142<\/strong><\/p>\n<p><em>Bro\u0144 palna, amunicja i istotne elementy broni nie s\u0105 sprzedawane on-line. Mo\u017cna je naby\u0107 osobi\u015bcie w naszym sklepie. Warunkiem nabycia broni jest przed\u0142o\u017cenie aktualnego za\u015bwiadczenia (promesy) uprawniaj\u0105cej do zakupu broni oraz dowodu osobistego. Niniejsz\u0105 ofert\u0119 zamieszczamy w celu pogl\u0105dowym. Przed zakupem broni prosimy o kontakt telefoniczny.<\/em><\/p>\n","protected":false},"excerpt":{"rendered":"<p>CZ TS 2 Blue Bardziej zaawansowana wersja sportowego modelu specjalnego do klasy IPSC Standard, z p\u0142askimi ok\u0142adzinami z zielonego, anodyzowanego duraluminium oraz magazynkami z denkami w<span class=\"excerpt-hellip\"> [\u2026]<\/span><\/p>\n","protected":false},"featured_media":3044,"comment_status":"closed","ping_status":"closed","template":"","meta":[],"product_cat":[42,49],"product_tag":[],"class_list":{"0":"post-3043","1":"product","2":"type-product","3":"status-publish","4":"has-post-thumbnail","6":"product_cat-bron-krotka","7":"product_cat-cz","9":"first","10":"instock","11":"shipping-taxable","12":"product-type-simple"},"_links":{"self":[{"href":"https:\/\/www.strzelnica-magnum.pl\/en\/wp-json\/wp\/v2\/product\/3043","targetHints":{"allow":["GET"]}}],"collection":[{"href":"https:\/\/www.strzelnica-magnum.pl\/en\/wp-json\/wp\/v2\/product"}],"about":[{"href":"https:\/\/www.strzelnica-magnum.pl\/en\/wp-json\/wp\/v2\/types\/product"}],"replies":[{"embeddable":true,"href":"https:\/\/www.strzelnica-magnum.pl\/en\/wp-json\/wp\/v2\/comments?post=3043"}],"wp:featuredmedia":[{"embeddable":true,"href":"https:\/\/www.strzelnica-magnum.pl\/en\/wp-json\/wp\/v2\/media\/3044"}],"wp:attachment":[{"href":"https:\/\/www.strzelnica-magnum.pl\/en\/wp-json\/wp\/v2\/media?parent=3043"}],"wp:term":[{"taxonomy":"product_cat","embeddable":true,"href":"https:\/\/www.strzelnica-magnum.pl\/en\/wp-json\/wp\/v2\/product_cat?post=3043"},{"taxonomy":"product_tag","embeddable":true,"href":"https:\/\/www.strzelnica-magnum.pl\/en\/wp-json\/wp\/v2\/product_tag?post=3043"}],"curies":[{"name":"wp","href":"https:\/\/api.w.org\/{rel}","templated":true}]}}