{"id":3040,"date":"2025-06-26T10:31:21","date_gmt":"2025-06-26T10:31:21","guid":{"rendered":"https:\/\/www.strzelnica-magnum.pl\/?post_type=product&#038;p=3040"},"modified":"2025-06-26T10:31:21","modified_gmt":"2025-06-26T10:31:21","slug":"cz-ts-2-racing-green","status":"publish","type":"product","link":"https:\/\/www.strzelnica-magnum.pl\/en\/uzbrojenie\/bron-krotka\/cz-ts-2-racing-green\/","title":{"rendered":"CZ TS 2 Racing Green"},"content":{"rendered":"<p><strong>CZ TS 2 Racing Green<\/strong> <\/p>\n<p>Bardziej zaawansowana wersja sportowego modelu specjalnego do klasy IPSC Standard, z p\u0142askimi ok\u0142adzinami z zielonego, anodyzowanego duraluminium oraz magazynkami z denkami w tym samym kolorze. Zaawansowane komponenty obejmuj\u0105 metalow\u0105 szczerbink\u0119 z regulacj\u0105 wysoko\u015bci, oparcie dla kciuka (thumb rest), p\u0142aski zwalniacz zamka oraz regulowany zwalniacz magazynka z zielonego, anodyzowanego duraluminium.<\/p>\n<p><strong>Cena 8 900 z\u0142<\/strong> <\/p>\n<p><em>Bro\u0144 palna, amunicja i istotne elementy broni nie s\u0105 sprzedawane on-line. Mo\u017cna je naby\u0107 osobi\u015bcie w naszym sklepie. Warunkiem nabycia broni jest przed\u0142o\u017cenie aktualnego za\u015bwiadczenia (promesy) uprawniaj\u0105cej do zakupu broni oraz dowodu osobistego. Niniejsz\u0105 ofert\u0119 zamieszczamy w celu pogl\u0105dowym. Przed zakupem broni prosimy o kontakt telefoniczny.<\/em><\/p>\n","protected":false},"excerpt":{"rendered":"<p>CZ TS 2 Racing Green Bardziej zaawansowana wersja sportowego modelu specjalnego do klasy IPSC Standard, z p\u0142askimi ok\u0142adzinami z zielonego, anodyzowanego duraluminium oraz magazynkami z denkami<span class=\"excerpt-hellip\"> [\u2026]<\/span><\/p>\n","protected":false},"featured_media":3041,"comment_status":"closed","ping_status":"closed","template":"","meta":[],"product_cat":[42,49],"product_tag":[],"class_list":{"0":"post-3040","1":"product","2":"type-product","3":"status-publish","4":"has-post-thumbnail","6":"product_cat-bron-krotka","7":"product_cat-cz","9":"first","10":"instock","11":"shipping-taxable","12":"product-type-simple"},"_links":{"self":[{"href":"https:\/\/www.strzelnica-magnum.pl\/en\/wp-json\/wp\/v2\/product\/3040","targetHints":{"allow":["GET"]}}],"collection":[{"href":"https:\/\/www.strzelnica-magnum.pl\/en\/wp-json\/wp\/v2\/product"}],"about":[{"href":"https:\/\/www.strzelnica-magnum.pl\/en\/wp-json\/wp\/v2\/types\/product"}],"replies":[{"embeddable":true,"href":"https:\/\/www.strzelnica-magnum.pl\/en\/wp-json\/wp\/v2\/comments?post=3040"}],"wp:featuredmedia":[{"embeddable":true,"href":"https:\/\/www.strzelnica-magnum.pl\/en\/wp-json\/wp\/v2\/media\/3041"}],"wp:attachment":[{"href":"https:\/\/www.strzelnica-magnum.pl\/en\/wp-json\/wp\/v2\/media?parent=3040"}],"wp:term":[{"taxonomy":"product_cat","embeddable":true,"href":"https:\/\/www.strzelnica-magnum.pl\/en\/wp-json\/wp\/v2\/product_cat?post=3040"},{"taxonomy":"product_tag","embeddable":true,"href":"https:\/\/www.strzelnica-magnum.pl\/en\/wp-json\/wp\/v2\/product_tag?post=3040"}],"curies":[{"name":"wp","href":"https:\/\/api.w.org\/{rel}","templated":true}]}}