{"id":3037,"date":"2025-06-26T10:25:23","date_gmt":"2025-06-26T10:25:23","guid":{"rendered":"https:\/\/www.strzelnica-magnum.pl\/?post_type=product&#038;p=3037"},"modified":"2025-06-26T10:26:07","modified_gmt":"2025-06-26T10:26:07","slug":"cz-ts-2-deep-bronze","status":"publish","type":"product","link":"https:\/\/www.strzelnica-magnum.pl\/en\/uzbrojenie\/bron-krotka\/cz-ts-2-deep-bronze\/","title":{"rendered":"CZ TS 2 Deep Bronze"},"content":{"rendered":"<p><strong>CZ TS 2 Deep Bronze<\/strong> <\/p>\n<p>Sportowa wersja specjalna z r\u0119cznie pasowanymi, niestandardowymi komponentami do rywalizacji w klasie IPSC Standard. Posiada dopasowany zamek i szkielet z wyko\u0144czeniem w kolorze Deep Bronze, a tak\u017ce polerowan\u0105 luf\u0119. P\u0142askie ok\u0142adziny, stopka magazynka i regulowany zwalniacz magazynka wykonane s\u0105 z czarnego, anodyzowanego duraluminium. W standardzie znajduje si\u0119 p\u0142aski zwalniacz zamka oraz oparcie dla kciuka (thumb rest).<\/p>\n<p><strong>Cena 11 200 z\u0142<\/strong> <\/p>\n<p><em>Bro\u0144 palna, amunicja i istotne elementy broni nie s\u0105 sprzedawane on-line. Mo\u017cna je naby\u0107 osobi\u015bcie w naszym sklepie. Warunkiem nabycia broni jest przed\u0142o\u017cenie aktualnego za\u015bwiadczenia (promesy) uprawniaj\u0105cej do zakupu broni oraz dowodu osobistego. Niniejsz\u0105 ofert\u0119 zamieszczamy w celu pogl\u0105dowym. Przed zakupem broni prosimy o kontakt telefoniczny.<\/em><\/p>\n","protected":false},"excerpt":{"rendered":"<p>CZ TS 2 Deep Bronze Sportowa wersja specjalna z r\u0119cznie pasowanymi, niestandardowymi komponentami do rywalizacji w klasie IPSC Standard. Posiada dopasowany zamek i szkielet z wyko\u0144czeniem<span class=\"excerpt-hellip\"> [\u2026]<\/span><\/p>\n","protected":false},"featured_media":3038,"comment_status":"closed","ping_status":"closed","template":"","meta":[],"product_cat":[42,49],"product_tag":[],"class_list":{"0":"post-3037","1":"product","2":"type-product","3":"status-publish","4":"has-post-thumbnail","6":"product_cat-bron-krotka","7":"product_cat-cz","9":"first","10":"instock","11":"shipping-taxable","12":"product-type-simple"},"_links":{"self":[{"href":"https:\/\/www.strzelnica-magnum.pl\/en\/wp-json\/wp\/v2\/product\/3037","targetHints":{"allow":["GET"]}}],"collection":[{"href":"https:\/\/www.strzelnica-magnum.pl\/en\/wp-json\/wp\/v2\/product"}],"about":[{"href":"https:\/\/www.strzelnica-magnum.pl\/en\/wp-json\/wp\/v2\/types\/product"}],"replies":[{"embeddable":true,"href":"https:\/\/www.strzelnica-magnum.pl\/en\/wp-json\/wp\/v2\/comments?post=3037"}],"wp:featuredmedia":[{"embeddable":true,"href":"https:\/\/www.strzelnica-magnum.pl\/en\/wp-json\/wp\/v2\/media\/3038"}],"wp:attachment":[{"href":"https:\/\/www.strzelnica-magnum.pl\/en\/wp-json\/wp\/v2\/media?parent=3037"}],"wp:term":[{"taxonomy":"product_cat","embeddable":true,"href":"https:\/\/www.strzelnica-magnum.pl\/en\/wp-json\/wp\/v2\/product_cat?post=3037"},{"taxonomy":"product_tag","embeddable":true,"href":"https:\/\/www.strzelnica-magnum.pl\/en\/wp-json\/wp\/v2\/product_tag?post=3037"}],"curies":[{"name":"wp","href":"https:\/\/api.w.org\/{rel}","templated":true}]}}