{"id":3034,"date":"2025-06-26T10:23:41","date_gmt":"2025-06-26T10:23:41","guid":{"rendered":"https:\/\/www.strzelnica-magnum.pl\/?post_type=product&#038;p=3034"},"modified":"2025-06-26T10:23:41","modified_gmt":"2025-06-26T10:23:41","slug":"cz-ts-2-orange","status":"publish","type":"product","link":"https:\/\/www.strzelnica-magnum.pl\/en\/uzbrojenie\/bron-krotka\/cz-ts-2-orange\/","title":{"rendered":"CZ TS 2 Orange"},"content":{"rendered":"<p><strong>CZ TS 2 Orange<\/strong> <\/p>\n<p>Mistrzowski pistolet sportowy opracowany w \u015bcis\u0142ej wsp\u00f3\u0142pracy z elitarnymi strzelcami z zespo\u0142u CZ Shooting Team. Jego parametry zosta\u0142y zoptymalizowane przede wszystkim do rywalizacji w dywizji IPSC Standard, ale podobnie jak inne pistolety z serii CZ TS 2, mo\u017ce by\u0107 r\u00f3wnie\u017c u\u017cywany w innych dyscyplinach strzeleckich.<\/p>\n<p>Dost\u0119pny w wersji 40S&#038;W lub 9&#215;19.<br \/>\n<strong>Cena 13 000 z\u0142<\/strong> <\/p>\n<p><em>Bro\u0144 palna, amunicja i istotne elementy broni nie s\u0105 sprzedawane on-line. Mo\u017cna je naby\u0107 osobi\u015bcie w naszym sklepie. Warunkiem nabycia broni jest przed\u0142o\u017cenie aktualnego za\u015bwiadczenia (promesy) uprawniaj\u0105cej do zakupu broni oraz dowodu osobistego. Niniejsz\u0105 ofert\u0119 zamieszczamy w celu pogl\u0105dowym. Przed zakupem broni prosimy o kontakt telefoniczny.<\/em><\/p>\n","protected":false},"excerpt":{"rendered":"<p>CZ TS 2 Orange Mistrzowski pistolet sportowy opracowany w \u015bcis\u0142ej wsp\u00f3\u0142pracy z elitarnymi strzelcami z zespo\u0142u CZ Shooting Team. Jego parametry zosta\u0142y zoptymalizowane przede wszystkim do<span class=\"excerpt-hellip\"> [\u2026]<\/span><\/p>\n","protected":false},"featured_media":3035,"comment_status":"closed","ping_status":"closed","template":"","meta":[],"product_cat":[42,49],"product_tag":[],"class_list":{"0":"post-3034","1":"product","2":"type-product","3":"status-publish","4":"has-post-thumbnail","6":"product_cat-bron-krotka","7":"product_cat-cz","9":"first","10":"instock","11":"shipping-taxable","12":"product-type-simple"},"_links":{"self":[{"href":"https:\/\/www.strzelnica-magnum.pl\/en\/wp-json\/wp\/v2\/product\/3034","targetHints":{"allow":["GET"]}}],"collection":[{"href":"https:\/\/www.strzelnica-magnum.pl\/en\/wp-json\/wp\/v2\/product"}],"about":[{"href":"https:\/\/www.strzelnica-magnum.pl\/en\/wp-json\/wp\/v2\/types\/product"}],"replies":[{"embeddable":true,"href":"https:\/\/www.strzelnica-magnum.pl\/en\/wp-json\/wp\/v2\/comments?post=3034"}],"wp:featuredmedia":[{"embeddable":true,"href":"https:\/\/www.strzelnica-magnum.pl\/en\/wp-json\/wp\/v2\/media\/3035"}],"wp:attachment":[{"href":"https:\/\/www.strzelnica-magnum.pl\/en\/wp-json\/wp\/v2\/media?parent=3034"}],"wp:term":[{"taxonomy":"product_cat","embeddable":true,"href":"https:\/\/www.strzelnica-magnum.pl\/en\/wp-json\/wp\/v2\/product_cat?post=3034"},{"taxonomy":"product_tag","embeddable":true,"href":"https:\/\/www.strzelnica-magnum.pl\/en\/wp-json\/wp\/v2\/product_tag?post=3034"}],"curies":[{"name":"wp","href":"https:\/\/api.w.org\/{rel}","templated":true}]}}