{"id":3031,"date":"2025-06-26T10:20:11","date_gmt":"2025-06-26T10:20:11","guid":{"rendered":"https:\/\/www.strzelnica-magnum.pl\/?post_type=product&#038;p=3031"},"modified":"2025-06-26T10:20:12","modified_gmt":"2025-06-26T10:20:12","slug":"cz-shadow-2-compact-or","status":"publish","type":"product","link":"https:\/\/www.strzelnica-magnum.pl\/en\/uzbrojenie\/bron-krotka\/cz-shadow-2-compact-or\/","title":{"rendered":"CZ Shadow 2 Compact OR"},"content":{"rendered":"<p><strong>CZ Shadow 2 Compact OR<\/strong> to idealna, kompaktowa bro\u0144 dla u\u017cytkownik\u00f3w i fan\u00f3w modeli CZ SHADOW 2, kt\u00f3re s\u0105 niezwykle popularnym wyborem w\u015br\u00f3d zawodnik\u00f3w startuj\u0105cych w dywizjach IPSC PRODUCTION i PRODUCTION OPTICS.<\/p>\n<p>Dzi\u0119ki zmniejszeniu rozmiaru i znacznej redukcji wagi, CZ SHADOW 2 COMPACT zachowuje te same kluczowe cechy, komfort strzelania i celno\u015b\u0107, kt\u00f3re przyczyni\u0142y si\u0119 do zwyci\u0119stw serii CZ SHADOW 2 w najbardziej presti\u017cowych mistrzostwach na \u015bwiecie. Jego kompaktowe wymiary i niska waga zapewniaj\u0105 komfort noszenia przez ca\u0142y dzie\u0144 i czyni\u0105 go doskona\u0142ym wyborem do skrytego noszenia.<\/p>\n<p>Dost\u0119pny w wersji 5&#8243; oraz 6&#8243;.<br \/>\n<strong>Cena 6 350 z\u0142<\/strong> <\/p>\n<p><em>Bro\u0144 palna, amunicja i istotne elementy broni nie s\u0105 sprzedawane on-line. Mo\u017cna je naby\u0107 osobi\u015bcie w naszym sklepie. Warunkiem nabycia broni jest przed\u0142o\u017cenie aktualnego za\u015bwiadczenia (promesy) uprawniaj\u0105cej do zakupu broni oraz dowodu osobistego. Niniejsz\u0105 ofert\u0119 zamieszczamy w celu pogl\u0105dowym. Przed zakupem broni prosimy o kontakt telefoniczny.<\/em><\/p>\n","protected":false},"excerpt":{"rendered":"<p>CZ Shadow 2 Compact OR to idealna, kompaktowa bro\u0144 dla u\u017cytkownik\u00f3w i fan\u00f3w modeli CZ SHADOW 2, kt\u00f3re s\u0105 niezwykle popularnym wyborem w\u015br\u00f3d zawodnik\u00f3w startuj\u0105cych w<span class=\"excerpt-hellip\"> [\u2026]<\/span><\/p>\n","protected":false},"featured_media":3032,"comment_status":"closed","ping_status":"closed","template":"","meta":[],"product_cat":[42,49],"product_tag":[],"class_list":{"0":"post-3031","1":"product","2":"type-product","3":"status-publish","4":"has-post-thumbnail","6":"product_cat-bron-krotka","7":"product_cat-cz","9":"first","10":"instock","11":"shipping-taxable","12":"product-type-simple"},"_links":{"self":[{"href":"https:\/\/www.strzelnica-magnum.pl\/en\/wp-json\/wp\/v2\/product\/3031","targetHints":{"allow":["GET"]}}],"collection":[{"href":"https:\/\/www.strzelnica-magnum.pl\/en\/wp-json\/wp\/v2\/product"}],"about":[{"href":"https:\/\/www.strzelnica-magnum.pl\/en\/wp-json\/wp\/v2\/types\/product"}],"replies":[{"embeddable":true,"href":"https:\/\/www.strzelnica-magnum.pl\/en\/wp-json\/wp\/v2\/comments?post=3031"}],"wp:featuredmedia":[{"embeddable":true,"href":"https:\/\/www.strzelnica-magnum.pl\/en\/wp-json\/wp\/v2\/media\/3032"}],"wp:attachment":[{"href":"https:\/\/www.strzelnica-magnum.pl\/en\/wp-json\/wp\/v2\/media?parent=3031"}],"wp:term":[{"taxonomy":"product_cat","embeddable":true,"href":"https:\/\/www.strzelnica-magnum.pl\/en\/wp-json\/wp\/v2\/product_cat?post=3031"},{"taxonomy":"product_tag","embeddable":true,"href":"https:\/\/www.strzelnica-magnum.pl\/en\/wp-json\/wp\/v2\/product_tag?post=3031"}],"curies":[{"name":"wp","href":"https:\/\/api.w.org\/{rel}","templated":true}]}}