{"id":3028,"date":"2025-06-26T10:16:36","date_gmt":"2025-06-26T10:16:36","guid":{"rendered":"https:\/\/www.strzelnica-magnum.pl\/?post_type=product&#038;p=3028"},"modified":"2025-06-26T10:16:36","modified_gmt":"2025-06-26T10:16:36","slug":"cz-shadow-2-target","status":"publish","type":"product","link":"https:\/\/www.strzelnica-magnum.pl\/en\/uzbrojenie\/bron-krotka\/cz-shadow-2-target\/","title":{"rendered":"CZ Shadow 2 Target"},"content":{"rendered":"<p><strong>CZ Shadow 2 Target<\/strong> <\/p>\n<p>Filozofia CZ SHADOW 2 TARGET opiera si\u0119 na ca\u0142kowitym dostosowaniu do potrzeb ka\u017cdego strzelca. Kluczowy jest wysoki poziom regulacji dost\u0119pny dla u\u017cytkownika. Idzie to w parze z naciskiem na w\u0105skie tolerancje, co skutkuje absolutn\u0105 precyzj\u0105.<\/p>\n<p>Dost\u0119pny w wersji 5&#8243; oraz 6&#8243;.<br \/>\n<strong>Cena 7 550 z\u0142<\/strong> <\/p>\n<p><em>Bro\u0144 palna, amunicja i istotne elementy broni nie s\u0105 sprzedawane on-line. Mo\u017cna je naby\u0107 osobi\u015bcie w naszym sklepie. Warunkiem nabycia broni jest przed\u0142o\u017cenie aktualnego za\u015bwiadczenia (promesy) uprawniaj\u0105cej do zakupu broni oraz dowodu osobistego. Niniejsz\u0105 ofert\u0119 zamieszczamy w celu pogl\u0105dowym. Przed zakupem broni prosimy o kontakt telefoniczny.<\/em><\/p>\n","protected":false},"excerpt":{"rendered":"<p>CZ Shadow 2 Target Filozofia CZ SHADOW 2 TARGET opiera si\u0119 na ca\u0142kowitym dostosowaniu do potrzeb ka\u017cdego strzelca. Kluczowy jest wysoki poziom regulacji dost\u0119pny dla u\u017cytkownika.<span class=\"excerpt-hellip\"> [\u2026]<\/span><\/p>\n","protected":false},"featured_media":3029,"comment_status":"closed","ping_status":"closed","template":"","meta":[],"product_cat":[42,49],"product_tag":[],"class_list":{"0":"post-3028","1":"product","2":"type-product","3":"status-publish","4":"has-post-thumbnail","6":"product_cat-bron-krotka","7":"product_cat-cz","9":"first","10":"instock","11":"shipping-taxable","12":"product-type-simple"},"_links":{"self":[{"href":"https:\/\/www.strzelnica-magnum.pl\/en\/wp-json\/wp\/v2\/product\/3028","targetHints":{"allow":["GET"]}}],"collection":[{"href":"https:\/\/www.strzelnica-magnum.pl\/en\/wp-json\/wp\/v2\/product"}],"about":[{"href":"https:\/\/www.strzelnica-magnum.pl\/en\/wp-json\/wp\/v2\/types\/product"}],"replies":[{"embeddable":true,"href":"https:\/\/www.strzelnica-magnum.pl\/en\/wp-json\/wp\/v2\/comments?post=3028"}],"wp:featuredmedia":[{"embeddable":true,"href":"https:\/\/www.strzelnica-magnum.pl\/en\/wp-json\/wp\/v2\/media\/3029"}],"wp:attachment":[{"href":"https:\/\/www.strzelnica-magnum.pl\/en\/wp-json\/wp\/v2\/media?parent=3028"}],"wp:term":[{"taxonomy":"product_cat","embeddable":true,"href":"https:\/\/www.strzelnica-magnum.pl\/en\/wp-json\/wp\/v2\/product_cat?post=3028"},{"taxonomy":"product_tag","embeddable":true,"href":"https:\/\/www.strzelnica-magnum.pl\/en\/wp-json\/wp\/v2\/product_tag?post=3028"}],"curies":[{"name":"wp","href":"https:\/\/api.w.org\/{rel}","templated":true}]}}