{"id":3025,"date":"2025-06-26T10:12:53","date_gmt":"2025-06-26T10:12:53","guid":{"rendered":"https:\/\/www.strzelnica-magnum.pl\/?post_type=product&#038;p=3025"},"modified":"2025-06-26T10:12:53","modified_gmt":"2025-06-26T10:12:53","slug":"cz-shadow-2-orange-or","status":"publish","type":"product","link":"https:\/\/www.strzelnica-magnum.pl\/en\/uzbrojenie\/bron-krotka\/cz-shadow-2-orange-or\/","title":{"rendered":"CZ Shadow 2 Orange OR"},"content":{"rendered":"<p><strong>CZ Shadow 2 Orange OR<\/strong> <\/p>\n<p>Zmodernizowana wersja doskona\u0142ego pistoletu sportowego, kt\u00f3ra wzniesie Twoje wra\u017cenia i wyniki strzeleckie na najwy\u017cszy poziom! Zaawansowan\u0105 konstrukcj\u0119 tego modelu wzbogacono o precyzyjne, r\u0119cznie pasowane modyfikacje oraz zastosowanie najwy\u017cszej jako\u015bci komponent\u00f3w do strzelectwa sportowego. Nowo\u015bci\u0105 jest interfejs do ekstremalnie niskiego, a zarazem niezwykle wytrzyma\u0142ego monta\u017cu nowoczesnych, kompaktowych celownik\u00f3w kolimatorowych.<\/p>\n<p><strong>Cena 10 900 z\u0142<\/strong> <\/p>\n<p><em>Bro\u0144 palna, amunicja i istotne elementy broni nie s\u0105 sprzedawane on-line. Mo\u017cna je naby\u0107 osobi\u015bcie w naszym sklepie. Warunkiem nabycia broni jest przed\u0142o\u017cenie aktualnego za\u015bwiadczenia (promesy) uprawniaj\u0105cej do zakupu broni oraz dowodu osobistego. Niniejsz\u0105 ofert\u0119 zamieszczamy w celu pogl\u0105dowym. Przed zakupem broni prosimy o kontakt telefoniczny.<\/em><\/p>\n","protected":false},"excerpt":{"rendered":"<p>CZ Shadow 2 Orange OR Zmodernizowana wersja doskona\u0142ego pistoletu sportowego, kt\u00f3ra wzniesie Twoje wra\u017cenia i wyniki strzeleckie na najwy\u017cszy poziom! Zaawansowan\u0105 konstrukcj\u0119 tego modelu wzbogacono o<span class=\"excerpt-hellip\"> [\u2026]<\/span><\/p>\n","protected":false},"featured_media":3026,"comment_status":"closed","ping_status":"closed","template":"","meta":[],"product_cat":[42,49],"product_tag":[],"class_list":{"0":"post-3025","1":"product","2":"type-product","3":"status-publish","4":"has-post-thumbnail","6":"product_cat-bron-krotka","7":"product_cat-cz","9":"first","10":"instock","11":"shipping-taxable","12":"product-type-simple"},"_links":{"self":[{"href":"https:\/\/www.strzelnica-magnum.pl\/en\/wp-json\/wp\/v2\/product\/3025","targetHints":{"allow":["GET"]}}],"collection":[{"href":"https:\/\/www.strzelnica-magnum.pl\/en\/wp-json\/wp\/v2\/product"}],"about":[{"href":"https:\/\/www.strzelnica-magnum.pl\/en\/wp-json\/wp\/v2\/types\/product"}],"replies":[{"embeddable":true,"href":"https:\/\/www.strzelnica-magnum.pl\/en\/wp-json\/wp\/v2\/comments?post=3025"}],"wp:featuredmedia":[{"embeddable":true,"href":"https:\/\/www.strzelnica-magnum.pl\/en\/wp-json\/wp\/v2\/media\/3026"}],"wp:attachment":[{"href":"https:\/\/www.strzelnica-magnum.pl\/en\/wp-json\/wp\/v2\/media?parent=3025"}],"wp:term":[{"taxonomy":"product_cat","embeddable":true,"href":"https:\/\/www.strzelnica-magnum.pl\/en\/wp-json\/wp\/v2\/product_cat?post=3025"},{"taxonomy":"product_tag","embeddable":true,"href":"https:\/\/www.strzelnica-magnum.pl\/en\/wp-json\/wp\/v2\/product_tag?post=3025"}],"curies":[{"name":"wp","href":"https:\/\/api.w.org\/{rel}","templated":true}]}}