{"id":3015,"date":"2025-06-26T10:02:59","date_gmt":"2025-06-26T10:02:59","guid":{"rendered":"https:\/\/www.strzelnica-magnum.pl\/?post_type=product&#038;p=3015"},"modified":"2025-06-26T10:02:59","modified_gmt":"2025-06-26T10:02:59","slug":"cz-shadow-2-9x19-urban-grey","status":"publish","type":"product","link":"https:\/\/www.strzelnica-magnum.pl\/en\/uzbrojenie\/bron-krotka\/cz-shadow-2-9x19-urban-grey\/","title":{"rendered":"CZ Shadow 2 9&#215;19 Urban Grey"},"content":{"rendered":"<p><strong>CZ Shadow 2 9&#215;19 Urban Grey<\/strong> <\/p>\n<p>Tradycyjna czer\u0144 to nie jedyny kolor, kt\u00f3ry pasuje do sportu. Dlatego w portfolio CZ znajduje si\u0119 model, kt\u00f3rego szkielet pokryto wysoce trwa\u0142\u0105 pow\u0142ok\u0105 w modnej i popularnej kolorystyce Urban Grey, kt\u00f3ra pi\u0119knie kontrastuje z czarnymi, aluminiowymi ok\u0142adzinami chwytu.<\/p>\n<p><strong>Cena 6 350 z\u0142<\/strong> <\/p>\n<p><em>Bro\u0144 palna, amunicja i istotne elementy broni nie s\u0105 sprzedawane on-line. Mo\u017cna je naby\u0107 osobi\u015bcie w naszym sklepie. Warunkiem nabycia broni jest przed\u0142o\u017cenie aktualnego za\u015bwiadczenia (promesy) uprawniaj\u0105cej do zakupu broni oraz dowodu osobistego. Niniejsz\u0105 ofert\u0119 zamieszczamy w celu pogl\u0105dowym. Przed zakupem broni prosimy o kontakt telefoniczny.<\/em><\/p>\n","protected":false},"excerpt":{"rendered":"<p>CZ Shadow 2 9&#215;19 Urban Grey Tradycyjna czer\u0144 to nie jedyny kolor, kt\u00f3ry pasuje do sportu. Dlatego w portfolio CZ znajduje si\u0119 model, kt\u00f3rego szkielet pokryto<span class=\"excerpt-hellip\"> [\u2026]<\/span><\/p>\n","protected":false},"featured_media":3016,"comment_status":"closed","ping_status":"closed","template":"","meta":[],"product_cat":[42,49],"product_tag":[],"class_list":{"0":"post-3015","1":"product","2":"type-product","3":"status-publish","4":"has-post-thumbnail","6":"product_cat-bron-krotka","7":"product_cat-cz","9":"first","10":"instock","11":"shipping-taxable","12":"product-type-simple"},"_links":{"self":[{"href":"https:\/\/www.strzelnica-magnum.pl\/en\/wp-json\/wp\/v2\/product\/3015","targetHints":{"allow":["GET"]}}],"collection":[{"href":"https:\/\/www.strzelnica-magnum.pl\/en\/wp-json\/wp\/v2\/product"}],"about":[{"href":"https:\/\/www.strzelnica-magnum.pl\/en\/wp-json\/wp\/v2\/types\/product"}],"replies":[{"embeddable":true,"href":"https:\/\/www.strzelnica-magnum.pl\/en\/wp-json\/wp\/v2\/comments?post=3015"}],"wp:featuredmedia":[{"embeddable":true,"href":"https:\/\/www.strzelnica-magnum.pl\/en\/wp-json\/wp\/v2\/media\/3016"}],"wp:attachment":[{"href":"https:\/\/www.strzelnica-magnum.pl\/en\/wp-json\/wp\/v2\/media?parent=3015"}],"wp:term":[{"taxonomy":"product_cat","embeddable":true,"href":"https:\/\/www.strzelnica-magnum.pl\/en\/wp-json\/wp\/v2\/product_cat?post=3015"},{"taxonomy":"product_tag","embeddable":true,"href":"https:\/\/www.strzelnica-magnum.pl\/en\/wp-json\/wp\/v2\/product_tag?post=3015"}],"curies":[{"name":"wp","href":"https:\/\/api.w.org\/{rel}","templated":true}]}}