{"id":3009,"date":"2025-06-26T09:55:14","date_gmt":"2025-06-26T09:55:14","guid":{"rendered":"https:\/\/www.strzelnica-magnum.pl\/?post_type=product&#038;p=3009"},"modified":"2025-06-26T09:55:14","modified_gmt":"2025-06-26T09:55:14","slug":"cz-p-10-f-45-auto","status":"publish","type":"product","link":"https:\/\/www.strzelnica-magnum.pl\/en\/uzbrojenie\/bron-krotka\/cz-p-10-f-45-auto\/","title":{"rendered":"CZ P-10 F 45 AUTO"},"content":{"rendered":"<p><strong>CZ P-10 F 45 AUTO<\/strong> <\/p>\n<p>Pierwszy pistolet z udanej serii CZ P-10 na ponadczasow\u0105 amunicj\u0119 45 Auto. Ten pot\u0119\u017cny, pe\u0142nowymiarowy model \u0142\u0105czy zwi\u0119kszon\u0105 pojemno\u015b\u0107 13+1 naboj\u00f3w w magazynku z kluczowymi zaletami rodziny CZ P-10, do kt\u00f3rych nale\u017c\u0105 doskona\u0142a ergonomia, lekki spust, wysoka celno\u015b\u0107, imponuj\u0105ca trwa\u0142o\u015b\u0107, ekstremalna niezawodno\u015b\u0107 i precyzyjne wykonanie.<\/p>\n<p><strong>Cena 3 100 z\u0142<\/strong> <\/p>\n<p><em>Bro\u0144 palna, amunicja i istotne elementy broni nie s\u0105 sprzedawane on-line. Mo\u017cna je naby\u0107 osobi\u015bcie w naszym sklepie. Warunkiem nabycia broni jest przed\u0142o\u017cenie aktualnego za\u015bwiadczenia (promesy) uprawniaj\u0105cej do zakupu broni oraz dowodu osobistego. Niniejsz\u0105 ofert\u0119 zamieszczamy w celu pogl\u0105dowym. Przed zakupem broni prosimy o kontakt telefoniczny.<\/em><\/p>\n","protected":false},"excerpt":{"rendered":"<p>CZ P-10 F 45 AUTO Pierwszy pistolet z udanej serii CZ P-10 na ponadczasow\u0105 amunicj\u0119 45 Auto. Ten pot\u0119\u017cny, pe\u0142nowymiarowy model \u0142\u0105czy zwi\u0119kszon\u0105 pojemno\u015b\u0107 13+1 naboj\u00f3w<span class=\"excerpt-hellip\"> [\u2026]<\/span><\/p>\n","protected":false},"featured_media":3010,"comment_status":"closed","ping_status":"closed","template":"","meta":[],"product_cat":[42,49],"product_tag":[],"class_list":{"0":"post-3009","1":"product","2":"type-product","3":"status-publish","4":"has-post-thumbnail","6":"product_cat-bron-krotka","7":"product_cat-cz","9":"first","10":"instock","11":"shipping-taxable","12":"product-type-simple"},"_links":{"self":[{"href":"https:\/\/www.strzelnica-magnum.pl\/en\/wp-json\/wp\/v2\/product\/3009","targetHints":{"allow":["GET"]}}],"collection":[{"href":"https:\/\/www.strzelnica-magnum.pl\/en\/wp-json\/wp\/v2\/product"}],"about":[{"href":"https:\/\/www.strzelnica-magnum.pl\/en\/wp-json\/wp\/v2\/types\/product"}],"replies":[{"embeddable":true,"href":"https:\/\/www.strzelnica-magnum.pl\/en\/wp-json\/wp\/v2\/comments?post=3009"}],"wp:featuredmedia":[{"embeddable":true,"href":"https:\/\/www.strzelnica-magnum.pl\/en\/wp-json\/wp\/v2\/media\/3010"}],"wp:attachment":[{"href":"https:\/\/www.strzelnica-magnum.pl\/en\/wp-json\/wp\/v2\/media?parent=3009"}],"wp:term":[{"taxonomy":"product_cat","embeddable":true,"href":"https:\/\/www.strzelnica-magnum.pl\/en\/wp-json\/wp\/v2\/product_cat?post=3009"},{"taxonomy":"product_tag","embeddable":true,"href":"https:\/\/www.strzelnica-magnum.pl\/en\/wp-json\/wp\/v2\/product_tag?post=3009"}],"curies":[{"name":"wp","href":"https:\/\/api.w.org\/{rel}","templated":true}]}}