{"id":2994,"date":"2025-06-25T13:35:52","date_gmt":"2025-06-25T13:35:52","guid":{"rendered":"https:\/\/www.strzelnica-magnum.pl\/?post_type=product&#038;p=2994"},"modified":"2025-06-25T13:36:26","modified_gmt":"2025-06-25T13:36:26","slug":"cz-p-10-f-or","status":"publish","type":"product","link":"https:\/\/www.strzelnica-magnum.pl\/en\/uzbrojenie\/bron-krotka\/cz-p-10-f-or\/","title":{"rendered":"CZ P-10 F OR"},"content":{"rendered":"<p><strong>CZ P-10 F OR<\/strong> <\/p>\n<p>Model CZ P-10 F OR (Optics-Ready) zosta\u0142 zaprojektowany z my\u015bl\u0105 o coraz popularniejszej opcji szybkiego i \u0142atwego monta\u017cu celownika kolimatorowego. Oryginalny interfejs monta\u017cowy CZ jest znany ze swojej solidno\u015bci, wytrzyma\u0142o\u015bci, trwa\u0142o\u015bci, niskiej wysoko\u015bci osadzenia oraz \u0142atwo\u015bci celowania z u\u017cyciem kolimatora na kr\u00f3tkich i d\u0142ugich dystansach. Model ten jest r\u00f3wnie\u017c wyposa\u017cony w wysokie mechaniczne przyrz\u0105dy celownicze (typu cowitness) na wypadek uszkodzenia lub awarii optyki.<\/p>\n<p><strong>Cena 3 100 z\u0142<\/strong> <\/p>\n<p><em>Bro\u0144 palna, amunicja i istotne elementy broni nie s\u0105 sprzedawane on-line. Mo\u017cna je naby\u0107 osobi\u015bcie w naszym sklepie. Warunkiem nabycia broni jest przed\u0142o\u017cenie aktualnego za\u015bwiadczenia (promesy) uprawniaj\u0105cej do zakupu broni oraz dowodu osobistego. Niniejsz\u0105 ofert\u0119 zamieszczamy w celu pogl\u0105dowym. Przed zakupem broni prosimy o kontakt telefoniczny.<\/em><\/p>\n","protected":false},"excerpt":{"rendered":"<p>CZ P-10 F OR Model CZ P-10 F OR (Optics-Ready) zosta\u0142 zaprojektowany z my\u015bl\u0105 o coraz popularniejszej opcji szybkiego i \u0142atwego monta\u017cu celownika kolimatorowego. Oryginalny interfejs<span class=\"excerpt-hellip\"> [\u2026]<\/span><\/p>\n","protected":false},"featured_media":2995,"comment_status":"closed","ping_status":"closed","template":"","meta":[],"product_cat":[42,49],"product_tag":[],"class_list":{"0":"post-2994","1":"product","2":"type-product","3":"status-publish","4":"has-post-thumbnail","6":"product_cat-bron-krotka","7":"product_cat-cz","9":"first","10":"instock","11":"shipping-taxable","12":"product-type-simple"},"_links":{"self":[{"href":"https:\/\/www.strzelnica-magnum.pl\/en\/wp-json\/wp\/v2\/product\/2994","targetHints":{"allow":["GET"]}}],"collection":[{"href":"https:\/\/www.strzelnica-magnum.pl\/en\/wp-json\/wp\/v2\/product"}],"about":[{"href":"https:\/\/www.strzelnica-magnum.pl\/en\/wp-json\/wp\/v2\/types\/product"}],"replies":[{"embeddable":true,"href":"https:\/\/www.strzelnica-magnum.pl\/en\/wp-json\/wp\/v2\/comments?post=2994"}],"wp:featuredmedia":[{"embeddable":true,"href":"https:\/\/www.strzelnica-magnum.pl\/en\/wp-json\/wp\/v2\/media\/2995"}],"wp:attachment":[{"href":"https:\/\/www.strzelnica-magnum.pl\/en\/wp-json\/wp\/v2\/media?parent=2994"}],"wp:term":[{"taxonomy":"product_cat","embeddable":true,"href":"https:\/\/www.strzelnica-magnum.pl\/en\/wp-json\/wp\/v2\/product_cat?post=2994"},{"taxonomy":"product_tag","embeddable":true,"href":"https:\/\/www.strzelnica-magnum.pl\/en\/wp-json\/wp\/v2\/product_tag?post=2994"}],"curies":[{"name":"wp","href":"https:\/\/api.w.org\/{rel}","templated":true}]}}