{"id":2976,"date":"2025-06-25T13:09:04","date_gmt":"2025-06-25T13:09:04","guid":{"rendered":"https:\/\/www.strzelnica-magnum.pl\/?post_type=product&#038;p=2976"},"modified":"2025-06-25T13:09:04","modified_gmt":"2025-06-25T13:09:04","slug":"cz-p-10-s","status":"publish","type":"product","link":"https:\/\/www.strzelnica-magnum.pl\/en\/uzbrojenie\/bron-krotka\/cz-p-10-s\/","title":{"rendered":"CZ P-10 S"},"content":{"rendered":"<p><strong>CZ P-10 S<\/strong> <\/p>\n<p>Mocny subkompakt o du\u017cej pojemno\u015bci, ze zoptymalizowanymi wymiarami do skrytego noszenia, zachowuj\u0105cy przy tym najwy\u017cszy mo\u017cliwy komfort strzelania, niezawodno\u015b\u0107 i celno\u015b\u0107. Jego pojemno\u015b\u0107 ogniowa wynosz\u0105ca 12+1, kt\u00f3ra jest imponuj\u0105ca w tej klasie, w modelu CZ P-10 S mo\u017ce zosta\u0107 \u0142atwo zwi\u0119kszona o kolejne dwa naboje kalibru 9&#215;19 mm dzi\u0119ki wymiennej stopce magazynka.<\/p>\n<p><strong>Cena 2 850 z\u0142<\/strong> <\/p>\n<p><em>Bro\u0144 palna, amunicja i istotne elementy broni nie s\u0105 sprzedawane on-line. Mo\u017cna je naby\u0107 osobi\u015bcie w naszym sklepie. Warunkiem nabycia broni jest przed\u0142o\u017cenie aktualnego za\u015bwiadczenia (promesy) uprawniaj\u0105cej do zakupu broni oraz dowodu osobistego. Niniejsz\u0105 ofert\u0119 zamieszczamy w celu pogl\u0105dowym. Przed zakupem broni prosimy o kontakt telefoniczny.<\/em><\/p>\n","protected":false},"excerpt":{"rendered":"<p>CZ P-10 S Mocny subkompakt o du\u017cej pojemno\u015bci, ze zoptymalizowanymi wymiarami do skrytego noszenia, zachowuj\u0105cy przy tym najwy\u017cszy mo\u017cliwy komfort strzelania, niezawodno\u015b\u0107 i celno\u015b\u0107. Jego pojemno\u015b\u0107<span class=\"excerpt-hellip\"> [\u2026]<\/span><\/p>\n","protected":false},"featured_media":2977,"comment_status":"closed","ping_status":"closed","template":"","meta":[],"product_cat":[42,49],"product_tag":[],"class_list":{"0":"post-2976","1":"product","2":"type-product","3":"status-publish","4":"has-post-thumbnail","6":"product_cat-bron-krotka","7":"product_cat-cz","9":"first","10":"instock","11":"shipping-taxable","12":"product-type-simple"},"_links":{"self":[{"href":"https:\/\/www.strzelnica-magnum.pl\/en\/wp-json\/wp\/v2\/product\/2976","targetHints":{"allow":["GET"]}}],"collection":[{"href":"https:\/\/www.strzelnica-magnum.pl\/en\/wp-json\/wp\/v2\/product"}],"about":[{"href":"https:\/\/www.strzelnica-magnum.pl\/en\/wp-json\/wp\/v2\/types\/product"}],"replies":[{"embeddable":true,"href":"https:\/\/www.strzelnica-magnum.pl\/en\/wp-json\/wp\/v2\/comments?post=2976"}],"wp:featuredmedia":[{"embeddable":true,"href":"https:\/\/www.strzelnica-magnum.pl\/en\/wp-json\/wp\/v2\/media\/2977"}],"wp:attachment":[{"href":"https:\/\/www.strzelnica-magnum.pl\/en\/wp-json\/wp\/v2\/media?parent=2976"}],"wp:term":[{"taxonomy":"product_cat","embeddable":true,"href":"https:\/\/www.strzelnica-magnum.pl\/en\/wp-json\/wp\/v2\/product_cat?post=2976"},{"taxonomy":"product_tag","embeddable":true,"href":"https:\/\/www.strzelnica-magnum.pl\/en\/wp-json\/wp\/v2\/product_tag?post=2976"}],"curies":[{"name":"wp","href":"https:\/\/api.w.org\/{rel}","templated":true}]}}