{"id":2973,"date":"2025-06-25T13:04:15","date_gmt":"2025-06-25T13:04:15","guid":{"rendered":"https:\/\/www.strzelnica-magnum.pl\/?post_type=product&#038;p=2973"},"modified":"2025-06-25T13:04:15","modified_gmt":"2025-06-25T13:04:15","slug":"cz-p-10-m","status":"publish","type":"product","link":"https:\/\/www.strzelnica-magnum.pl\/en\/uzbrojenie\/bron-krotka\/cz-p-10-m\/","title":{"rendered":"CZ P-10 M"},"content":{"rendered":"<p><strong>CZ P-10 M<\/strong> to niezawodny i wyj\u0105tkowo celny pistolet w wersji subkompaktowej (supercompact). Zachowuje on wyr\u00f3\u017cniaj\u0105ce cechy, kt\u00f3re odr\u00f3\u017cniaj\u0105 go od innych pistolet\u00f3w bezkurkowych (striker-fired), przede wszystkim znakomit\u0105 ergonomi\u0119 i doskona\u0142y spust.<\/p>\n<p>Dzi\u0119ki zmniejszonym wymiarom i szeroko\u015bci, zosta\u0142 on zoptymalizowany pod k\u0105tem komfortowego skrytego noszenia, zachowuj\u0105c przy tym pojemno\u015b\u0107 7+1 naboj\u00f3w kalibru 9&#215;19 mm. Wewn\u0119trzny zwalniacz zamka oraz przyjazny dla u\u017cytkownika spust sprawiaj\u0105, \u017ce CZ P-10 M jest idealn\u0105 broni\u0105 do codziennego noszenia.<\/p>\n<p><strong>Cena 2 600 z\u0142<\/strong> <\/p>\n<p><em>Bro\u0144 palna, amunicja i istotne elementy broni nie s\u0105 sprzedawane on-line. Mo\u017cna je naby\u0107 osobi\u015bcie w naszym sklepie. Warunkiem nabycia broni jest przed\u0142o\u017cenie aktualnego za\u015bwiadczenia (promesy) uprawniaj\u0105cej do zakupu broni oraz dowodu osobistego. Niniejsz\u0105 ofert\u0119 zamieszczamy w celu pogl\u0105dowym. Przed zakupem broni prosimy o kontakt telefoniczny.<\/em><\/p>\n","protected":false},"excerpt":{"rendered":"<p>CZ P-10 M to niezawodny i wyj\u0105tkowo celny pistolet w wersji subkompaktowej (supercompact). Zachowuje on wyr\u00f3\u017cniaj\u0105ce cechy, kt\u00f3re odr\u00f3\u017cniaj\u0105 go od innych pistolet\u00f3w bezkurkowych (striker-fired), przede<span class=\"excerpt-hellip\"> [\u2026]<\/span><\/p>\n","protected":false},"featured_media":2974,"comment_status":"closed","ping_status":"closed","template":"","meta":[],"product_cat":[42,49],"product_tag":[],"class_list":{"0":"post-2973","1":"product","2":"type-product","3":"status-publish","4":"has-post-thumbnail","6":"product_cat-bron-krotka","7":"product_cat-cz","9":"first","10":"instock","11":"shipping-taxable","12":"product-type-simple"},"_links":{"self":[{"href":"https:\/\/www.strzelnica-magnum.pl\/en\/wp-json\/wp\/v2\/product\/2973","targetHints":{"allow":["GET"]}}],"collection":[{"href":"https:\/\/www.strzelnica-magnum.pl\/en\/wp-json\/wp\/v2\/product"}],"about":[{"href":"https:\/\/www.strzelnica-magnum.pl\/en\/wp-json\/wp\/v2\/types\/product"}],"replies":[{"embeddable":true,"href":"https:\/\/www.strzelnica-magnum.pl\/en\/wp-json\/wp\/v2\/comments?post=2973"}],"wp:featuredmedia":[{"embeddable":true,"href":"https:\/\/www.strzelnica-magnum.pl\/en\/wp-json\/wp\/v2\/media\/2974"}],"wp:attachment":[{"href":"https:\/\/www.strzelnica-magnum.pl\/en\/wp-json\/wp\/v2\/media?parent=2973"}],"wp:term":[{"taxonomy":"product_cat","embeddable":true,"href":"https:\/\/www.strzelnica-magnum.pl\/en\/wp-json\/wp\/v2\/product_cat?post=2973"},{"taxonomy":"product_tag","embeddable":true,"href":"https:\/\/www.strzelnica-magnum.pl\/en\/wp-json\/wp\/v2\/product_tag?post=2973"}],"curies":[{"name":"wp","href":"https:\/\/api.w.org\/{rel}","templated":true}]}}