{"id":2970,"date":"2025-06-25T12:58:06","date_gmt":"2025-06-25T12:58:06","guid":{"rendered":"https:\/\/www.strzelnica-magnum.pl\/?post_type=product&#038;p=2970"},"modified":"2025-06-25T12:58:06","modified_gmt":"2025-06-25T12:58:06","slug":"cz-p-09-kadet-2","status":"publish","type":"product","link":"https:\/\/www.strzelnica-magnum.pl\/en\/uzbrojenie\/bron-krotka\/cz-p-09-kadet-2\/","title":{"rendered":"CZ P-09 Kadet"},"content":{"rendered":"<p><strong>CZ P-09 Kadet<\/strong> poznaj CZ P-09 Kadet \u2013 pistolet, kt\u00f3ry \u0142\u0105czy legendarn\u0105, pe\u0142nowymiarow\u0105 platform\u0119 P-09 z ekonomicznym i niezwykle przyjemnym w strzelaniu kalibrem .22 LR. To idealne narz\u0119dzie do regularnego treningu, strzelectwa rekreacyjnego oraz bezpiecznego wprowadzania nowych pasjonat\u00f3w w \u015bwiat sportu strzeleckiego.<\/p>\n<p>Dzi\u0119ki zachowaniu identycznych wymiar\u00f3w, ergonomii i sposobu obs\u0142ugi co jego bojowy odpowiednik w kalibrze 9&#215;19 mm, P-09 Kadet pozwala na doskonalenie nawyk\u00f3w strzeleckich, pracy na spu\u015bcie i kontroli broni przy minimalnych kosztach amunicji. To bezkompromisowe rozwi\u0105zanie dla ka\u017cdego posiadacza pistoletu CZ P-09, kt\u00f3ry chce trenowa\u0107 wi\u0119cej i taniej.<\/p>\n<p><strong>Cena 2 850 z\u0142<\/strong> <\/p>\n<p><em>Bro\u0144 palna, amunicja i istotne elementy broni nie s\u0105 sprzedawane on-line. Mo\u017cna je naby\u0107 osobi\u015bcie w naszym sklepie. Warunkiem nabycia broni jest przed\u0142o\u017cenie aktualnego za\u015bwiadczenia (promesy) uprawniaj\u0105cej do zakupu broni oraz dowodu osobistego. Niniejsz\u0105 ofert\u0119 zamieszczamy w celu pogl\u0105dowym. Przed zakupem broni prosimy o kontakt telefoniczny.<\/em><\/p>\n","protected":false},"excerpt":{"rendered":"<p>CZ P-09 Kadet poznaj CZ P-09 Kadet \u2013 pistolet, kt\u00f3ry \u0142\u0105czy legendarn\u0105, pe\u0142nowymiarow\u0105 platform\u0119 P-09 z ekonomicznym i niezwykle przyjemnym w strzelaniu kalibrem .22 LR. To<span class=\"excerpt-hellip\"> [\u2026]<\/span><\/p>\n","protected":false},"featured_media":2971,"comment_status":"closed","ping_status":"closed","template":"","meta":[],"product_cat":[42,49],"product_tag":[],"class_list":{"0":"post-2970","1":"product","2":"type-product","3":"status-publish","4":"has-post-thumbnail","6":"product_cat-bron-krotka","7":"product_cat-cz","9":"first","10":"instock","11":"shipping-taxable","12":"product-type-simple"},"_links":{"self":[{"href":"https:\/\/www.strzelnica-magnum.pl\/en\/wp-json\/wp\/v2\/product\/2970","targetHints":{"allow":["GET"]}}],"collection":[{"href":"https:\/\/www.strzelnica-magnum.pl\/en\/wp-json\/wp\/v2\/product"}],"about":[{"href":"https:\/\/www.strzelnica-magnum.pl\/en\/wp-json\/wp\/v2\/types\/product"}],"replies":[{"embeddable":true,"href":"https:\/\/www.strzelnica-magnum.pl\/en\/wp-json\/wp\/v2\/comments?post=2970"}],"wp:featuredmedia":[{"embeddable":true,"href":"https:\/\/www.strzelnica-magnum.pl\/en\/wp-json\/wp\/v2\/media\/2971"}],"wp:attachment":[{"href":"https:\/\/www.strzelnica-magnum.pl\/en\/wp-json\/wp\/v2\/media?parent=2970"}],"wp:term":[{"taxonomy":"product_cat","embeddable":true,"href":"https:\/\/www.strzelnica-magnum.pl\/en\/wp-json\/wp\/v2\/product_cat?post=2970"},{"taxonomy":"product_tag","embeddable":true,"href":"https:\/\/www.strzelnica-magnum.pl\/en\/wp-json\/wp\/v2\/product_tag?post=2970"}],"curies":[{"name":"wp","href":"https:\/\/api.w.org\/{rel}","templated":true}]}}