{"id":2967,"date":"2025-06-25T12:22:21","date_gmt":"2025-06-25T12:22:21","guid":{"rendered":"https:\/\/www.strzelnica-magnum.pl\/?post_type=product&#038;p=2967"},"modified":"2025-06-25T12:22:21","modified_gmt":"2025-06-25T12:22:21","slug":"cz-p-07-kadet","status":"publish","type":"product","link":"https:\/\/www.strzelnica-magnum.pl\/en\/uzbrojenie\/bron-krotka\/cz-p-07-kadet\/","title":{"rendered":"CZ P-07 Kadet"},"content":{"rendered":"<p><strong>CZ P-07 Kadet<\/strong> to \u015bwietnie wykonany pistolet o doskona\u0142ych proporcjach, przez wielu strzelc\u00f3w uwa\u017cany za du\u017co ciekawszy od wi\u0119kszej wersji P-09 Kadet. Pomimo mniejszego chwytu jest on nadal bardzo komfortowy i zapewnia zbudowanie prawid\u0142owego i pewnego chwytu nawet dla strzelc\u00f3w do wi\u0119kszych d\u0142oniach. W kontroli nad broni\u0105 pomaga r\u00f3wnie\u017c \u015bwietne wywa\u017cenie mniejszego pistoletu. Dodatkowo w bocznym zap\u0142onie o du\u017co mniejszej energii, bro\u0144 \u0142atwiej kontrolowa\u0107. M\u00f3wi\u0105c kr\u00f3tko z kompaktowego Kadeta strzela si\u0119 bardzo przyjemnie. I tanio &#8211; co bez dw\u00f3ch zda\u0144 jest wielk\u0105 zalet\u0105 broni bocznego zap\u0142onu.<\/p>\n<p><strong>Cena 2 850 z\u0142<\/strong> <\/p>\n<p><em>Bro\u0144 palna, amunicja i istotne elementy broni nie s\u0105 sprzedawane on-line. Mo\u017cna je naby\u0107 osobi\u015bcie w naszym sklepie. Warunkiem nabycia broni jest przed\u0142o\u017cenie aktualnego za\u015bwiadczenia (promesy) uprawniaj\u0105cej do zakupu broni oraz dowodu osobistego. Niniejsz\u0105 ofert\u0119 zamieszczamy w celu pogl\u0105dowym. Przed zakupem broni prosimy o kontakt telefoniczny.<\/em><\/p>\n","protected":false},"excerpt":{"rendered":"<p>CZ P-07 Kadet to \u015bwietnie wykonany pistolet o doskona\u0142ych proporcjach, przez wielu strzelc\u00f3w uwa\u017cany za du\u017co ciekawszy od wi\u0119kszej wersji P-09 Kadet. Pomimo mniejszego chwytu jest<span class=\"excerpt-hellip\"> [\u2026]<\/span><\/p>\n","protected":false},"featured_media":2968,"comment_status":"closed","ping_status":"closed","template":"","meta":[],"product_cat":[42,49],"product_tag":[],"class_list":{"0":"post-2967","1":"product","2":"type-product","3":"status-publish","4":"has-post-thumbnail","6":"product_cat-bron-krotka","7":"product_cat-cz","9":"first","10":"instock","11":"shipping-taxable","12":"product-type-simple"},"_links":{"self":[{"href":"https:\/\/www.strzelnica-magnum.pl\/en\/wp-json\/wp\/v2\/product\/2967","targetHints":{"allow":["GET"]}}],"collection":[{"href":"https:\/\/www.strzelnica-magnum.pl\/en\/wp-json\/wp\/v2\/product"}],"about":[{"href":"https:\/\/www.strzelnica-magnum.pl\/en\/wp-json\/wp\/v2\/types\/product"}],"replies":[{"embeddable":true,"href":"https:\/\/www.strzelnica-magnum.pl\/en\/wp-json\/wp\/v2\/comments?post=2967"}],"wp:featuredmedia":[{"embeddable":true,"href":"https:\/\/www.strzelnica-magnum.pl\/en\/wp-json\/wp\/v2\/media\/2968"}],"wp:attachment":[{"href":"https:\/\/www.strzelnica-magnum.pl\/en\/wp-json\/wp\/v2\/media?parent=2967"}],"wp:term":[{"taxonomy":"product_cat","embeddable":true,"href":"https:\/\/www.strzelnica-magnum.pl\/en\/wp-json\/wp\/v2\/product_cat?post=2967"},{"taxonomy":"product_tag","embeddable":true,"href":"https:\/\/www.strzelnica-magnum.pl\/en\/wp-json\/wp\/v2\/product_tag?post=2967"}],"curies":[{"name":"wp","href":"https:\/\/api.w.org\/{rel}","templated":true}]}}