{"id":2964,"date":"2025-06-25T12:09:00","date_gmt":"2025-06-25T12:09:00","guid":{"rendered":"https:\/\/www.strzelnica-magnum.pl\/?post_type=product&#038;p=2964"},"modified":"2025-06-25T12:09:00","modified_gmt":"2025-06-25T12:09:00","slug":"cz-600-american","status":"publish","type":"product","link":"https:\/\/www.strzelnica-magnum.pl\/en\/uzbrojenie\/bron-dluga\/cz-600-american\/","title":{"rendered":"CZ 600 American"},"content":{"rendered":"<p><strong>CZ 600 American<\/strong> to nowoczesny karabin powtarzalny centralnego zap\u0142onu w ameryka\u0144skim stylu, wyposa\u017cony w pi\u0119knie wykonan\u0105 osad\u0119 z orzecha tureckiego z motywem lilii (fleur-de-lis) na chwycie. Dost\u0119pny w szerokiej gamie kalibr\u00f3w, od 223 Rem. po 300 Win. Mag., jest got\u00f3w sprosta\u0107 potrzebom szerokiego grona my\u015bliwych i strzelc\u00f3w sportowych.<\/p>\n<p>Dost\u0119pny w wersjach:<br \/>\n&#8211; 223 Rem.<br \/>\n&#8211; 243 Win.<br \/>\n&#8211; 270 Win.<br \/>\n&#8211; 30-60 Spring.<br \/>\n&#8211; 300 WM<br \/>\n&#8211; 308 Win.<br \/>\n&#8211; 7,62&#215;39<br \/>\n&#8211; 6,5 Creedmoor<\/p>\n<p><strong>Cena 5 450 z\u0142<\/strong> <\/p>\n<p><em>Bro\u0144 palna, amunicja i istotne elementy broni nie s\u0105 sprzedawane on-line. Mo\u017cna je naby\u0107 osobi\u015bcie w naszym sklepie. Warunkiem nabycia broni jest przed\u0142o\u017cenie aktualnego za\u015bwiadczenia (promesy) uprawniaj\u0105cej do zakupu broni oraz dowodu osobistego. Niniejsz\u0105 ofert\u0119 zamieszczamy w celu pogl\u0105dowym. Przed zakupem broni prosimy o kontakt telefoniczny.<\/em><\/p>\n","protected":false},"excerpt":{"rendered":"<p>CZ 600 American to nowoczesny karabin powtarzalny centralnego zap\u0142onu w ameryka\u0144skim stylu, wyposa\u017cony w pi\u0119knie wykonan\u0105 osad\u0119 z orzecha tureckiego z motywem lilii (fleur-de-lis) na chwycie.<span class=\"excerpt-hellip\"> [\u2026]<\/span><\/p>\n","protected":false},"featured_media":2965,"comment_status":"closed","ping_status":"closed","template":"","meta":[],"product_cat":[43,50],"product_tag":[],"class_list":{"0":"post-2964","1":"product","2":"type-product","3":"status-publish","4":"has-post-thumbnail","6":"product_cat-bron-dluga","7":"product_cat-cz-2","9":"first","10":"instock","11":"shipping-taxable","12":"product-type-simple"},"_links":{"self":[{"href":"https:\/\/www.strzelnica-magnum.pl\/en\/wp-json\/wp\/v2\/product\/2964","targetHints":{"allow":["GET"]}}],"collection":[{"href":"https:\/\/www.strzelnica-magnum.pl\/en\/wp-json\/wp\/v2\/product"}],"about":[{"href":"https:\/\/www.strzelnica-magnum.pl\/en\/wp-json\/wp\/v2\/types\/product"}],"replies":[{"embeddable":true,"href":"https:\/\/www.strzelnica-magnum.pl\/en\/wp-json\/wp\/v2\/comments?post=2964"}],"wp:featuredmedia":[{"embeddable":true,"href":"https:\/\/www.strzelnica-magnum.pl\/en\/wp-json\/wp\/v2\/media\/2965"}],"wp:attachment":[{"href":"https:\/\/www.strzelnica-magnum.pl\/en\/wp-json\/wp\/v2\/media?parent=2964"}],"wp:term":[{"taxonomy":"product_cat","embeddable":true,"href":"https:\/\/www.strzelnica-magnum.pl\/en\/wp-json\/wp\/v2\/product_cat?post=2964"},{"taxonomy":"product_tag","embeddable":true,"href":"https:\/\/www.strzelnica-magnum.pl\/en\/wp-json\/wp\/v2\/product_tag?post=2964"}],"curies":[{"name":"wp","href":"https:\/\/api.w.org\/{rel}","templated":true}]}}