{"id":2961,"date":"2025-06-25T12:02:55","date_gmt":"2025-06-25T12:02:55","guid":{"rendered":"https:\/\/www.strzelnica-magnum.pl\/?post_type=product&#038;p=2961"},"modified":"2025-06-25T12:02:55","modified_gmt":"2025-06-25T12:02:55","slug":"cz-600-ergo","status":"publish","type":"product","link":"https:\/\/www.strzelnica-magnum.pl\/en\/uzbrojenie\/bron-dluga\/cz-600-ergo\/","title":{"rendered":"CZ 600 Ergo"},"content":{"rendered":"<p><strong>CZ 600 Ergo<\/strong> <\/p>\n<p>Ten model premium z luf\u0105 o lekkim profilu jest wyposa\u017cony w specjalnie zaprojektowan\u0105 osad\u0119 z polimeru wzmocnionego w\u0142\u00f3knem szklanym o wyrafinowanej ergonomii, kt\u00f3ra nie tylko zapewnia maksymalny komfort strzelania, ale tak\u017ce przyczynia si\u0119 do jego wysokiej celno\u015bci.<br \/>\nW ofercie znajduje si\u0119 sze\u015b\u0107 najpopularniejszych kalibr\u00f3w, od 223 Rem. do 300 Win. Mag. Optyk\u0119 mo\u017cna montowa\u0107 na znormalizowanych szynach, zintegrowanych z wytrzyma\u0142\u0105, aluminiow\u0105 komor\u0105 zamkow\u0105. Po aktywacji blokady magazynka karabin zmienia konfiguracj\u0119 na bro\u0144 ze sta\u0142ym magazynkiem.<br \/>\nModel CZ 600 ERGO posiada gwarantowan\u0105, fabrycznie testowan\u0105 celno\u015b\u0107 poni\u017cej MOA na 100 metrach (dla grup trzystrza\u0142owych przy u\u017cyciu fabrycznej amunicji wyczynowej).<\/p>\n<p>Dost\u0119pny w wersjach:<br \/>\n&#8211; 6,5mm Creedmoor<br \/>\n&#8211; 8x57IS<br \/>\n&#8211; 30-06 Spring.<br \/>\n&#8211; 308 Win.<br \/>\n&#8211; 223 Rem.<br \/>\n&#8211; 300 WM<br \/>\n&#8211; 7,62&#215;39<\/p>\n<p><strong>Cena 5 700 z\u0142<\/strong> <\/p>\n<p><em>Bro\u0144 palna, amunicja i istotne elementy broni nie s\u0105 sprzedawane on-line. Mo\u017cna je naby\u0107 osobi\u015bcie w naszym sklepie. Warunkiem nabycia broni jest przed\u0142o\u017cenie aktualnego za\u015bwiadczenia (promesy) uprawniaj\u0105cej do zakupu broni oraz dowodu osobistego. Niniejsz\u0105 ofert\u0119 zamieszczamy w celu pogl\u0105dowym. Przed zakupem broni prosimy o kontakt telefoniczny.<\/em><\/p>\n","protected":false},"excerpt":{"rendered":"<p>CZ 600 Ergo Ten model premium z luf\u0105 o lekkim profilu jest wyposa\u017cony w specjalnie zaprojektowan\u0105 osad\u0119 z polimeru wzmocnionego w\u0142\u00f3knem szklanym o wyrafinowanej ergonomii, kt\u00f3ra<span class=\"excerpt-hellip\"> [\u2026]<\/span><\/p>\n","protected":false},"featured_media":2962,"comment_status":"closed","ping_status":"closed","template":"","meta":[],"product_cat":[43,50],"product_tag":[],"class_list":{"0":"post-2961","1":"product","2":"type-product","3":"status-publish","4":"has-post-thumbnail","6":"product_cat-bron-dluga","7":"product_cat-cz-2","9":"first","10":"instock","11":"shipping-taxable","12":"product-type-simple"},"_links":{"self":[{"href":"https:\/\/www.strzelnica-magnum.pl\/en\/wp-json\/wp\/v2\/product\/2961","targetHints":{"allow":["GET"]}}],"collection":[{"href":"https:\/\/www.strzelnica-magnum.pl\/en\/wp-json\/wp\/v2\/product"}],"about":[{"href":"https:\/\/www.strzelnica-magnum.pl\/en\/wp-json\/wp\/v2\/types\/product"}],"replies":[{"embeddable":true,"href":"https:\/\/www.strzelnica-magnum.pl\/en\/wp-json\/wp\/v2\/comments?post=2961"}],"wp:featuredmedia":[{"embeddable":true,"href":"https:\/\/www.strzelnica-magnum.pl\/en\/wp-json\/wp\/v2\/media\/2962"}],"wp:attachment":[{"href":"https:\/\/www.strzelnica-magnum.pl\/en\/wp-json\/wp\/v2\/media?parent=2961"}],"wp:term":[{"taxonomy":"product_cat","embeddable":true,"href":"https:\/\/www.strzelnica-magnum.pl\/en\/wp-json\/wp\/v2\/product_cat?post=2961"},{"taxonomy":"product_tag","embeddable":true,"href":"https:\/\/www.strzelnica-magnum.pl\/en\/wp-json\/wp\/v2\/product_tag?post=2961"}],"curies":[{"name":"wp","href":"https:\/\/api.w.org\/{rel}","templated":true}]}}