{"id":2958,"date":"2025-06-25T11:56:18","date_gmt":"2025-06-25T11:56:18","guid":{"rendered":"https:\/\/www.strzelnica-magnum.pl\/?post_type=product&#038;p=2958"},"modified":"2025-06-25T11:56:18","modified_gmt":"2025-06-25T11:56:18","slug":"cz-600-range","status":"publish","type":"product","link":"https:\/\/www.strzelnica-magnum.pl\/en\/uzbrojenie\/bron-dluga\/cz-600-range\/","title":{"rendered":"CZ 600 Range"},"content":{"rendered":"<p><strong>CZ 600 Range<\/strong> to wszechstronny karabin tarczowy i my\u015bliwski, przeznaczony do bardzo precyzyjnego strzelania na \u015brednich i d\u0142ugich dystansach. Model ten posiada gwarantowan\u0105, fabrycznie testowan\u0105 celno\u015b\u0107 poni\u017cej 0,75 MOA na 100 metrach (dla pi\u0119ciostrza\u0142owych grup przy u\u017cyciu fabrycznej amunicji wyczynowej). Ci\u0119\u017cka, kuta na zimno lufa produkcji CZ zapewnia spe\u0142nienie wymog\u00f3w celno\u015bci i jest zako\u0144czona znormalizowanym gwintem, co u\u0142atwia monta\u017c akcesori\u00f3w.<\/p>\n<p>Osada z litego drewna laminowanego przyczynia si\u0119 do komfortu i precyzji strza\u0142u, a jej kolba zapewnia stabilno\u015b\u0107 i niezawodno\u015b\u0107 podczas strzelania z podparciem. Beznarz\u0119dziowo regulowana baka policzkowa (grzebie\u0144) pozwala na idealne dopasowanie osady do potrzeb ka\u017cdego strzelca. Szyna pod stopk\u0105 kolby umo\u017cliwia \u0142atwe przymocowanie monopodu w celu stabilnej regulacji wysoko\u015bci. Chwyt pistoletowy jest przeznaczony dla strzelc\u00f3w prawor\u0119cznych i zapewnia wygodne oparcie dla kciuka i d\u0142oni podczas d\u0142ugotrwa\u0142ych sesji na strzelnicy. Osada jest wyposa\u017cona w gniazda QD po obu stronach do monta\u017cu b\u0105czk\u00f3w do pasa no\u015bnego z systemem szybkiego wypinania.<\/p>\n<p>Model ten posiada azotowan\u0105, stalow\u0105 komor\u0119 zamkow\u0105, nawiercon\u0105 i gwintowan\u0105 w celu umo\u017cliwienia monta\u017cu baz i monta\u017cy w stylu Remington 700. Aluminiowa kulka r\u0105czki zamka jest dopasowana kolorystycznie do osady.<\/p>\n<p>Dost\u0119pny w wersjach:<br \/>\n&#8211; 223 Rem.<br \/>\n&#8211; 308 Win.<br \/>\n&#8211; 6mm Creedmoor<br \/>\n&#8211; 6,5mm Creedmoor<\/p>\n<p><strong>Cena 6 500 z\u0142<\/strong> <\/p>\n<p><em>Bro\u0144 palna, amunicja i istotne elementy broni nie s\u0105 sprzedawane on-line. Mo\u017cna je naby\u0107 osobi\u015bcie w naszym sklepie. Warunkiem nabycia broni jest przed\u0142o\u017cenie aktualnego za\u015bwiadczenia (promesy) uprawniaj\u0105cej do zakupu broni oraz dowodu osobistego. Niniejsz\u0105 ofert\u0119 zamieszczamy w celu pogl\u0105dowym. Przed zakupem broni prosimy o kontakt telefoniczny.<\/em><\/p>\n","protected":false},"excerpt":{"rendered":"<p>CZ 600 Range to wszechstronny karabin tarczowy i my\u015bliwski, przeznaczony do bardzo precyzyjnego strzelania na \u015brednich i d\u0142ugich dystansach. Model ten posiada gwarantowan\u0105, fabrycznie testowan\u0105 celno\u015b\u0107<span class=\"excerpt-hellip\"> [\u2026]<\/span><\/p>\n","protected":false},"featured_media":2959,"comment_status":"closed","ping_status":"closed","template":"","meta":[],"product_cat":[43,50],"product_tag":[],"class_list":{"0":"post-2958","1":"product","2":"type-product","3":"status-publish","4":"has-post-thumbnail","6":"product_cat-bron-dluga","7":"product_cat-cz-2","9":"first","10":"instock","11":"shipping-taxable","12":"product-type-simple"},"_links":{"self":[{"href":"https:\/\/www.strzelnica-magnum.pl\/en\/wp-json\/wp\/v2\/product\/2958","targetHints":{"allow":["GET"]}}],"collection":[{"href":"https:\/\/www.strzelnica-magnum.pl\/en\/wp-json\/wp\/v2\/product"}],"about":[{"href":"https:\/\/www.strzelnica-magnum.pl\/en\/wp-json\/wp\/v2\/types\/product"}],"replies":[{"embeddable":true,"href":"https:\/\/www.strzelnica-magnum.pl\/en\/wp-json\/wp\/v2\/comments?post=2958"}],"wp:featuredmedia":[{"embeddable":true,"href":"https:\/\/www.strzelnica-magnum.pl\/en\/wp-json\/wp\/v2\/media\/2959"}],"wp:attachment":[{"href":"https:\/\/www.strzelnica-magnum.pl\/en\/wp-json\/wp\/v2\/media?parent=2958"}],"wp:term":[{"taxonomy":"product_cat","embeddable":true,"href":"https:\/\/www.strzelnica-magnum.pl\/en\/wp-json\/wp\/v2\/product_cat?post=2958"},{"taxonomy":"product_tag","embeddable":true,"href":"https:\/\/www.strzelnica-magnum.pl\/en\/wp-json\/wp\/v2\/product_tag?post=2958"}],"curies":[{"name":"wp","href":"https:\/\/api.w.org\/{rel}","templated":true}]}}