{"id":2955,"date":"2025-06-25T11:51:05","date_gmt":"2025-06-25T11:51:05","guid":{"rendered":"https:\/\/www.strzelnica-magnum.pl\/?post_type=product&#038;p=2955"},"modified":"2025-06-25T11:51:05","modified_gmt":"2025-06-25T11:51:05","slug":"cz-600-trail","status":"publish","type":"product","link":"https:\/\/www.strzelnica-magnum.pl\/en\/uzbrojenie\/bron-dluga\/cz-600-trail\/","title":{"rendered":"CZ 600 Trail"},"content":{"rendered":"<p><strong>CZ 600 Trail<\/strong> to najnowsza wersja klasycznego sztucera my\u015bliwskiego firmy CZ. Posiada osad\u0119 w tradycyjnym, europejskim stylu, wykonan\u0105 z selekcjonowanego drewna orzechowego. Ozdobne cz\u00f3\u0142enko wykonano z ciemnobr\u0105zowego drewna laminowanego. Kratka w stylu rybiej \u0142uski na chwytach gwarantuje komfortow\u0105 i pewn\u0105 obs\u0142ug\u0119. Z drewna orzechowego wykonano r\u00f3wnie\u017c kulk\u0119 r\u0105czki zamka. Model ten dost\u0119pny jest w pi\u0119ciu najpopularniejszych kalibrach my\u015bliwskich \u2013 od 223 Rem. do 300 Win. Mag. Kuta na zimno lufa posiada gwint na wylocie (w zestawie nakr\u0119tka ochronna) oraz mechaniczne przyrz\u0105dy celownicze ze \u015bwiat\u0142owodow\u0105 muszk\u0105 i szczerbink\u0105. Optyk\u0119 mo\u017cna zamontowa\u0107 na azotowanej, stalowej komorze zamkowej za pomoc\u0105 baz i pier\u015bcieni monta\u017cowych typu Remington 700.<\/p>\n<p>Dost\u0119pny w wersjach:<br \/>\n&#8211; 223 Rem.<br \/>\n&#8211; 7,62&#215;39<br \/>\n&#8211; 300 BLK<\/p>\n<p><strong>Cena 5 700 z\u0142<\/strong> <\/p>\n<p><em>Bro\u0144 palna, amunicja i istotne elementy broni nie s\u0105 sprzedawane on-line. Mo\u017cna je naby\u0107 osobi\u015bcie w naszym sklepie. Warunkiem nabycia broni jest przed\u0142o\u017cenie aktualnego za\u015bwiadczenia (promesy) uprawniaj\u0105cej do zakupu broni oraz dowodu osobistego. Niniejsz\u0105 ofert\u0119 zamieszczamy w celu pogl\u0105dowym. Przed zakupem broni prosimy o kontakt telefoniczny.<\/em><\/p>\n","protected":false},"excerpt":{"rendered":"<p>CZ 600 Trail to najnowsza wersja klasycznego sztucera my\u015bliwskiego firmy CZ. Posiada osad\u0119 w tradycyjnym, europejskim stylu, wykonan\u0105 z selekcjonowanego drewna orzechowego. Ozdobne cz\u00f3\u0142enko wykonano z<span class=\"excerpt-hellip\"> [\u2026]<\/span><\/p>\n","protected":false},"featured_media":2956,"comment_status":"closed","ping_status":"closed","template":"","meta":[],"product_cat":[43,50],"product_tag":[],"class_list":{"0":"post-2955","1":"product","2":"type-product","3":"status-publish","4":"has-post-thumbnail","6":"product_cat-bron-dluga","7":"product_cat-cz-2","9":"first","10":"instock","11":"shipping-taxable","12":"product-type-simple"},"_links":{"self":[{"href":"https:\/\/www.strzelnica-magnum.pl\/en\/wp-json\/wp\/v2\/product\/2955","targetHints":{"allow":["GET"]}}],"collection":[{"href":"https:\/\/www.strzelnica-magnum.pl\/en\/wp-json\/wp\/v2\/product"}],"about":[{"href":"https:\/\/www.strzelnica-magnum.pl\/en\/wp-json\/wp\/v2\/types\/product"}],"replies":[{"embeddable":true,"href":"https:\/\/www.strzelnica-magnum.pl\/en\/wp-json\/wp\/v2\/comments?post=2955"}],"wp:featuredmedia":[{"embeddable":true,"href":"https:\/\/www.strzelnica-magnum.pl\/en\/wp-json\/wp\/v2\/media\/2956"}],"wp:attachment":[{"href":"https:\/\/www.strzelnica-magnum.pl\/en\/wp-json\/wp\/v2\/media?parent=2955"}],"wp:term":[{"taxonomy":"product_cat","embeddable":true,"href":"https:\/\/www.strzelnica-magnum.pl\/en\/wp-json\/wp\/v2\/product_cat?post=2955"},{"taxonomy":"product_tag","embeddable":true,"href":"https:\/\/www.strzelnica-magnum.pl\/en\/wp-json\/wp\/v2\/product_tag?post=2955"}],"curies":[{"name":"wp","href":"https:\/\/api.w.org\/{rel}","templated":true}]}}