{"id":2949,"date":"2025-06-25T11:43:46","date_gmt":"2025-06-25T11:43:46","guid":{"rendered":"https:\/\/www.strzelnica-magnum.pl\/?post_type=product&#038;p=2949"},"modified":"2025-06-25T11:43:46","modified_gmt":"2025-06-25T11:43:46","slug":"cz-600-alpha","status":"publish","type":"product","link":"https:\/\/www.strzelnica-magnum.pl\/en\/uzbrojenie\/bron-dluga\/cz-600-alpha\/","title":{"rendered":"CZ 600 Alpha"},"content":{"rendered":"<p><strong>CZ 600 Alpha<\/strong> <\/p>\n<p>Polimerowa osada CZ 600 ALPHA, wzmocniona w\u0142\u00f3knem szklanym, posiada symetryczn\u0105 konstrukcj\u0119 z mi\u0119kkimi w dotyku plastikowymi wstawkami na chwycie pistoletowym, cz\u00f3\u0142enku i stopce. Model CZ 600 ALPHA dost\u0119pny jest w dziewi\u0119ciu najpopularniejszych kalibrach, od 223 Rem. do pot\u0119\u017cnego 300 Win Mag. Jego p\u00f3\u0142ci\u0119\u017cka lufa jest zako\u0144czona gwintem z nakr\u0119tk\u0105 ochronn\u0105. D\u0142ugo\u015bci luf s\u0105 zoptymalizowane dla ka\u017cdego kalibru. Optyk\u0119 mo\u017cna \u0142atwo zamontowa\u0107 na zintegrowanej szynie Weaver na wytrzyma\u0142ej, aluminiowej komorze zamkowej. Model CZ 600 ALPHA jest fabrycznie testowany i gwarantuje skupienie poni\u017cej MOA na 100 metrach (grupy trzystrza\u0142owe przy u\u017cyciu fabrycznej amunicji wyczynowej). \u0141atwa konserwacja sprawia, \u017ce model ten jest szczeg\u00f3lnie dobrze przystosowany dla tych, kt\u00f3rzy u\u017cywaj\u0105 swojego karabinu na co dzie\u0144 i g\u0142\u0119boko ceni\u0105 sobie trwa\u0142o\u015b\u0107 i niezawodno\u015b\u0107, niezale\u017cnie od niesprzyjaj\u0105cej pogody.<\/p>\n<p>Dost\u0119pny w wersjach:<br \/>\n&#8211; 223 Rem.<br \/>\n&#8211; 243 Win.<br \/>\n&#8211; 270 Win.<br \/>\n&#8211; 30-06 Spring.<br \/>\n&#8211; 300 Win. Mag.<br \/>\n&#8211; 300 Win.<br \/>\n&#8211; 6 mm Creedmoor<br \/>\n&#8211; 6,5 Creedmoor<br \/>\n&#8211; 6,5 PRC<br \/>\n&#8211; 7,62&#215;39<br \/>\n&#8211; 8x57IS<\/p>\n<p><strong>Cena 5 100 z\u0142<\/strong> <\/p>\n<p><em>Bro\u0144 palna, amunicja i istotne elementy broni nie s\u0105 sprzedawane on-line. Mo\u017cna je naby\u0107 osobi\u015bcie w naszym sklepie. Warunkiem nabycia broni jest przed\u0142o\u017cenie aktualnego za\u015bwiadczenia (promesy) uprawniaj\u0105cej do zakupu broni oraz dowodu osobistego. Niniejsz\u0105 ofert\u0119 zamieszczamy w celu pogl\u0105dowym. Przed zakupem broni prosimy o kontakt telefoniczny.<\/em><\/p>\n","protected":false},"excerpt":{"rendered":"<p>CZ 600 Alpha Polimerowa osada CZ 600 ALPHA, wzmocniona w\u0142\u00f3knem szklanym, posiada symetryczn\u0105 konstrukcj\u0119 z mi\u0119kkimi w dotyku plastikowymi wstawkami na chwycie pistoletowym, cz\u00f3\u0142enku i stopce.<span class=\"excerpt-hellip\"> [\u2026]<\/span><\/p>\n","protected":false},"featured_media":2950,"comment_status":"closed","ping_status":"closed","template":"","meta":[],"product_cat":[43,50],"product_tag":[],"class_list":{"0":"post-2949","1":"product","2":"type-product","3":"status-publish","4":"has-post-thumbnail","6":"product_cat-bron-dluga","7":"product_cat-cz-2","9":"first","10":"instock","11":"shipping-taxable","12":"product-type-simple"},"_links":{"self":[{"href":"https:\/\/www.strzelnica-magnum.pl\/en\/wp-json\/wp\/v2\/product\/2949","targetHints":{"allow":["GET"]}}],"collection":[{"href":"https:\/\/www.strzelnica-magnum.pl\/en\/wp-json\/wp\/v2\/product"}],"about":[{"href":"https:\/\/www.strzelnica-magnum.pl\/en\/wp-json\/wp\/v2\/types\/product"}],"replies":[{"embeddable":true,"href":"https:\/\/www.strzelnica-magnum.pl\/en\/wp-json\/wp\/v2\/comments?post=2949"}],"wp:featuredmedia":[{"embeddable":true,"href":"https:\/\/www.strzelnica-magnum.pl\/en\/wp-json\/wp\/v2\/media\/2950"}],"wp:attachment":[{"href":"https:\/\/www.strzelnica-magnum.pl\/en\/wp-json\/wp\/v2\/media?parent=2949"}],"wp:term":[{"taxonomy":"product_cat","embeddable":true,"href":"https:\/\/www.strzelnica-magnum.pl\/en\/wp-json\/wp\/v2\/product_cat?post=2949"},{"taxonomy":"product_tag","embeddable":true,"href":"https:\/\/www.strzelnica-magnum.pl\/en\/wp-json\/wp\/v2\/product_tag?post=2949"}],"curies":[{"name":"wp","href":"https:\/\/api.w.org\/{rel}","templated":true}]}}