{"id":2930,"date":"2025-06-24T14:46:37","date_gmt":"2025-06-24T14:46:37","guid":{"rendered":"https:\/\/www.strzelnica-magnum.pl\/?post_type=product&#038;p=2930"},"modified":"2025-06-24T14:46:37","modified_gmt":"2025-06-24T14:46:37","slug":"sig-sauer-m400-sdi-x-fde","status":"publish","type":"product","link":"https:\/\/www.strzelnica-magnum.pl\/en\/uzbrojenie\/bron-dluga\/sig-sauer-m400-sdi-x-fde\/","title":{"rendered":"Sig Sauer M400-SDI X FDE"},"content":{"rendered":"<p><strong>M400-SDI X<\/strong> zosta\u0142 opracowany przy udziale profesjonalnych instruktor\u00f3w z Akademii SIG SAUER. Bazuj\u0105c na ich wieloletnim do\u015bwiadczeniu i niezliczonych godzinach szkoleniowych, opracowali\u015bmy M400-SDI X tak, aby spe\u0142nia\u0142 najwy\u017csze standardy wydajno\u015bci i niezawodno\u015bci.<\/p>\n<p>Dzi\u0119ki w pe\u0142ni obustronnym manipulatorom, w tym unikalnemu dla komory spustowej (lower-receiver) M400-SDI zatrzaskowi\/zwalniaczowi zamka, M400-SDI X zapewnia zaawansowane osi\u0105gi zar\u00f3wno dla strzelc\u00f3w prawo-, jak i lewor\u0119cznych, a tak\u017ce sprawia, \u017ce strzelanie z przej\u015bciami jest \u0142atwiejsze ni\u017c kiedykolwiek. Samono\u015bne \u0142o\u017ce (handguard) wykorzystuje now\u0105, stalow\u0105 konstrukcj\u0119 mocowania, kt\u00f3ra znacznie redukuje jego ugi\u0119cie, zapewniaj\u0105c maksymaln\u0105 sztywno\u015b\u0107 i umo\u017cliwiaj\u0105c monta\u017c akcesori\u00f3w z czterech stron bez wp\u0142ywu na celno\u015b\u0107.<\/p>\n<p>Dwustopniowy spust Matchlite Duo fabrycznie oferuje wyra\u017anie wyczuwalny op\u00f3r w zakresie 4,5 &#8211; 6,5 funta (ok. 2 &#8211; 2,9 kg) oraz posiada p\u0142aski j\u0119zyk spustowy dla zapewnienia precyzyjnego wyczucia. W modelu M400-SDI X zastosowano najwy\u017cszej jako\u015bci pow\u0142oki ochronne, aby zapewni\u0107 maksymaln\u0105 trwa\u0142o\u015b\u0107 i niezawodno\u015b\u0107.<\/p>\n<p><strong>Cena 13 100 z\u0142<\/strong> <\/p>\n<p><em>Bro\u0144 palna, amunicja i istotne elementy broni nie s\u0105 sprzedawane on-line. Mo\u017cna je naby\u0107 osobi\u015bcie w naszym sklepie. Warunkiem nabycia broni jest przed\u0142o\u017cenie aktualnego za\u015bwiadczenia (promesy) uprawniaj\u0105cej do zakupu broni oraz dowodu osobistego. Niniejsz\u0105 ofert\u0119 zamieszczamy w celu pogl\u0105dowym. Przed zakupem broni prosimy o kontakt telefoniczny.<\/em><\/p>\n","protected":false},"excerpt":{"rendered":"<p>M400-SDI X zosta\u0142 opracowany przy udziale profesjonalnych instruktor\u00f3w z Akademii SIG SAUER. Bazuj\u0105c na ich wieloletnim do\u015bwiadczeniu i niezliczonych godzinach szkoleniowych, opracowali\u015bmy M400-SDI X tak, aby<span class=\"excerpt-hellip\"> [\u2026]<\/span><\/p>\n","protected":false},"featured_media":2931,"comment_status":"closed","ping_status":"closed","template":"","meta":[],"product_cat":[43,153],"product_tag":[],"class_list":{"0":"post-2930","1":"product","2":"type-product","3":"status-publish","4":"has-post-thumbnail","6":"product_cat-bron-dluga","7":"product_cat-sig-sauer-2","9":"first","10":"instock","11":"shipping-taxable","12":"product-type-simple"},"_links":{"self":[{"href":"https:\/\/www.strzelnica-magnum.pl\/en\/wp-json\/wp\/v2\/product\/2930","targetHints":{"allow":["GET"]}}],"collection":[{"href":"https:\/\/www.strzelnica-magnum.pl\/en\/wp-json\/wp\/v2\/product"}],"about":[{"href":"https:\/\/www.strzelnica-magnum.pl\/en\/wp-json\/wp\/v2\/types\/product"}],"replies":[{"embeddable":true,"href":"https:\/\/www.strzelnica-magnum.pl\/en\/wp-json\/wp\/v2\/comments?post=2930"}],"wp:featuredmedia":[{"embeddable":true,"href":"https:\/\/www.strzelnica-magnum.pl\/en\/wp-json\/wp\/v2\/media\/2931"}],"wp:attachment":[{"href":"https:\/\/www.strzelnica-magnum.pl\/en\/wp-json\/wp\/v2\/media?parent=2930"}],"wp:term":[{"taxonomy":"product_cat","embeddable":true,"href":"https:\/\/www.strzelnica-magnum.pl\/en\/wp-json\/wp\/v2\/product_cat?post=2930"},{"taxonomy":"product_tag","embeddable":true,"href":"https:\/\/www.strzelnica-magnum.pl\/en\/wp-json\/wp\/v2\/product_tag?post=2930"}],"curies":[{"name":"wp","href":"https:\/\/api.w.org\/{rel}","templated":true}]}}